{"id":9463,"date":"2023-11-22T22:27:51","date_gmt":"2023-11-22T22:27:51","guid":{"rendered":"https:\/\/proonesport.com\/?post_type=product&#038;p=9463"},"modified":"2025-05-23T15:18:11","modified_gmt":"2025-05-23T15:18:11","slug":"pro-one-polo-verdadero-amor-guinda","status":"publish","type":"product","link":"https:\/\/proonesport.com\/es\/product\/pro-one-polo-verdadero-amor-guinda\/","title":{"rendered":"Polo Verdadero Amor Guinda"},"content":{"rendered":"<div data-elementor-type=\"product-post\" data-elementor-id=\"9463\" class=\"elementor elementor-9463\">\n\t\t\t\t\t\t\t\t\t<section class=\"elementor-section elementor-top-section elementor-element elementor-element-7bf4bae elementor-section-boxed elementor-section-height-default elementor-section-height-default\" data-id=\"7bf4bae\" data-element_type=\"section\">\n\t\t\t\t\t\t<div class=\"elementor-container elementor-column-gap-default\">\n\t\t\t\t\t<div class=\"elementor-column elementor-col-50 elementor-top-column elementor-element elementor-element-4451f50\" data-id=\"4451f50\" data-element_type=\"column\">\n\t\t\t<div class=\"elementor-widget-wrap elementor-element-populated\">\n\t\t\t\t\t\t\t\t<div class=\"elementor-element elementor-element-08d132e yes elementor-widget elementor-widget-woocommerce-product-images\" data-id=\"08d132e\" data-element_type=\"widget\" data-widget_type=\"woocommerce-product-images.default\">\n\t\t\t\t<div class=\"elementor-widget-container\">\n\t\t\t<link rel=\"stylesheet\" href=\"https:\/\/proonesport.com\/wp-content\/plugins\/elementor-pro\/assets\/css\/widget-woocommerce.min.css\"><div class=\"woocommerce-product-gallery woocommerce-product-gallery--with-images woocommerce-product-gallery--columns-4 images\" data-columns=\"4\" style=\"opacity: 0; transition: opacity .25s ease-in-out;\">\n\t<figure class=\"woocommerce-product-gallery__wrapper\">\n\t\t<div data-thumb=\"https:\/\/proonesport.com\/wp-content\/uploads\/2023\/11\/polo-lifestyle-pro-one-verdadero-amor-guinda-rosado-blanco-100x100.png\" data-thumb-alt=\"\" class=\"woocommerce-product-gallery__image\"><a href=\"https:\/\/proonesport.com\/wp-content\/uploads\/2023\/11\/polo-lifestyle-pro-one-verdadero-amor-guinda-rosado-blanco.png\"><img width=\"600\" height=\"778\" src=\"https:\/\/proonesport.com\/wp-content\/uploads\/2023\/11\/polo-lifestyle-pro-one-verdadero-amor-guinda-rosado-blanco-600x778.png\" class=\"wp-post-image\" alt=\"\" decoding=\"async\" loading=\"lazy\" title=\"polo-lifestyle-pro-one-verdadero-amor-guinda-rosado-blanco\" data-caption=\"\" data-src=\"https:\/\/proonesport.com\/wp-content\/uploads\/2023\/11\/polo-lifestyle-pro-one-verdadero-amor-guinda-rosado-blanco.png\" data-large_image=\"https:\/\/proonesport.com\/wp-content\/uploads\/2023\/11\/polo-lifestyle-pro-one-verdadero-amor-guinda-rosado-blanco.png\" data-large_image_width=\"771\" data-large_image_height=\"1000\" srcset=\"https:\/\/proonesport.com\/wp-content\/uploads\/2023\/11\/polo-lifestyle-pro-one-verdadero-amor-guinda-rosado-blanco-600x778.png 600w, https:\/\/proonesport.com\/wp-content\/uploads\/2023\/11\/polo-lifestyle-pro-one-verdadero-amor-guinda-rosado-blanco-231x300.png 231w, https:\/\/proonesport.com\/wp-content\/uploads\/2023\/11\/polo-lifestyle-pro-one-verdadero-amor-guinda-rosado-blanco-768x996.png 768w, https:\/\/proonesport.com\/wp-content\/uploads\/2023\/11\/polo-lifestyle-pro-one-verdadero-amor-guinda-rosado-blanco-9x12.png 9w, https:\/\/proonesport.com\/wp-content\/uploads\/2023\/11\/polo-lifestyle-pro-one-verdadero-amor-guinda-rosado-blanco-300x389.png 300w, https:\/\/proonesport.com\/wp-content\/uploads\/2023\/11\/polo-lifestyle-pro-one-verdadero-amor-guinda-rosado-blanco.png 771w\" sizes=\"(max-width: 600px) 100vw, 600px\" \/><\/a><\/div>\t<\/figure>\n<\/div>\n\t\t<\/div>\n\t\t\t\t<\/div>\n\t\t\t\t\t<\/div>\n\t\t<\/div>\n\t\t\t\t<div class=\"elementor-column elementor-col-50 elementor-top-column elementor-element elementor-element-81b0261\" data-id=\"81b0261\" data-element_type=\"column\">\n\t\t\t<div class=\"elementor-widget-wrap elementor-element-populated\">\n\t\t\t\t\t\t\t\t<div class=\"elementor-element elementor-element-22873e1 elementor-widget elementor-widget-woocommerce-product-title elementor-page-title elementor-widget-heading\" data-id=\"22873e1\" data-element_type=\"widget\" data-widget_type=\"woocommerce-product-title.default\">\n\t\t\t\t<div class=\"elementor-widget-container\">\n\t\t\t<style>\/*! elementor - v3.13.2 - 11-05-2023 *\/\n.elementor-heading-title{padding:0;margin:0;line-height:1}.elementor-widget-heading .elementor-heading-title[class*=elementor-size-]>a{color:inherit;font-size:inherit;line-height:inherit}.elementor-widget-heading .elementor-heading-title.elementor-size-small{font-size:15px}.elementor-widget-heading .elementor-heading-title.elementor-size-medium{font-size:19px}.elementor-widget-heading .elementor-heading-title.elementor-size-large{font-size:29px}.elementor-widget-heading .elementor-heading-title.elementor-size-xl{font-size:39px}.elementor-widget-heading .elementor-heading-title.elementor-size-xxl{font-size:59px}<\/style><h1 class=\"product_title entry-title elementor-heading-title elementor-size-default\">Polo Verdadero Amor Guinda<\/h1>\t\t<\/div>\n\t\t\t\t<\/div>\n\t\t\t\t<div class=\"elementor-element elementor-element-439d0f4 elementor-widget elementor-widget-heading\" data-id=\"439d0f4\" data-element_type=\"widget\" data-widget_type=\"heading.default\">\n\t\t\t\t<div class=\"elementor-widget-container\">\n\t\t\t<h2 class=\"elementor-heading-title elementor-size-default\">OUTFIT\/PRO-ONE<\/h2>\t\t<\/div>\n\t\t\t\t<\/div>\n\t\t\t\t<div class=\"elementor-element elementor-element-9690a40 elementor-tabs-view-horizontal elementor-widget elementor-widget-tabs\" data-id=\"9690a40\" data-element_type=\"widget\" data-widget_type=\"tabs.default\">\n\t\t\t\t<div class=\"elementor-widget-container\">\n\t\t\t<style>.elementor-widget-tabs.elementor-tabs-view-vertical .elementor-tabs-wrapper{width:25%;flex-shrink:0}.elementor-widget-tabs.elementor-tabs-view-vertical .elementor-tab-desktop-title.elementor-active{border-right-style:none}.elementor-widget-tabs.elementor-tabs-view-vertical .elementor-tab-desktop-title.elementor-active:after,.elementor-widget-tabs.elementor-tabs-view-vertical .elementor-tab-desktop-title.elementor-active:before{height:999em;width:0;right:0;border-right-style:solid}.elementor-widget-tabs.elementor-tabs-view-vertical .elementor-tab-desktop-title.elementor-active:before{top:0;transform:translateY(-100%)}.elementor-widget-tabs.elementor-tabs-view-vertical .elementor-tab-desktop-title.elementor-active:after{top:100%}.elementor-widget-tabs.elementor-tabs-view-horizontal .elementor-tab-desktop-title{display:table-cell}.elementor-widget-tabs.elementor-tabs-view-horizontal .elementor-tab-desktop-title.elementor-active{border-bottom-style:none}.elementor-widget-tabs.elementor-tabs-view-horizontal .elementor-tab-desktop-title.elementor-active:after,.elementor-widget-tabs.elementor-tabs-view-horizontal .elementor-tab-desktop-title.elementor-active:before{bottom:0;height:0;width:999em;border-bottom-style:solid}.elementor-widget-tabs.elementor-tabs-view-horizontal .elementor-tab-desktop-title.elementor-active:before{right:100%}.elementor-widget-tabs.elementor-tabs-view-horizontal .elementor-tab-desktop-title.elementor-active:after{left:100%}.elementor-widget-tabs .elementor-tab-content,.elementor-widget-tabs .elementor-tab-title,.elementor-widget-tabs .elementor-tab-title:after,.elementor-widget-tabs .elementor-tab-title:before,.elementor-widget-tabs .elementor-tabs-content-wrapper{border:1px #d5d8dc}.elementor-widget-tabs .elementor-tabs{text-align:left}.elementor-widget-tabs .elementor-tabs-wrapper{overflow:hidden}.elementor-widget-tabs .elementor-tab-title{cursor:pointer;outline:var(--focus-outline,none)}.elementor-widget-tabs .elementor-tab-desktop-title{position:relative;padding:20px 25px;font-weight:700;line-height:1;border:solid transparent}.elementor-widget-tabs .elementor-tab-desktop-title.elementor-active{border-color:#d5d8dc}.elementor-widget-tabs .elementor-tab-desktop-title.elementor-active:after,.elementor-widget-tabs .elementor-tab-desktop-title.elementor-active:before{display:block;content:\"\";position:absolute}.elementor-widget-tabs .elementor-tab-desktop-title:focus-visible{border:1px solid #000}.elementor-widget-tabs .elementor-tab-mobile-title{padding:10px;cursor:pointer}.elementor-widget-tabs .elementor-tab-content{padding:20px;display:none}@media (max-width:767px){.elementor-tabs .elementor-tab-content,.elementor-tabs .elementor-tab-title{border-style:solid solid none}.elementor-tabs .elementor-tabs-wrapper{display:none}.elementor-tabs .elementor-tabs-content-wrapper{border-bottom-style:solid}.elementor-tabs .elementor-tab-content{padding:10px}}@media (min-width:768px){.elementor-widget-tabs.elementor-tabs-view-vertical .elementor-tabs{display:flex}.elementor-widget-tabs.elementor-tabs-view-vertical .elementor-tabs-wrapper{flex-direction:column}.elementor-widget-tabs.elementor-tabs-view-vertical .elementor-tabs-content-wrapper{flex-grow:1;border-style:solid solid solid none}.elementor-widget-tabs.elementor-tabs-view-horizontal .elementor-tab-content{border-style:none solid solid}.elementor-widget-tabs.elementor-tabs-alignment-center .elementor-tabs-wrapper,.elementor-widget-tabs.elementor-tabs-alignment-end .elementor-tabs-wrapper,.elementor-widget-tabs.elementor-tabs-alignment-stretch .elementor-tabs-wrapper{display:flex}.elementor-widget-tabs.elementor-tabs-alignment-center .elementor-tabs-wrapper{justify-content:center}.elementor-widget-tabs.elementor-tabs-alignment-end .elementor-tabs-wrapper{justify-content:flex-end}.elementor-widget-tabs.elementor-tabs-alignment-stretch.elementor-tabs-view-horizontal .elementor-tab-title{width:100%}.elementor-widget-tabs.elementor-tabs-alignment-stretch.elementor-tabs-view-vertical .elementor-tab-title{height:100%}.elementor-tabs .elementor-tab-mobile-title{display:none}}<\/style>\t\t<div class=\"elementor-tabs\">\n\t\t\t<div class=\"elementor-tabs-wrapper\" role=\"tablist\" >\n\t\t\t\t\t\t\t\t\t<div id=\"elementor-tab-title-1571\" class=\"elementor-tab-title elementor-tab-desktop-title\" aria-selected=\"true\" data-tab=\"1\" role=\"tab\" tabindex=\"0\" aria-controls=\"elementor-tab-content-1571\" aria-expanded=\"false\">Material<\/div>\n\t\t\t\t\t\t\t\t\t<div id=\"elementor-tab-title-1572\" class=\"elementor-tab-title elementor-tab-desktop-title\" aria-selected=\"false\" data-tab=\"2\" role=\"tab\" tabindex=\"-1\" aria-controls=\"elementor-tab-content-1572\" aria-expanded=\"false\">Descripci\u00f3n<\/div>\n\t\t\t\t\t\t\t\t\t<div id=\"elementor-tab-title-1573\" class=\"elementor-tab-title elementor-tab-desktop-title\" aria-selected=\"false\" data-tab=\"3\" role=\"tab\" tabindex=\"-1\" aria-controls=\"elementor-tab-content-1573\" aria-expanded=\"false\">Detalles<\/div>\n\t\t\t\t\t\t\t<\/div>\n\t\t\t<div class=\"elementor-tabs-content-wrapper\" role=\"tablist\" aria-orientation=\"vertical\">\n\t\t\t\t\t\t\t\t\t<div class=\"elementor-tab-title elementor-tab-mobile-title\" aria-selected=\"true\" data-tab=\"1\" role=\"tab\" tabindex=\"0\" aria-controls=\"elementor-tab-content-1571\" aria-expanded=\"false\">Material<\/div>\n\t\t\t\t\t<div id=\"elementor-tab-content-1571\" class=\"elementor-tab-content elementor-clearfix\" data-tab=\"1\" role=\"tabpanel\" aria-labelledby=\"elementor-tab-title-1571\" tabindex=\"0\" hidden=\"false\"><pre><img decoding=\"async\" loading=\"lazy\" class=\"alignnone wp-image-7485\" src=\"http:\/\/proonesport.com\/wp-content\/uploads\/2023\/10\/telas_-300x300.png\" alt=\"\" width=\"30\" height=\"30\" srcset=\"https:\/\/proonesport.com\/wp-content\/uploads\/2023\/10\/telas_-300x300.png 300w, https:\/\/proonesport.com\/wp-content\/uploads\/2023\/10\/telas_-150x150.png 150w, https:\/\/proonesport.com\/wp-content\/uploads\/2023\/10\/telas_-12x12.png 12w, https:\/\/proonesport.com\/wp-content\/uploads\/2023\/10\/telas_-100x100.png 100w, https:\/\/proonesport.com\/wp-content\/uploads\/2023\/10\/telas_-50x50.png 50w, https:\/\/proonesport.com\/wp-content\/uploads\/2023\/10\/telas_.png 302w\" sizes=\"(max-width: 30px) 100vw, 30px\" \/> \u00a0 \u00a0 \u00a0 \u00a0 \u00a0 \u00a0 \u00a0 \u00a0 \u00a0 \u00a0 \u00a0 \u00a0 \u00a0 \u00a0 \u00a0 \u00a0 \u00a0 \u00a0 \u00a0 \u00a0 \u00a0 \u00a0 \u00a0 \u00a0 \u00a0 \u00a0 \u00a0 \u00a0 \u00a0 \u00a0 \u00a0 \u00a0 \u00a0 \u00a0 \u00a0 \u00a0 \u00a0 \u00a0 \u00a0 \u00a0 \u00a0 \u00a0 \u00a0 \u00a0 \u00a0 \u00a0 \u00a0 \u00a0 \u00a0 \u00a0 \u00a0 \u00a0 \u00a0 \u00a0 \u00a0 <br \/><img decoding=\"async\" loading=\"lazy\" class=\"alignnone wp-image-7461\" src=\"http:\/\/proonesport.com\/wp-content\/uploads\/2023\/10\/liviano-300x300.png\" alt=\"\" width=\"30\" height=\"30\" srcset=\"https:\/\/proonesport.com\/wp-content\/uploads\/2023\/10\/liviano-300x300.png 300w, https:\/\/proonesport.com\/wp-content\/uploads\/2023\/10\/liviano-150x150.png 150w, https:\/\/proonesport.com\/wp-content\/uploads\/2023\/10\/liviano-12x12.png 12w, https:\/\/proonesport.com\/wp-content\/uploads\/2023\/10\/liviano-100x100.png 100w, https:\/\/proonesport.com\/wp-content\/uploads\/2023\/10\/liviano-50x50.png 50w, https:\/\/proonesport.com\/wp-content\/uploads\/2023\/10\/liviano.png 302w\" sizes=\"(max-width: 30px) 100vw, 30px\" \/><span style=\"vertical-align: inherit;\"> C\u00f3modo.<\/span> \u00a0 \u00a0 \u00a0 \u00a0 \u00a0 \u00a0 \u00a0 \u00a0 \u00a0 \u00a0 \u00a0 \u00a0 \u00a0 \u00a0 \u00a0 \u00a0 \u00a0 \u00a0 \u00a0 \u00a0 \u00a0 \u00a0 \u00a0 \u00a0 \u00a0 \u00a0 \u00a0 \u00a0 \u00a0 \u00a0 \u00a0 \u00a0 \u00a0 \u00a0 \u00a0 \u00a0 \u00a0 \u00a0 \u00a0 \u00a0 \u00a0 \u00a0 \u00a0 \u00a0 <br \/><img decoding=\"async\" loading=\"lazy\" class=\"alignnone wp-image-7594\" src=\"http:\/\/proonesport.com\/wp-content\/uploads\/2023\/10\/colores-disponibles-300x300.png\" alt=\"\" width=\"30\" height=\"30\" srcset=\"https:\/\/proonesport.com\/wp-content\/uploads\/2023\/10\/colores-disponibles-300x300.png 300w, https:\/\/proonesport.com\/wp-content\/uploads\/2023\/10\/colores-disponibles-150x150.png 150w, https:\/\/proonesport.com\/wp-content\/uploads\/2023\/10\/colores-disponibles-12x12.png 12w, https:\/\/proonesport.com\/wp-content\/uploads\/2023\/10\/colores-disponibles-100x100.png 100w, https:\/\/proonesport.com\/wp-content\/uploads\/2023\/10\/colores-disponibles-50x50.png 50w, https:\/\/proonesport.com\/wp-content\/uploads\/2023\/10\/colores-disponibles.png 302w\" sizes=\"(max-width: 30px) 100vw, 30px\" \/> Guinda\/Blanco\/Rosa.<\/pre><\/div>\n\t\t\t\t\t\t\t\t\t<div class=\"elementor-tab-title elementor-tab-mobile-title\" aria-selected=\"false\" data-tab=\"2\" role=\"tab\" tabindex=\"-1\" aria-controls=\"elementor-tab-content-1572\" aria-expanded=\"false\">Descripci\u00f3n<\/div>\n\t\t\t\t\t<div id=\"elementor-tab-content-1572\" class=\"elementor-tab-content elementor-clearfix\" data-tab=\"2\" role=\"tabpanel\" aria-labelledby=\"elementor-tab-title-1572\" tabindex=\"0\" hidden=\"hidden\"><p>Polo urbano pro-one con un dise\u00f1o estampado que refleja tu pasi\u00f3n por el arco, llevando el esp\u00edritu ganador a donde vayas.<\/p><\/div>\n\t\t\t\t\t\t\t\t\t<div class=\"elementor-tab-title elementor-tab-mobile-title\" aria-selected=\"false\" data-tab=\"3\" role=\"tab\" tabindex=\"-1\" aria-controls=\"elementor-tab-content-1573\" aria-expanded=\"false\">Detalles<\/div>\n\t\t\t\t\t<div id=\"elementor-tab-content-1573\" class=\"elementor-tab-content elementor-clearfix\" data-tab=\"3\" role=\"tabpanel\" aria-labelledby=\"elementor-tab-title-1573\" tabindex=\"0\" hidden=\"hidden\"><p><strong>Protecci\u00f3n:<\/strong> Sin protecci\u00f3n<br \/><strong>Color:<\/strong> Blanco\/Rosa<br \/><strong>Modelo:<\/strong> LIFESTYLE<br \/><strong>Manga:<\/strong> Corta<br \/><strong>Tela:<\/strong><br \/><strong>Cuello:<\/strong> Redondo<\/p><\/div>\n\t\t\t\t\t\t\t<\/div>\n\t\t<\/div>\n\t\t\t\t<\/div>\n\t\t\t\t<\/div>\n\t\t\t\t\t<\/div>\n\t\t<\/div>\n\t\t\t\t\t\t\t<\/div>\n\t\t<\/section>\n\t\t\t\t\t\t\t<\/div>","protected":false},"excerpt":{"rendered":"<p>OUTFIT\/PRO-ONE Material Descripci\u00f3n Detalles Material \u00a0 \u00a0 \u00a0 \u00a0 \u00a0 \u00a0 \u00a0 \u00a0 \u00a0 \u00a0 \u00a0 \u00a0 \u00a0 \u00a0 \u00a0 \u00a0 \u00a0 \u00a0 \u00a0 \u00a0 \u00a0 \u00a0 \u00a0 \u00a0 \u00a0 \u00a0 \u00a0 \u00a0 \u00a0 \u00a0 \u00a0 \u00a0 \u00a0 \u00a0 \u00a0 \u00a0 \u00a0 \u00a0 \u00a0 \u00a0 \u00a0 \u00a0 \u00a0 \u00a0 \u00a0 \u00a0 \u00a0 \u00a0 \u00a0 \u00a0 &hellip;<\/p>\n<p class=\"read-more\"> <a class=\"\" href=\"https:\/\/proonesport.com\/es\/product\/pro-one-polo-verdadero-amor-guinda\/\"> <span class=\"screen-reader-text\">Polo Verdadero Amor Guinda<\/span> Read More &raquo;<\/a><\/p>","protected":false},"featured_media":9285,"template":"elementor_header_footer","meta":{"om_disable_all_campaigns":false,"_monsterinsights_skip_tracking":false,"_monsterinsights_sitenote_active":false,"_monsterinsights_sitenote_note":"","_monsterinsights_sitenote_category":0,"site-sidebar-layout":"no-sidebar","site-content-layout":"page-builder","ast-global-header-display":"","ast-main-header-display":"","ast-hfb-above-header-display":"","ast-hfb-below-header-display":"","ast-hfb-mobile-header-display":"","site-post-title":"disabled","ast-breadcrumbs-content":"","ast-featured-img":"disabled","footer-sml-layout":"","theme-transparent-header-meta":"default","adv-header-id-meta":"","stick-header-meta":"","header-above-stick-meta":"","header-main-stick-meta":"","header-below-stick-meta":""},"product_cat":[356,369],"product_tag":[],"aioseo_notices":[],"_links":{"self":[{"href":"https:\/\/proonesport.com\/es\/wp-json\/wp\/v2\/product\/9463"}],"collection":[{"href":"https:\/\/proonesport.com\/es\/wp-json\/wp\/v2\/product"}],"about":[{"href":"https:\/\/proonesport.com\/es\/wp-json\/wp\/v2\/types\/product"}],"version-history":[{"count":11,"href":"https:\/\/proonesport.com\/es\/wp-json\/wp\/v2\/product\/9463\/revisions"}],"predecessor-version":[{"id":11985,"href":"https:\/\/proonesport.com\/es\/wp-json\/wp\/v2\/product\/9463\/revisions\/11985"}],"wp:featuredmedia":[{"embeddable":true,"href":"https:\/\/proonesport.com\/es\/wp-json\/wp\/v2\/media\/9285"}],"wp:attachment":[{"href":"https:\/\/proonesport.com\/es\/wp-json\/wp\/v2\/media?parent=9463"}],"wp:term":[{"taxonomy":"product_cat","embeddable":true,"href":"https:\/\/proonesport.com\/es\/wp-json\/wp\/v2\/product_cat?post=9463"},{"taxonomy":"product_tag","embeddable":true,"href":"https:\/\/proonesport.com\/es\/wp-json\/wp\/v2\/product_tag?post=9463"}],"curies":[{"name":"wp","href":"https:\/\/api.w.org\/{rel}","templated":true}]}}