{"id":9450,"date":"2023-11-22T22:18:47","date_gmt":"2023-11-22T22:18:47","guid":{"rendered":"https:\/\/proonesport.com\/?post_type=product&#038;p=9450"},"modified":"2025-05-23T15:41:03","modified_gmt":"2025-05-23T15:41:03","slug":"pro-one-polo-verdadero-amor-celeste","status":"publish","type":"product","link":"https:\/\/proonesport.com\/es\/product\/pro-one-polo-verdadero-amor-celeste\/","title":{"rendered":"Polo Verdadero Amor Celeste"},"content":{"rendered":"<div data-elementor-type=\"product-post\" data-elementor-id=\"9450\" class=\"elementor elementor-9450\" data-elementor-post-type=\"product\">\n\t\t\t\t\t\t<section class=\"elementor-section elementor-top-section elementor-element elementor-element-f4e50bf elementor-section-boxed elementor-section-height-default elementor-section-height-default\" data-id=\"f4e50bf\" data-element_type=\"section\" data-e-type=\"section\">\n\t\t\t\t\t\t<div class=\"elementor-container elementor-column-gap-default\">\n\t\t\t\t\t<div class=\"elementor-column elementor-col-50 elementor-top-column elementor-element elementor-element-25e9cce\" data-id=\"25e9cce\" data-element_type=\"column\" data-e-type=\"column\">\n\t\t\t<div class=\"elementor-widget-wrap elementor-element-populated\">\n\t\t\t\t\t\t<div class=\"elementor-element elementor-element-04a4017 yes elementor-widget elementor-widget-woocommerce-product-images\" data-id=\"04a4017\" data-element_type=\"widget\" data-e-type=\"widget\" data-widget_type=\"woocommerce-product-images.default\">\n\t\t\t\t<div class=\"elementor-widget-container\">\n\t\t\t\t\t<div class=\"woocommerce-product-gallery woocommerce-product-gallery--with-images woocommerce-product-gallery--columns-4 images\" data-columns=\"4\" style=\"opacity: 0; transition: opacity .25s ease-in-out;\">\n\t<div class=\"woocommerce-product-gallery__wrapper\">\n\t\t<div data-thumb=\"https:\/\/proonesport.com\/wp-content\/uploads\/2023\/11\/polo-lifestyle-pro-one-verdadero-amor-denim-celeste-rosado-100x100.png\" data-thumb-alt=\"Polo Verdadero Amor Celeste\" data-thumb-srcset=\"https:\/\/proonesport.com\/wp-content\/uploads\/2023\/11\/polo-lifestyle-pro-one-verdadero-amor-denim-celeste-rosado-100x100.png 100w, https:\/\/proonesport.com\/wp-content\/uploads\/2023\/11\/polo-lifestyle-pro-one-verdadero-amor-denim-celeste-rosado-150x150.png 150w, https:\/\/proonesport.com\/wp-content\/uploads\/2023\/11\/polo-lifestyle-pro-one-verdadero-amor-denim-celeste-rosado-50x50.png 50w\"  data-thumb-sizes=\"(max-width: 100px) 100vw, 100px\" class=\"woocommerce-product-gallery__image\"><a href=\"https:\/\/proonesport.com\/wp-content\/uploads\/2023\/11\/polo-lifestyle-pro-one-verdadero-amor-denim-celeste-rosado.png\"><img fetchpriority=\"high\" decoding=\"async\" width=\"600\" height=\"778\" src=\"https:\/\/proonesport.com\/wp-content\/uploads\/2023\/11\/polo-lifestyle-pro-one-verdadero-amor-denim-celeste-rosado-600x778.png\" class=\"wp-post-image\" alt=\"Polo Verdadero Amor Celeste\" data-caption=\"\" data-src=\"https:\/\/proonesport.com\/wp-content\/uploads\/2023\/11\/polo-lifestyle-pro-one-verdadero-amor-denim-celeste-rosado.png\" data-large_image=\"https:\/\/proonesport.com\/wp-content\/uploads\/2023\/11\/polo-lifestyle-pro-one-verdadero-amor-denim-celeste-rosado.png\" data-large_image_width=\"771\" data-large_image_height=\"1000\" srcset=\"https:\/\/proonesport.com\/wp-content\/uploads\/2023\/11\/polo-lifestyle-pro-one-verdadero-amor-denim-celeste-rosado-600x778.png 600w, https:\/\/proonesport.com\/wp-content\/uploads\/2023\/11\/polo-lifestyle-pro-one-verdadero-amor-denim-celeste-rosado-231x300.png 231w, https:\/\/proonesport.com\/wp-content\/uploads\/2023\/11\/polo-lifestyle-pro-one-verdadero-amor-denim-celeste-rosado-768x996.png 768w, https:\/\/proonesport.com\/wp-content\/uploads\/2023\/11\/polo-lifestyle-pro-one-verdadero-amor-denim-celeste-rosado-9x12.png 9w, https:\/\/proonesport.com\/wp-content\/uploads\/2023\/11\/polo-lifestyle-pro-one-verdadero-amor-denim-celeste-rosado-300x389.png 300w, https:\/\/proonesport.com\/wp-content\/uploads\/2023\/11\/polo-lifestyle-pro-one-verdadero-amor-denim-celeste-rosado.png 771w\" sizes=\"(max-width: 600px) 100vw, 600px\" \/><\/a><\/div>\t<\/div>\n<\/div>\n\t\t\t\t<\/div>\n\t\t\t\t<\/div>\n\t\t\t\t\t<\/div>\n\t\t<\/div>\n\t\t\t\t<div class=\"elementor-column elementor-col-50 elementor-top-column elementor-element elementor-element-5326164\" data-id=\"5326164\" data-element_type=\"column\" data-e-type=\"column\">\n\t\t\t<div class=\"elementor-widget-wrap elementor-element-populated\">\n\t\t\t\t\t\t<div class=\"elementor-element elementor-element-3cfb33d elementor-widget elementor-widget-woocommerce-product-title elementor-page-title elementor-widget-heading\" data-id=\"3cfb33d\" data-element_type=\"widget\" data-e-type=\"widget\" data-widget_type=\"woocommerce-product-title.default\">\n\t\t\t\t<div class=\"elementor-widget-container\">\n\t\t\t\t\t<h1 class=\"product_title entry-title elementor-heading-title elementor-size-default\">Polo Verdadero Amor Celeste<\/h1>\t\t\t\t<\/div>\n\t\t\t\t<\/div>\n\t\t\t\t<div class=\"elementor-element elementor-element-40023b7 elementor-widget elementor-widget-heading\" data-id=\"40023b7\" data-element_type=\"widget\" data-e-type=\"widget\" data-widget_type=\"heading.default\">\n\t\t\t\t<div class=\"elementor-widget-container\">\n\t\t\t\t\t<h2 class=\"elementor-heading-title elementor-size-default\">LIFESTYLE\/PRO-ONE<\/h2>\t\t\t\t<\/div>\n\t\t\t\t<\/div>\n\t\t\t\t<div class=\"elementor-element elementor-element-8d7ed3c elementor-tabs-view-horizontal elementor-widget elementor-widget-tabs\" data-id=\"8d7ed3c\" data-element_type=\"widget\" data-e-type=\"widget\" data-widget_type=\"tabs.default\">\n\t\t\t\t<div class=\"elementor-widget-container\">\n\t\t\t\t\t\t\t<div class=\"elementor-tabs\">\n\t\t\t<div class=\"elementor-tabs-wrapper\" role=\"tablist\" >\n\t\t\t\t\t\t\t\t\t<div id=\"elementor-tab-title-1481\" class=\"elementor-tab-title elementor-tab-desktop-title\" aria-selected=\"true\" data-tab=\"1\" role=\"tab\" tabindex=\"0\" aria-controls=\"elementor-tab-content-1481\" aria-expanded=\"false\">Material<\/div>\n\t\t\t\t\t\t\t\t\t<div id=\"elementor-tab-title-1482\" class=\"elementor-tab-title elementor-tab-desktop-title\" aria-selected=\"false\" data-tab=\"2\" role=\"tab\" tabindex=\"-1\" aria-controls=\"elementor-tab-content-1482\" aria-expanded=\"false\">Descripci\u00f3n<\/div>\n\t\t\t\t\t\t\t\t\t<div id=\"elementor-tab-title-1483\" class=\"elementor-tab-title elementor-tab-desktop-title\" aria-selected=\"false\" data-tab=\"3\" role=\"tab\" tabindex=\"-1\" aria-controls=\"elementor-tab-content-1483\" aria-expanded=\"false\">Detalles<\/div>\n\t\t\t\t\t\t\t<\/div>\n\t\t\t<div class=\"elementor-tabs-content-wrapper\" role=\"tablist\" aria-orientation=\"vertical\">\n\t\t\t\t\t\t\t\t\t<div class=\"elementor-tab-title elementor-tab-mobile-title\" aria-selected=\"true\" data-tab=\"1\" role=\"tab\" tabindex=\"0\" aria-controls=\"elementor-tab-content-1481\" aria-expanded=\"false\">Material<\/div>\n\t\t\t\t\t<div id=\"elementor-tab-content-1481\" class=\"elementor-tab-content elementor-clearfix\" data-tab=\"1\" role=\"tabpanel\" aria-labelledby=\"elementor-tab-title-1481\" tabindex=\"0\" hidden=\"false\" data-no-translation=\"\" data-trp-gettext=\"\"><pre><img decoding=\"async\" class=\"alignnone wp-image-7485\" src=\"http:\/\/proonesport.com\/wp-content\/uploads\/2023\/10\/telas_-300x300.png\" alt=\"\" width=\"30\" height=\"30\" srcset=\"https:\/\/proonesport.com\/wp-content\/uploads\/2023\/10\/telas_-300x300.png 300w, https:\/\/proonesport.com\/wp-content\/uploads\/2023\/10\/telas_-150x150.png 150w, https:\/\/proonesport.com\/wp-content\/uploads\/2023\/10\/telas_-12x12.png 12w, https:\/\/proonesport.com\/wp-content\/uploads\/2023\/10\/telas_-100x100.png 100w, https:\/\/proonesport.com\/wp-content\/uploads\/2023\/10\/telas_-50x50.png 50w, https:\/\/proonesport.com\/wp-content\/uploads\/2023\/10\/telas_.png 302w\" sizes=\"(max-width: 30px) 100vw, 30px\" \/>  \u00a0 \u00a0 \u00a0 \u00a0 \u00a0 \u00a0 \u00a0 \u00a0 \u00a0 \u00a0 \u00a0 \u00a0 \u00a0 \u00a0 \u00a0 \u00a0 \u00a0 \u00a0 \u00a0 \u00a0 \u00a0 \u00a0 \u00a0 \u00a0 \u00a0 \u00a0 \u00a0 \u00a0 \u00a0 \u00a0 \u00a0 \u00a0 \u00a0 \u00a0 \u00a0 \u00a0 \u00a0 \u00a0 \u00a0 \u00a0 \u00a0 \u00a0 \u00a0 \u00a0 \u00a0 \u00a0 \u00a0 \u00a0 \u00a0 \u00a0 \u00a0 \u00a0 \u00a0 \u00a0 \u00a0 <br \/><img decoding=\"async\" class=\"alignnone wp-image-7461\" src=\"http:\/\/proonesport.com\/wp-content\/uploads\/2023\/10\/liviano-300x300.png\" alt=\"\" width=\"30\" height=\"30\" srcset=\"https:\/\/proonesport.com\/wp-content\/uploads\/2023\/10\/liviano-300x300.png 300w, https:\/\/proonesport.com\/wp-content\/uploads\/2023\/10\/liviano-150x150.png 150w, https:\/\/proonesport.com\/wp-content\/uploads\/2023\/10\/liviano-12x12.png 12w, https:\/\/proonesport.com\/wp-content\/uploads\/2023\/10\/liviano-100x100.png 100w, https:\/\/proonesport.com\/wp-content\/uploads\/2023\/10\/liviano-50x50.png 50w, https:\/\/proonesport.com\/wp-content\/uploads\/2023\/10\/liviano.png 302w\" sizes=\"(max-width: 30px) 100vw, 30px\" \/><span style=\"vertical-align: inherit;\"><span style=\"vertical-align: inherit;\"><span style=\"vertical-align: inherit;\"><span style=\"vertical-align: inherit;\"> C\u00f3modo<\/span><\/span><\/span><\/span>\u00a0 \u00a0 \u00a0 \u00a0 \u00a0 \u00a0 \u00a0 \u00a0 \u00a0 \u00a0 \u00a0 \u00a0 \u00a0 \u00a0 \u00a0 \u00a0 \u00a0 \u00a0 \u00a0 \u00a0 \u00a0 \u00a0 \u00a0 \u00a0 \u00a0 \u00a0 \u00a0 \u00a0 \u00a0 \u00a0 \u00a0 \u00a0 \u00a0 \u00a0 \u00a0 \u00a0 \u00a0 \u00a0 \u00a0 \u00a0 \u00a0 \u00a0 \u00a0 \u00a0 \u00a0  <br \/><img loading=\"lazy\" decoding=\"async\" class=\"alignnone wp-image-7594\" src=\"http:\/\/proonesport.com\/wp-content\/uploads\/2023\/10\/colores-disponibles-300x300.png\" alt=\"\" width=\"30\" height=\"30\" srcset=\"https:\/\/proonesport.com\/wp-content\/uploads\/2023\/10\/colores-disponibles-300x300.png 300w, https:\/\/proonesport.com\/wp-content\/uploads\/2023\/10\/colores-disponibles-150x150.png 150w, https:\/\/proonesport.com\/wp-content\/uploads\/2023\/10\/colores-disponibles-12x12.png 12w, https:\/\/proonesport.com\/wp-content\/uploads\/2023\/10\/colores-disponibles-100x100.png 100w, https:\/\/proonesport.com\/wp-content\/uploads\/2023\/10\/colores-disponibles-50x50.png 50w, https:\/\/proonesport.com\/wp-content\/uploads\/2023\/10\/colores-disponibles.png 302w\" sizes=\"(max-width: 30px) 100vw, 30px\" \/> Celeste\/Rosa.<\/pre><\/div>\n\t\t\t\t\t\t\t\t\t<div class=\"elementor-tab-title elementor-tab-mobile-title\" aria-selected=\"false\" data-tab=\"2\" role=\"tab\" tabindex=\"-1\" aria-controls=\"elementor-tab-content-1482\" aria-expanded=\"false\">Descripci\u00f3n<\/div>\n\t\t\t\t\t<div id=\"elementor-tab-content-1482\" class=\"elementor-tab-content elementor-clearfix\" data-tab=\"2\" role=\"tabpanel\" aria-labelledby=\"elementor-tab-title-1482\" tabindex=\"0\" hidden=\"hidden\" data-no-translation=\"\" data-trp-gettext=\"\"><p>Polo urbano pro-one con un dise\u00f1o estampado que refleja tu pasi\u00f3n por el arco, llevando el esp\u00edritu ganador a donde vayas.<\/p><\/div>\n\t\t\t\t\t\t\t\t\t<div class=\"elementor-tab-title elementor-tab-mobile-title\" aria-selected=\"false\" data-tab=\"3\" role=\"tab\" tabindex=\"-1\" aria-controls=\"elementor-tab-content-1483\" aria-expanded=\"false\">Detalles<\/div>\n\t\t\t\t\t<div id=\"elementor-tab-content-1483\" class=\"elementor-tab-content elementor-clearfix\" data-tab=\"3\" role=\"tabpanel\" aria-labelledby=\"elementor-tab-title-1483\" tabindex=\"0\" hidden=\"hidden\" data-no-translation=\"\" data-trp-gettext=\"\"><p><strong>Protecci\u00f3n:<\/strong> Sin protecci\u00f3n<br \/><strong>Color:<\/strong> Celeste\/Rosa<br \/><strong>Modelo:<\/strong> LIFESTYLE<br \/><strong>Manga:<\/strong> Corta<br \/><strong>Tela:<\/strong><br \/><strong>Cuello:<\/strong> Redondo<\/p><\/div>\n\t\t\t\t\t\t\t<\/div>\n\t\t<\/div>\n\t\t\t\t\t\t<\/div>\n\t\t\t\t<\/div>\n\t\t\t\t\t<\/div>\n\t\t<\/div>\n\t\t\t\t\t<\/div>\n\t\t<\/section>\n\t\t\t\t<\/div>","protected":false},"excerpt":{"rendered":"<p>LIFESTYLE\/PRO-ONE Material Descripci\u00f3n Detalles Material \u00a0 \u00a0 \u00a0 \u00a0 \u00a0 \u00a0 \u00a0 \u00a0 \u00a0 \u00a0 \u00a0 \u00a0 \u00a0 \u00a0 \u00a0 \u00a0 \u00a0 \u00a0 \u00a0 \u00a0 \u00a0 \u00a0 \u00a0 \u00a0 \u00a0 \u00a0 \u00a0 \u00a0 \u00a0 \u00a0 \u00a0 \u00a0 \u00a0 \u00a0 \u00a0 \u00a0 \u00a0 \u00a0 \u00a0 \u00a0 \u00a0 \u00a0 \u00a0 \u00a0 \u00a0 \u00a0 \u00a0 \u00a0 \u00a0 \u00a0 &hellip;<\/p>\n<p class=\"read-more\"> <a class=\"\" href=\"https:\/\/proonesport.com\/es\/product\/pro-one-polo-verdadero-amor-celeste\/\"> <span class=\"screen-reader-text\">Polo Verdadero Amor Celeste<\/span> Read More &raquo;<\/a><\/p>","protected":false},"featured_media":9297,"template":"elementor_header_footer","meta":{"om_disable_all_campaigns":false,"_monsterinsights_skip_tracking":false,"_monsterinsights_sitenote_active":false,"_monsterinsights_sitenote_note":"","_monsterinsights_sitenote_category":0,"site-sidebar-layout":"no-sidebar","site-content-layout":"page-builder","ast-global-header-display":"","ast-main-header-display":"","ast-hfb-above-header-display":"","ast-hfb-below-header-display":"","ast-hfb-mobile-header-display":"","site-post-title":"disabled","ast-breadcrumbs-content":"","ast-featured-img":"disabled","footer-sml-layout":"","theme-transparent-header-meta":"default","adv-header-id-meta":"","stick-header-meta":"","header-above-stick-meta":"","header-main-stick-meta":"","header-below-stick-meta":""},"product_brand":[],"product_cat":[356,369],"product_tag":[],"class_list":{"0":"post-9450","1":"product","2":"type-product","3":"status-publish","4":"has-post-thumbnail","6":"product_cat-indumentaria","7":"product_cat-polos-urbanos","8":"desktop-align-center","9":"tablet-align-left","10":"mobile-align-left","12":"first","13":"instock","14":"shipping-taxable","15":"product-type-simple"},"aioseo_notices":[],"jetpack_sharing_enabled":true,"_links":{"self":[{"href":"https:\/\/proonesport.com\/es\/wp-json\/wp\/v2\/product\/9450","targetHints":{"allow":["GET"]}}],"collection":[{"href":"https:\/\/proonesport.com\/es\/wp-json\/wp\/v2\/product"}],"about":[{"href":"https:\/\/proonesport.com\/es\/wp-json\/wp\/v2\/types\/product"}],"version-history":[{"count":15,"href":"https:\/\/proonesport.com\/es\/wp-json\/wp\/v2\/product\/9450\/revisions"}],"predecessor-version":[{"id":12002,"href":"https:\/\/proonesport.com\/es\/wp-json\/wp\/v2\/product\/9450\/revisions\/12002"}],"wp:featuredmedia":[{"embeddable":true,"href":"https:\/\/proonesport.com\/es\/wp-json\/wp\/v2\/media\/9297"}],"wp:attachment":[{"href":"https:\/\/proonesport.com\/es\/wp-json\/wp\/v2\/media?parent=9450"}],"wp:term":[{"taxonomy":"product_brand","embeddable":true,"href":"https:\/\/proonesport.com\/es\/wp-json\/wp\/v2\/product_brand?post=9450"},{"taxonomy":"product_cat","embeddable":true,"href":"https:\/\/proonesport.com\/es\/wp-json\/wp\/v2\/product_cat?post=9450"},{"taxonomy":"product_tag","embeddable":true,"href":"https:\/\/proonesport.com\/es\/wp-json\/wp\/v2\/product_tag?post=9450"}],"curies":[{"name":"wp","href":"https:\/\/api.w.org\/{rel}","templated":true}]}}