{"id":9229,"date":"2023-11-22T13:48:16","date_gmt":"2023-11-22T13:48:16","guid":{"rendered":"https:\/\/proonesport.com\/?post_type=product&#038;p=9229"},"modified":"2025-05-23T15:51:38","modified_gmt":"2025-05-23T15:51:38","slug":"pro-one-pantorrillera-bootguard","status":"publish","type":"product","link":"https:\/\/proonesport.com\/es\/product\/pro-one-pantorrillera-bootguard\/","title":{"rendered":"Pantorrillera Bootguard"},"content":{"rendered":"<div data-elementor-type=\"product-post\" data-elementor-id=\"9229\" class=\"elementor elementor-9229\" data-elementor-post-type=\"product\">\n\t\t\t\t\t\t<section class=\"elementor-section elementor-top-section elementor-element elementor-element-7d988fd elementor-section-boxed elementor-section-height-default elementor-section-height-default\" data-id=\"7d988fd\" data-element_type=\"section\" data-e-type=\"section\">\n\t\t\t\t\t\t<div class=\"elementor-container elementor-column-gap-default\">\n\t\t\t\t\t<div class=\"elementor-column elementor-col-50 elementor-top-column elementor-element elementor-element-0793e99\" data-id=\"0793e99\" data-element_type=\"column\" data-e-type=\"column\">\n\t\t\t<div class=\"elementor-widget-wrap elementor-element-populated\">\n\t\t\t\t\t\t<div class=\"elementor-element elementor-element-a13201b elementor-skin-slideshow elementor-arrows-yes elementor-widget elementor-widget-media-carousel\" data-id=\"a13201b\" data-element_type=\"widget\" data-e-type=\"widget\" data-settings=\"{&quot;skin&quot;:&quot;slideshow&quot;,&quot;effect&quot;:&quot;slide&quot;,&quot;show_arrows&quot;:&quot;yes&quot;,&quot;speed&quot;:500,&quot;autoplay&quot;:&quot;yes&quot;,&quot;autoplay_speed&quot;:5000,&quot;loop&quot;:&quot;yes&quot;,&quot;pause_on_hover&quot;:&quot;yes&quot;,&quot;pause_on_interaction&quot;:&quot;yes&quot;,&quot;space_between&quot;:{&quot;unit&quot;:&quot;px&quot;,&quot;size&quot;:10,&quot;sizes&quot;:[]},&quot;space_between_widescreen&quot;:{&quot;unit&quot;:&quot;px&quot;,&quot;size&quot;:10,&quot;sizes&quot;:[]},&quot;space_between_laptop&quot;:{&quot;unit&quot;:&quot;px&quot;,&quot;size&quot;:10,&quot;sizes&quot;:[]},&quot;space_between_tablet_extra&quot;:{&quot;unit&quot;:&quot;px&quot;,&quot;size&quot;:10,&quot;sizes&quot;:[]},&quot;space_between_tablet&quot;:{&quot;unit&quot;:&quot;px&quot;,&quot;size&quot;:10,&quot;sizes&quot;:[]},&quot;space_between_mobile_extra&quot;:{&quot;unit&quot;:&quot;px&quot;,&quot;size&quot;:10,&quot;sizes&quot;:[]},&quot;space_between_mobile&quot;:{&quot;unit&quot;:&quot;px&quot;,&quot;size&quot;:10,&quot;sizes&quot;:[]}}\" data-widget_type=\"media-carousel.default\">\n\t\t\t\t<div class=\"elementor-widget-container\">\n\t\t\t\t\t\t\t\t\t<div class=\"elementor-swiper\">\n\t\t\t\t\t<div class=\"elementor-main-swiper swiper\" role=\"region\" aria-roledescription=\"carousel\" aria-label=\"Slides\">\n\t\t\t\t<div class=\"swiper-wrapper\">\n\t\t\t\t\t\t\t\t\t\t\t<div class=\"swiper-slide\" role=\"group\" aria-roledescription=\"slide\">\n\t\t\t\t\t\t\t\t\t<div class=\"elementor-carousel-image\" role=\"img\" aria-label=\"pantorrilleras-para-arqueros-pro-one-bootguard-negro_\" style=\"background-image: url(&#039;https:\/\/proonesport.com\/wp-content\/uploads\/2023\/10\/pantorrilleras-para-arqueros-pro-one-bootguard-negro_.png&#039;)\">\n\n\t\t\t\n\t\t\t\t\t<\/div>\n\t\t\t\t\t\t\t\t<\/div>\n\t\t\t\t\t\t\t\t\t\t\t<div class=\"swiper-slide\" role=\"group\" aria-roledescription=\"slide\">\n\t\t\t\t\t\t\t\t\t<div class=\"elementor-carousel-image\" role=\"img\" aria-label=\"pantorrilleras-para-arqueros-pro-one-bootguard-negro__\" style=\"background-image: url(&#039;https:\/\/proonesport.com\/wp-content\/uploads\/2023\/10\/pantorrilleras-para-arqueros-pro-one-bootguard-negro__.png&#039;)\">\n\n\t\t\t\n\t\t\t\t\t<\/div>\n\t\t\t\t\t\t\t\t<\/div>\n\t\t\t\t\t\t\t\t\t<\/div>\n\t\t\t\t\t\t\t\t\t\t\t\t\t\t\t<div class=\"elementor-swiper-button elementor-swiper-button-prev\" role=\"button\" tabindex=\"0\" aria-label=\"Previous\" data-no-translation-aria-label=\"\">\n\t\t\t\t\t\t\t<i aria-hidden=\"true\" class=\"eicon-chevron-left\"><\/i>\t\t\t\t\t\t<\/div>\n\t\t\t\t\t\t<div class=\"elementor-swiper-button elementor-swiper-button-next\" role=\"button\" tabindex=\"0\" aria-label=\"Next\" data-no-translation-aria-label=\"\">\n\t\t\t\t\t\t\t<i aria-hidden=\"true\" class=\"eicon-chevron-right\"><\/i>\t\t\t\t\t\t<\/div>\n\t\t\t\t\t\t\t\t\t\t\t\t\t\t\t\t\t<\/div>\n\t\t\t\t<\/div>\n\t\t\t\t\t\t\t\t<div class=\"elementor-swiper\">\n\t\t\t\t\t<div class=\"elementor-main-swiper swiper elementor-thumbnails-swiper swiper\" role=\"region region\" aria-roledescription=\"carousel carousel\" aria-label=\"Slides Slides\">\n\t\t\t\t<div class=\"swiper-wrapper\">\n\t\t\t\t\t\t\t\t\t\t\t<div class=\"swiper-slide\" role=\"group\" aria-roledescription=\"slide\">\n\t\t\t\t\t\t\t\t\t<div class=\"elementor-carousel-image\" role=\"img\" aria-label=\"pantorrilleras-para-arqueros-pro-one-bootguard-negro_\" style=\"background-image: url(&#039;https:\/\/proonesport.com\/wp-content\/uploads\/2023\/10\/pantorrilleras-para-arqueros-pro-one-bootguard-negro_.png&#039;)\">\n\n\t\t\t\n\t\t\t\t\t<\/div>\n\t\t\t\t\t\t\t\t<\/div>\n\t\t\t\t\t\t\t\t\t\t\t<div class=\"swiper-slide\" role=\"group\" aria-roledescription=\"slide\">\n\t\t\t\t\t\t\t\t\t<div class=\"elementor-carousel-image\" role=\"img\" aria-label=\"pantorrilleras-para-arqueros-pro-one-bootguard-negro__\" style=\"background-image: url(&#039;https:\/\/proonesport.com\/wp-content\/uploads\/2023\/10\/pantorrilleras-para-arqueros-pro-one-bootguard-negro__.png&#039;)\">\n\n\t\t\t\n\t\t\t\t\t<\/div>\n\t\t\t\t\t\t\t\t<\/div>\n\t\t\t\t\t\t\t\t\t<\/div>\n\t\t\t\t\t\t\t\t\t\t\t\t\t\t\t\t\t\t\t\t\t<\/div>\n\t\t\t\t<\/div>\n\t\t\t\t\t\t\t\t<\/div>\n\t\t\t\t<\/div>\n\t\t\t\t\t<\/div>\n\t\t<\/div>\n\t\t\t\t<div class=\"elementor-column elementor-col-50 elementor-top-column elementor-element elementor-element-58c6e3c\" data-id=\"58c6e3c\" data-element_type=\"column\" data-e-type=\"column\">\n\t\t\t<div class=\"elementor-widget-wrap elementor-element-populated\">\n\t\t\t\t\t\t<div class=\"elementor-element elementor-element-ca649e6 elementor-widget elementor-widget-woocommerce-product-title elementor-page-title elementor-widget-heading\" data-id=\"ca649e6\" data-element_type=\"widget\" data-e-type=\"widget\" data-widget_type=\"woocommerce-product-title.default\">\n\t\t\t\t<div class=\"elementor-widget-container\">\n\t\t\t\t\t<h1 class=\"product_title entry-title elementor-heading-title elementor-size-default\">Pantorrillera Bootguard<\/h1>\t\t\t\t<\/div>\n\t\t\t\t<\/div>\n\t\t\t\t<div class=\"elementor-element elementor-element-b1bf9e3 elementor-widget elementor-widget-heading\" data-id=\"b1bf9e3\" data-element_type=\"widget\" data-e-type=\"widget\" data-widget_type=\"heading.default\">\n\t\t\t\t<div class=\"elementor-widget-container\">\n\t\t\t\t\t<h2 class=\"elementor-heading-title elementor-size-default\">INDUMENTARIA-PRO-ONE<\/h2>\t\t\t\t<\/div>\n\t\t\t\t<\/div>\n\t\t\t\t<div class=\"elementor-element elementor-element-7a4a251 elementor-tabs-view-horizontal elementor-widget elementor-widget-tabs\" data-id=\"7a4a251\" data-element_type=\"widget\" data-e-type=\"widget\" data-widget_type=\"tabs.default\">\n\t\t\t\t<div class=\"elementor-widget-container\">\n\t\t\t\t\t\t\t<div class=\"elementor-tabs\">\n\t\t\t<div class=\"elementor-tabs-wrapper\" role=\"tablist\" >\n\t\t\t\t\t\t\t\t\t<div id=\"elementor-tab-title-1281\" class=\"elementor-tab-title elementor-tab-desktop-title\" aria-selected=\"true\" data-tab=\"1\" role=\"tab\" tabindex=\"0\" aria-controls=\"elementor-tab-content-1281\" aria-expanded=\"false\">Descripci\u00f3n<\/div>\n\t\t\t\t\t\t\t\t\t<div id=\"elementor-tab-title-1282\" class=\"elementor-tab-title elementor-tab-desktop-title\" aria-selected=\"false\" data-tab=\"2\" role=\"tab\" tabindex=\"-1\" aria-controls=\"elementor-tab-content-1282\" aria-expanded=\"false\">Material<\/div>\n\t\t\t\t\t\t\t\t\t<div id=\"elementor-tab-title-1283\" class=\"elementor-tab-title elementor-tab-desktop-title\" aria-selected=\"false\" data-tab=\"3\" role=\"tab\" tabindex=\"-1\" aria-controls=\"elementor-tab-content-1283\" aria-expanded=\"false\">Detalles<\/div>\n\t\t\t\t\t\t\t<\/div>\n\t\t\t<div class=\"elementor-tabs-content-wrapper\" role=\"tablist\" aria-orientation=\"vertical\">\n\t\t\t\t\t\t\t\t\t<div class=\"elementor-tab-title elementor-tab-mobile-title\" aria-selected=\"true\" data-tab=\"1\" role=\"tab\" tabindex=\"0\" aria-controls=\"elementor-tab-content-1281\" aria-expanded=\"false\">Descripci\u00f3n<\/div>\n\t\t\t\t\t<div id=\"elementor-tab-content-1281\" class=\"elementor-tab-content elementor-clearfix\" data-tab=\"1\" role=\"tabpanel\" aria-labelledby=\"elementor-tab-title-1281\" tabindex=\"0\" hidden=\"false\" data-no-translation=\"\" data-trp-gettext=\"\"><p>Pantorrillas Pro-one Bootguard\u00a0 con rodillera de felpa con forma anat\u00f3mica que se mantiene en la posici\u00f3n correcta. Esto proporciona apoyo protegiendo la rodilla de ara\u00f1azos o abrasi\u00f3n. No bajan ni se enrollan.<\/p><\/div>\n\t\t\t\t\t\t\t\t\t<div class=\"elementor-tab-title elementor-tab-mobile-title\" aria-selected=\"false\" data-tab=\"2\" role=\"tab\" tabindex=\"-1\" aria-controls=\"elementor-tab-content-1282\" aria-expanded=\"false\">Material<\/div>\n\t\t\t\t\t<div id=\"elementor-tab-content-1282\" class=\"elementor-tab-content elementor-clearfix\" data-tab=\"2\" role=\"tabpanel\" aria-labelledby=\"elementor-tab-title-1282\" tabindex=\"0\" hidden=\"hidden\" data-no-translation=\"\" data-trp-gettext=\"\"><ul><li>88% Nylon<\/li><li>5% Spandex<\/li><li>5% Algod\u00f3n<\/li><li>2% Polyester<\/li><\/ul><\/div>\n\t\t\t\t\t\t\t\t\t<div class=\"elementor-tab-title elementor-tab-mobile-title\" aria-selected=\"false\" data-tab=\"3\" role=\"tab\" tabindex=\"-1\" aria-controls=\"elementor-tab-content-1283\" aria-expanded=\"false\">Detalles<\/div>\n\t\t\t\t\t<div id=\"elementor-tab-content-1283\" class=\"elementor-tab-content elementor-clearfix\" data-tab=\"3\" role=\"tabpanel\" aria-labelledby=\"elementor-tab-title-1283\" tabindex=\"0\" hidden=\"hidden\" data-no-translation=\"\" data-trp-gettext=\"\"><p><strong>COLOR: <\/strong>2 colores disponibles (blanco y negro)<br \/><strong>MODELO: <\/strong>PANTORRILLERA BOOTGUARD<br \/><br \/><\/p><\/div>\n\t\t\t\t\t\t\t<\/div>\n\t\t<\/div>\n\t\t\t\t\t\t<\/div>\n\t\t\t\t<\/div>\n\t\t\t\t<div class=\"elementor-element elementor-element-259e3ca elementor-widget elementor-widget-gallery\" data-id=\"259e3ca\" data-element_type=\"widget\" data-e-type=\"widget\" data-settings=\"{&quot;gallery_layout&quot;:&quot;justified&quot;,&quot;ideal_row_height&quot;:{&quot;unit&quot;:&quot;px&quot;,&quot;size&quot;:212,&quot;sizes&quot;:[]},&quot;gap&quot;:{&quot;unit&quot;:&quot;px&quot;,&quot;size&quot;:1,&quot;sizes&quot;:[]},&quot;lazyload&quot;:&quot;yes&quot;,&quot;ideal_row_height_widescreen&quot;:{&quot;unit&quot;:&quot;px&quot;,&quot;size&quot;:&quot;&quot;,&quot;sizes&quot;:[]},&quot;ideal_row_height_laptop&quot;:{&quot;unit&quot;:&quot;px&quot;,&quot;size&quot;:150,&quot;sizes&quot;:[]},&quot;ideal_row_height_tablet_extra&quot;:{&quot;unit&quot;:&quot;px&quot;,&quot;size&quot;:150,&quot;sizes&quot;:[]},&quot;ideal_row_height_tablet&quot;:{&quot;unit&quot;:&quot;px&quot;,&quot;size&quot;:150,&quot;sizes&quot;:[]},&quot;ideal_row_height_mobile_extra&quot;:{&quot;unit&quot;:&quot;px&quot;,&quot;size&quot;:150,&quot;sizes&quot;:[]},&quot;ideal_row_height_mobile&quot;:{&quot;unit&quot;:&quot;px&quot;,&quot;size&quot;:150,&quot;sizes&quot;:[]},&quot;gap_widescreen&quot;:{&quot;unit&quot;:&quot;px&quot;,&quot;size&quot;:&quot;&quot;,&quot;sizes&quot;:[]},&quot;gap_laptop&quot;:{&quot;unit&quot;:&quot;px&quot;,&quot;size&quot;:10,&quot;sizes&quot;:[]},&quot;gap_tablet_extra&quot;:{&quot;unit&quot;:&quot;px&quot;,&quot;size&quot;:10,&quot;sizes&quot;:[]},&quot;gap_tablet&quot;:{&quot;unit&quot;:&quot;px&quot;,&quot;size&quot;:10,&quot;sizes&quot;:[]},&quot;gap_mobile_extra&quot;:{&quot;unit&quot;:&quot;px&quot;,&quot;size&quot;:10,&quot;sizes&quot;:[]},&quot;gap_mobile&quot;:{&quot;unit&quot;:&quot;px&quot;,&quot;size&quot;:10,&quot;sizes&quot;:[]},&quot;link_to&quot;:&quot;file&quot;,&quot;overlay_background&quot;:&quot;yes&quot;,&quot;content_hover_animation&quot;:&quot;fade-in&quot;}\" data-widget_type=\"gallery.default\">\n\t\t\t\t<div class=\"elementor-widget-container\">\n\t\t\t\t\t\t\t<div class=\"elementor-gallery__container\">\n\t\t\t\t\t\t\t<a class=\"e-gallery-item elementor-gallery-item elementor-animated-content\" href=\"https:\/\/proonesport.com\/wp-content\/uploads\/2023\/10\/pantorrilleras-para-arqueros-pro-one-bootguard-blanco-1.png\" data-elementor-open-lightbox=\"yes\" data-elementor-lightbox-slideshow=\"259e3ca\" data-elementor-lightbox-title=\"pantorrilleras-para-arqueros-pro-one-bootguard-blanco (1)\" data-e-action-hash=\"#elementor-action%3Aaction%3Dlightbox%26settings%3DeyJpZCI6NzM3NSwidXJsIjoiaHR0cHM6XC9cL3Byb29uZXNwb3J0LmNvbVwvd3AtY29udGVudFwvdXBsb2Fkc1wvMjAyM1wvMTBcL3BhbnRvcnJpbGxlcmFzLXBhcmEtYXJxdWVyb3MtcHJvLW9uZS1ib290Z3VhcmQtYmxhbmNvLTEucG5nIiwic2xpZGVzaG93IjoiMjU5ZTNjYSJ9\">\n\t\t\t\t\t<div class=\"e-gallery-image elementor-gallery-item__image\" data-thumbnail=\"https:\/\/proonesport.com\/wp-content\/uploads\/2023\/10\/pantorrilleras-para-arqueros-pro-one-bootguard-blanco-1.png\" data-width=\"771\" data-height=\"1000\" aria-label=\"\" role=\"img\" ><\/div>\n\t\t\t\t\t\t\t\t\t\t\t<div class=\"elementor-gallery-item__overlay\"><\/div>\n\t\t\t\t\t\t\t\t\t\t\t\t\t\t<\/a>\n\t\t\t\t\t\t\t<a class=\"e-gallery-item elementor-gallery-item elementor-animated-content\" href=\"https:\/\/proonesport.com\/wp-content\/uploads\/2023\/10\/pantorrilleras-para-arqueros-pro-one-bootguard-blanco-2.png\" data-elementor-open-lightbox=\"yes\" data-elementor-lightbox-slideshow=\"259e3ca\" data-elementor-lightbox-title=\"pantorrilleras-para-arqueros-pro-one-bootguard-blanco (2)\" data-e-action-hash=\"#elementor-action%3Aaction%3Dlightbox%26settings%3DeyJpZCI6NzM3MywidXJsIjoiaHR0cHM6XC9cL3Byb29uZXNwb3J0LmNvbVwvd3AtY29udGVudFwvdXBsb2Fkc1wvMjAyM1wvMTBcL3BhbnRvcnJpbGxlcmFzLXBhcmEtYXJxdWVyb3MtcHJvLW9uZS1ib290Z3VhcmQtYmxhbmNvLTIucG5nIiwic2xpZGVzaG93IjoiMjU5ZTNjYSJ9\">\n\t\t\t\t\t<div class=\"e-gallery-image elementor-gallery-item__image\" data-thumbnail=\"https:\/\/proonesport.com\/wp-content\/uploads\/2023\/10\/pantorrilleras-para-arqueros-pro-one-bootguard-blanco-2.png\" data-width=\"771\" data-height=\"1000\" aria-label=\"\" role=\"img\" ><\/div>\n\t\t\t\t\t\t\t\t\t\t\t<div class=\"elementor-gallery-item__overlay\"><\/div>\n\t\t\t\t\t\t\t\t\t\t\t\t\t\t<\/a>\n\t\t\t\t\t\t\t<a class=\"e-gallery-item elementor-gallery-item elementor-animated-content\" href=\"https:\/\/proonesport.com\/wp-content\/uploads\/2023\/10\/pantorrilleras-para-arqueros-pro-one-bootguard-blanco-2_.jpg\" data-elementor-open-lightbox=\"yes\" data-elementor-lightbox-slideshow=\"259e3ca\" data-elementor-lightbox-title=\"pantorrilleras-para-arqueros-pro-one-bootguard-blanco (2)_\" data-e-action-hash=\"#elementor-action%3Aaction%3Dlightbox%26settings%3DeyJpZCI6NzM4NSwidXJsIjoiaHR0cHM6XC9cL3Byb29uZXNwb3J0LmNvbVwvd3AtY29udGVudFwvdXBsb2Fkc1wvMjAyM1wvMTBcL3BhbnRvcnJpbGxlcmFzLXBhcmEtYXJxdWVyb3MtcHJvLW9uZS1ib290Z3VhcmQtYmxhbmNvLTJfLmpwZyIsInNsaWRlc2hvdyI6IjI1OWUzY2EifQ%3D%3D\">\n\t\t\t\t\t<div class=\"e-gallery-image elementor-gallery-item__image\" data-thumbnail=\"https:\/\/proonesport.com\/wp-content\/uploads\/2023\/10\/pantorrilleras-para-arqueros-pro-one-bootguard-blanco-2_.jpg\" data-width=\"771\" data-height=\"1000\" aria-label=\"\" role=\"img\" ><\/div>\n\t\t\t\t\t\t\t\t\t\t\t<div class=\"elementor-gallery-item__overlay\"><\/div>\n\t\t\t\t\t\t\t\t\t\t\t\t\t\t<\/a>\n\t\t\t\t\t\t\t<a class=\"e-gallery-item elementor-gallery-item elementor-animated-content\" href=\"https:\/\/proonesport.com\/wp-content\/uploads\/2023\/10\/pantorrilleras-para-arqueros-pro-one-bootguard-negro-2_.png\" data-elementor-open-lightbox=\"yes\" data-elementor-lightbox-slideshow=\"259e3ca\" data-elementor-lightbox-title=\"pantorrilleras-para-arqueros-pro-one-bootguard-negro (2)_\" data-e-action-hash=\"#elementor-action%3Aaction%3Dlightbox%26settings%3DeyJpZCI6NzM4NiwidXJsIjoiaHR0cHM6XC9cL3Byb29uZXNwb3J0LmNvbVwvd3AtY29udGVudFwvdXBsb2Fkc1wvMjAyM1wvMTBcL3BhbnRvcnJpbGxlcmFzLXBhcmEtYXJxdWVyb3MtcHJvLW9uZS1ib290Z3VhcmQtbmVncm8tMl8ucG5nIiwic2xpZGVzaG93IjoiMjU5ZTNjYSJ9\">\n\t\t\t\t\t<div class=\"e-gallery-image elementor-gallery-item__image\" data-thumbnail=\"https:\/\/proonesport.com\/wp-content\/uploads\/2023\/10\/pantorrilleras-para-arqueros-pro-one-bootguard-negro-2_.png\" data-width=\"771\" data-height=\"1000\" aria-label=\"\" role=\"img\" ><\/div>\n\t\t\t\t\t\t\t\t\t\t\t<div class=\"elementor-gallery-item__overlay\"><\/div>\n\t\t\t\t\t\t\t\t\t\t\t\t\t\t<\/a>\n\t\t\t\t\t<\/div>\n\t\t\t\t\t<\/div>\n\t\t\t\t<\/div>\n\t\t\t\t\t<\/div>\n\t\t<\/div>\n\t\t\t\t\t<\/div>\n\t\t<\/section>\n\t\t\t\t<\/div>","protected":false},"excerpt":{"rendered":"<p>Previous Next INDUMENTARIA-PRO-ONE Descripci\u00f3n Material Detalles Descripci\u00f3n Pantorrillas Pro-one Bootguard\u00a0 con rodillera de felpa con forma anat\u00f3mica que se mantiene en la posici\u00f3n correcta. Esto proporciona apoyo protegiendo la rodilla de ara\u00f1azos o abrasi\u00f3n. No bajan ni se enrollan. Material 88% Nylon 5% Spandex 5% Algod\u00f3n 2% Polyester Detalles COLOR: 2 colores disponibles (blanco y &hellip;<\/p>\n<p class=\"read-more\"> <a class=\"\" href=\"https:\/\/proonesport.com\/es\/product\/pro-one-pantorrillera-bootguard\/\"> <span class=\"screen-reader-text\">Pantorrillera Bootguard<\/span> Read More &raquo;<\/a><\/p>","protected":false},"featured_media":7370,"template":"elementor_header_footer","meta":{"om_disable_all_campaigns":false,"_monsterinsights_skip_tracking":false,"_monsterinsights_sitenote_active":false,"_monsterinsights_sitenote_note":"","_monsterinsights_sitenote_category":0,"site-sidebar-layout":"no-sidebar","site-content-layout":"page-builder","ast-global-header-display":"","ast-main-header-display":"","ast-hfb-above-header-display":"","ast-hfb-below-header-display":"","ast-hfb-mobile-header-display":"","site-post-title":"disabled","ast-breadcrumbs-content":"","ast-featured-img":"disabled","footer-sml-layout":"","theme-transparent-header-meta":"default","adv-header-id-meta":"","stick-header-meta":"","header-above-stick-meta":"","header-main-stick-meta":"","header-below-stick-meta":""},"product_brand":[],"product_cat":[356,373],"product_tag":[],"class_list":{"0":"post-9229","1":"product","2":"type-product","3":"status-publish","4":"has-post-thumbnail","6":"product_cat-indumentaria","7":"product_cat-medias","8":"desktop-align-center","9":"tablet-align-left","10":"mobile-align-left","12":"first","13":"instock","14":"shipping-taxable","15":"product-type-simple"},"aioseo_notices":[],"jetpack_sharing_enabled":true,"_links":{"self":[{"href":"https:\/\/proonesport.com\/es\/wp-json\/wp\/v2\/product\/9229","targetHints":{"allow":["GET"]}}],"collection":[{"href":"https:\/\/proonesport.com\/es\/wp-json\/wp\/v2\/product"}],"about":[{"href":"https:\/\/proonesport.com\/es\/wp-json\/wp\/v2\/types\/product"}],"version-history":[{"count":10,"href":"https:\/\/proonesport.com\/es\/wp-json\/wp\/v2\/product\/9229\/revisions"}],"predecessor-version":[{"id":12006,"href":"https:\/\/proonesport.com\/es\/wp-json\/wp\/v2\/product\/9229\/revisions\/12006"}],"wp:featuredmedia":[{"embeddable":true,"href":"https:\/\/proonesport.com\/es\/wp-json\/wp\/v2\/media\/7370"}],"wp:attachment":[{"href":"https:\/\/proonesport.com\/es\/wp-json\/wp\/v2\/media?parent=9229"}],"wp:term":[{"taxonomy":"product_brand","embeddable":true,"href":"https:\/\/proonesport.com\/es\/wp-json\/wp\/v2\/product_brand?post=9229"},{"taxonomy":"product_cat","embeddable":true,"href":"https:\/\/proonesport.com\/es\/wp-json\/wp\/v2\/product_cat?post=9229"},{"taxonomy":"product_tag","embeddable":true,"href":"https:\/\/proonesport.com\/es\/wp-json\/wp\/v2\/product_tag?post=9229"}],"curies":[{"name":"wp","href":"https:\/\/api.w.org\/{rel}","templated":true}]}}