{"id":8309,"date":"2023-11-08T19:28:56","date_gmt":"2023-11-08T19:28:56","guid":{"rendered":"https:\/\/proonesport.com\/?post_type=product&#038;p=8309"},"modified":"2025-05-23T16:15:52","modified_gmt":"2025-05-23T16:15:52","slug":"pro-one-bufanda-jaspeado-termico","status":"publish","type":"product","link":"https:\/\/proonesport.com\/es\/product\/pro-one-bufanda-jaspeado-termico\/","title":{"rendered":"Bufanda T\u00e9rmica Jaspeado"},"content":{"rendered":"<div data-elementor-type=\"product-post\" data-elementor-id=\"8309\" class=\"elementor elementor-8309\">\n\t\t\t\t\t\t\t\t\t<section class=\"elementor-section elementor-top-section elementor-element elementor-element-74216fc elementor-section-boxed elementor-section-height-default elementor-section-height-default\" data-id=\"74216fc\" data-element_type=\"section\">\n\t\t\t\t\t\t<div class=\"elementor-container elementor-column-gap-default\">\n\t\t\t\t\t<div class=\"elementor-column elementor-col-50 elementor-top-column elementor-element elementor-element-785d4c3\" data-id=\"785d4c3\" data-element_type=\"column\">\n\t\t\t<div class=\"elementor-widget-wrap elementor-element-populated\">\n\t\t\t\t\t\t\t\t<div class=\"elementor-element elementor-element-3440854 elementor-skin-slideshow elementor-arrows-yes elementor-widget elementor-widget-media-carousel\" data-id=\"3440854\" data-element_type=\"widget\" data-settings=\"{&quot;skin&quot;:&quot;slideshow&quot;,&quot;effect&quot;:&quot;slide&quot;,&quot;show_arrows&quot;:&quot;yes&quot;,&quot;speed&quot;:500,&quot;autoplay&quot;:&quot;yes&quot;,&quot;autoplay_speed&quot;:5000,&quot;loop&quot;:&quot;yes&quot;,&quot;pause_on_hover&quot;:&quot;yes&quot;,&quot;pause_on_interaction&quot;:&quot;yes&quot;,&quot;space_between&quot;:{&quot;unit&quot;:&quot;px&quot;,&quot;size&quot;:10,&quot;sizes&quot;:[]},&quot;space_between_widescreen&quot;:{&quot;unit&quot;:&quot;px&quot;,&quot;size&quot;:10,&quot;sizes&quot;:[]},&quot;space_between_laptop&quot;:{&quot;unit&quot;:&quot;px&quot;,&quot;size&quot;:10,&quot;sizes&quot;:[]},&quot;space_between_tablet_extra&quot;:{&quot;unit&quot;:&quot;px&quot;,&quot;size&quot;:10,&quot;sizes&quot;:[]},&quot;space_between_tablet&quot;:{&quot;unit&quot;:&quot;px&quot;,&quot;size&quot;:10,&quot;sizes&quot;:[]},&quot;space_between_mobile_extra&quot;:{&quot;unit&quot;:&quot;px&quot;,&quot;size&quot;:10,&quot;sizes&quot;:[]},&quot;space_between_mobile&quot;:{&quot;unit&quot;:&quot;px&quot;,&quot;size&quot;:10,&quot;sizes&quot;:[]}}\" data-widget_type=\"media-carousel.default\">\n\t\t\t\t<div class=\"elementor-widget-container\">\n\t\t\t<link rel=\"stylesheet\" href=\"https:\/\/proonesport.com\/wp-content\/plugins\/elementor-pro\/assets\/css\/widget-carousel.min.css\">\t\t<div class=\"elementor-swiper\">\n\t\t\t<div class=\"elementor-main-swiper swiper-container\">\n\t\t\t\t<div class=\"swiper-wrapper\">\n\t\t\t\t\t\t\t\t\t\t\t<div class=\"swiper-slide\">\n\t\t\t\t\t\t\t\t\t<div class=\"elementor-carousel-image\" role=\"img\" aria-label=\"bufanda-t\u00e9rmica-pro-one-warm-azul-marino-jaspeado (2)\" style=\"background-image: url(&#039;https:\/\/proonesport.com\/wp-content\/uploads\/2023\/10\/bufanda-termica-pro-one-warm-azul-marino-jaspeado-2.png&#039;)\">\n\n\t\t\t\n\t\t\t\t\t<\/div>\n\t\t\t\t\t\t\t\t<\/div>\n\t\t\t\t\t\t\t\t\t\t\t<div class=\"swiper-slide\">\n\t\t\t\t\t\t\t\t\t<div class=\"elementor-carousel-image\" role=\"img\" aria-label=\"bufanda-t\u00e9rmica-pro-one-warm-azulino-jaspeado\" style=\"background-image: url(&#039;https:\/\/proonesport.com\/wp-content\/uploads\/2023\/10\/bufanda-termica-pro-one-warm-azulino-jaspeado.png&#039;)\">\n\n\t\t\t\n\t\t\t\t\t<\/div>\n\t\t\t\t\t\t\t\t<\/div>\n\t\t\t\t\t\t\t\t\t\t\t<div class=\"swiper-slide\">\n\t\t\t\t\t\t\t\t\t<div class=\"elementor-carousel-image\" role=\"img\" aria-label=\"bufanda-t\u00e9rmica-pro-one-warm-turquesa-jaspeado\" style=\"background-image: url(&#039;https:\/\/proonesport.com\/wp-content\/uploads\/2023\/10\/bufanda-termica-pro-one-warm-turquesa-jaspeado.png&#039;)\">\n\n\t\t\t\n\t\t\t\t\t<\/div>\n\t\t\t\t\t\t\t\t<\/div>\n\t\t\t\t\t\t\t\t\t\t\t<div class=\"swiper-slide\">\n\t\t\t\t\t\t\t\t\t<div class=\"elementor-carousel-image\" role=\"img\" aria-label=\"bufanda-t\u00e9rmica-pro-one-warm-coral-jaspeado\" style=\"background-image: url(&#039;https:\/\/proonesport.com\/wp-content\/uploads\/2023\/10\/bufanda-termica-pro-one-warm-coral-jaspeado.png&#039;)\">\n\n\t\t\t\n\t\t\t\t\t<\/div>\n\t\t\t\t\t\t\t\t<\/div>\n\t\t\t\t\t\t\t\t\t<\/div>\n\t\t\t\t\t\t\t\t\t\t\t\t\t\t\t\t\t\t\t\t<div class=\"elementor-swiper-button elementor-swiper-button-prev\" role=\"button\" tabindex=\"0\">\n\t\t\t\t\t\t\t<i aria-hidden=\"true\" class=\"eicon-chevron-left\"><\/i>\t\t\t\t\t\t\t<span class=\"elementor-screen-only\">Previous<\/span>\n\t\t\t\t\t\t<\/div>\n\t\t\t\t\t\t<div class=\"elementor-swiper-button elementor-swiper-button-next\" role=\"button\" tabindex=\"0\">\n\t\t\t\t\t\t\t<i aria-hidden=\"true\" class=\"eicon-chevron-right\"><\/i>\t\t\t\t\t\t\t<span class=\"elementor-screen-only\">Next<\/span>\n\t\t\t\t\t\t<\/div>\n\t\t\t\t\t\t\t\t\t\t\t\t<\/div>\n\t\t<\/div>\n\t\t\t\t<div class=\"elementor-swiper\">\n\t\t\t<div class=\"elementor-thumbnails-swiper swiper-container\">\n\t\t\t\t<div class=\"swiper-wrapper\">\n\t\t\t\t\t\t\t\t\t\t\t<div class=\"swiper-slide\">\n\t\t\t\t\t\t\t\t\t<div class=\"elementor-carousel-image\" role=\"img\" aria-label=\"bufanda-t\u00e9rmica-pro-one-warm-azul-marino-jaspeado (2)\" style=\"background-image: url(&#039;https:\/\/proonesport.com\/wp-content\/uploads\/2023\/10\/bufanda-termica-pro-one-warm-azul-marino-jaspeado-2.png&#039;)\">\n\n\t\t\t\n\t\t\t\t\t<\/div>\n\t\t\t\t\t\t\t\t<\/div>\n\t\t\t\t\t\t\t\t\t\t\t<div class=\"swiper-slide\">\n\t\t\t\t\t\t\t\t\t<div class=\"elementor-carousel-image\" role=\"img\" aria-label=\"bufanda-t\u00e9rmica-pro-one-warm-azulino-jaspeado\" style=\"background-image: url(&#039;https:\/\/proonesport.com\/wp-content\/uploads\/2023\/10\/bufanda-termica-pro-one-warm-azulino-jaspeado.png&#039;)\">\n\n\t\t\t\n\t\t\t\t\t<\/div>\n\t\t\t\t\t\t\t\t<\/div>\n\t\t\t\t\t\t\t\t\t\t\t<div class=\"swiper-slide\">\n\t\t\t\t\t\t\t\t\t<div class=\"elementor-carousel-image\" role=\"img\" aria-label=\"bufanda-t\u00e9rmica-pro-one-warm-turquesa-jaspeado\" style=\"background-image: url(&#039;https:\/\/proonesport.com\/wp-content\/uploads\/2023\/10\/bufanda-termica-pro-one-warm-turquesa-jaspeado.png&#039;)\">\n\n\t\t\t\n\t\t\t\t\t<\/div>\n\t\t\t\t\t\t\t\t<\/div>\n\t\t\t\t\t\t\t\t\t\t\t<div class=\"swiper-slide\">\n\t\t\t\t\t\t\t\t\t<div class=\"elementor-carousel-image\" role=\"img\" aria-label=\"bufanda-t\u00e9rmica-pro-one-warm-coral-jaspeado\" style=\"background-image: url(&#039;https:\/\/proonesport.com\/wp-content\/uploads\/2023\/10\/bufanda-termica-pro-one-warm-coral-jaspeado.png&#039;)\">\n\n\t\t\t\n\t\t\t\t\t<\/div>\n\t\t\t\t\t\t\t\t<\/div>\n\t\t\t\t\t\t\t\t\t<\/div>\n\t\t\t\t\t\t\t\t\t\t\t\t\t\t\t\t\t\t\t\t\t<\/div>\n\t\t<\/div>\n\t\t\t\t<\/div>\n\t\t\t\t<\/div>\n\t\t\t\t\t<\/div>\n\t\t<\/div>\n\t\t\t\t<div class=\"elementor-column elementor-col-50 elementor-top-column elementor-element elementor-element-dc06229\" data-id=\"dc06229\" data-element_type=\"column\">\n\t\t\t<div class=\"elementor-widget-wrap elementor-element-populated\">\n\t\t\t\t\t\t\t\t<div class=\"elementor-element elementor-element-5e54f3a elementor-widget elementor-widget-woocommerce-product-title elementor-page-title elementor-widget-heading\" data-id=\"5e54f3a\" data-element_type=\"widget\" data-widget_type=\"woocommerce-product-title.default\">\n\t\t\t\t<div class=\"elementor-widget-container\">\n\t\t\t<style>\/*! elementor - v3.13.2 - 11-05-2023 *\/\n.elementor-heading-title{padding:0;margin:0;line-height:1}.elementor-widget-heading .elementor-heading-title[class*=elementor-size-]>a{color:inherit;font-size:inherit;line-height:inherit}.elementor-widget-heading .elementor-heading-title.elementor-size-small{font-size:15px}.elementor-widget-heading .elementor-heading-title.elementor-size-medium{font-size:19px}.elementor-widget-heading .elementor-heading-title.elementor-size-large{font-size:29px}.elementor-widget-heading .elementor-heading-title.elementor-size-xl{font-size:39px}.elementor-widget-heading .elementor-heading-title.elementor-size-xxl{font-size:59px}<\/style><link rel=\"stylesheet\" href=\"https:\/\/proonesport.com\/wp-content\/plugins\/elementor-pro\/assets\/css\/widget-woocommerce.min.css\"><h1 class=\"product_title entry-title elementor-heading-title elementor-size-default\">Bufanda T\u00e9rmica Jaspeado<\/h1>\t\t<\/div>\n\t\t\t\t<\/div>\n\t\t\t\t<div class=\"elementor-element elementor-element-07b49d1 elementor-widget elementor-widget-heading\" data-id=\"07b49d1\" data-element_type=\"widget\" data-widget_type=\"heading.default\">\n\t\t\t\t<div class=\"elementor-widget-container\">\n\t\t\t<h2 class=\"elementor-heading-title elementor-size-default\">ACCESORIOS\/PRO-ONE<\/h2>\t\t<\/div>\n\t\t\t\t<\/div>\n\t\t\t\t<div class=\"elementor-element elementor-element-e480935 elementor-widget elementor-widget-heading\" data-id=\"e480935\" data-element_type=\"widget\" data-widget_type=\"heading.default\">\n\t\t\t\t<div class=\"elementor-widget-container\">\n\t\t\t<h2 class=\"elementor-heading-title elementor-size-default\">Pro-One Warm Jaspeado, fabricado con suaves fibras polares de alta calidad llamadas Confort Max, mantiene el cuello abrigado y resistente al viento y a la abrasi\u00f3n. Se coloca sobre la cabeza y se coloca alrededor del cuello: \u00a1ideal para climas fr\u00edos.<\/h2>\t\t<\/div>\n\t\t\t\t<\/div>\n\t\t\t\t<div class=\"elementor-element elementor-element-14d14be elementor-tabs-view-horizontal elementor-widget elementor-widget-tabs\" data-id=\"14d14be\" data-element_type=\"widget\" data-widget_type=\"tabs.default\">\n\t\t\t\t<div class=\"elementor-widget-container\">\n\t\t\t<style>.elementor-widget-tabs.elementor-tabs-view-vertical .elementor-tabs-wrapper{width:25%;flex-shrink:0}.elementor-widget-tabs.elementor-tabs-view-vertical .elementor-tab-desktop-title.elementor-active{border-right-style:none}.elementor-widget-tabs.elementor-tabs-view-vertical .elementor-tab-desktop-title.elementor-active:after,.elementor-widget-tabs.elementor-tabs-view-vertical .elementor-tab-desktop-title.elementor-active:before{height:999em;width:0;right:0;border-right-style:solid}.elementor-widget-tabs.elementor-tabs-view-vertical .elementor-tab-desktop-title.elementor-active:before{top:0;transform:translateY(-100%)}.elementor-widget-tabs.elementor-tabs-view-vertical .elementor-tab-desktop-title.elementor-active:after{top:100%}.elementor-widget-tabs.elementor-tabs-view-horizontal .elementor-tab-desktop-title{display:table-cell}.elementor-widget-tabs.elementor-tabs-view-horizontal .elementor-tab-desktop-title.elementor-active{border-bottom-style:none}.elementor-widget-tabs.elementor-tabs-view-horizontal .elementor-tab-desktop-title.elementor-active:after,.elementor-widget-tabs.elementor-tabs-view-horizontal .elementor-tab-desktop-title.elementor-active:before{bottom:0;height:0;width:999em;border-bottom-style:solid}.elementor-widget-tabs.elementor-tabs-view-horizontal .elementor-tab-desktop-title.elementor-active:before{right:100%}.elementor-widget-tabs.elementor-tabs-view-horizontal .elementor-tab-desktop-title.elementor-active:after{left:100%}.elementor-widget-tabs .elementor-tab-content,.elementor-widget-tabs .elementor-tab-title,.elementor-widget-tabs .elementor-tab-title:after,.elementor-widget-tabs .elementor-tab-title:before,.elementor-widget-tabs .elementor-tabs-content-wrapper{border:1px #d5d8dc}.elementor-widget-tabs .elementor-tabs{text-align:left}.elementor-widget-tabs .elementor-tabs-wrapper{overflow:hidden}.elementor-widget-tabs .elementor-tab-title{cursor:pointer;outline:var(--focus-outline,none)}.elementor-widget-tabs .elementor-tab-desktop-title{position:relative;padding:20px 25px;font-weight:700;line-height:1;border:solid transparent}.elementor-widget-tabs .elementor-tab-desktop-title.elementor-active{border-color:#d5d8dc}.elementor-widget-tabs .elementor-tab-desktop-title.elementor-active:after,.elementor-widget-tabs .elementor-tab-desktop-title.elementor-active:before{display:block;content:\"\";position:absolute}.elementor-widget-tabs .elementor-tab-desktop-title:focus-visible{border:1px solid #000}.elementor-widget-tabs .elementor-tab-mobile-title{padding:10px;cursor:pointer}.elementor-widget-tabs .elementor-tab-content{padding:20px;display:none}@media (max-width:767px){.elementor-tabs .elementor-tab-content,.elementor-tabs .elementor-tab-title{border-style:solid solid none}.elementor-tabs .elementor-tabs-wrapper{display:none}.elementor-tabs .elementor-tabs-content-wrapper{border-bottom-style:solid}.elementor-tabs .elementor-tab-content{padding:10px}}@media (min-width:768px){.elementor-widget-tabs.elementor-tabs-view-vertical .elementor-tabs{display:flex}.elementor-widget-tabs.elementor-tabs-view-vertical .elementor-tabs-wrapper{flex-direction:column}.elementor-widget-tabs.elementor-tabs-view-vertical .elementor-tabs-content-wrapper{flex-grow:1;border-style:solid solid solid none}.elementor-widget-tabs.elementor-tabs-view-horizontal .elementor-tab-content{border-style:none solid solid}.elementor-widget-tabs.elementor-tabs-alignment-center .elementor-tabs-wrapper,.elementor-widget-tabs.elementor-tabs-alignment-end .elementor-tabs-wrapper,.elementor-widget-tabs.elementor-tabs-alignment-stretch .elementor-tabs-wrapper{display:flex}.elementor-widget-tabs.elementor-tabs-alignment-center .elementor-tabs-wrapper{justify-content:center}.elementor-widget-tabs.elementor-tabs-alignment-end .elementor-tabs-wrapper{justify-content:flex-end}.elementor-widget-tabs.elementor-tabs-alignment-stretch.elementor-tabs-view-horizontal .elementor-tab-title{width:100%}.elementor-widget-tabs.elementor-tabs-alignment-stretch.elementor-tabs-view-vertical .elementor-tab-title{height:100%}.elementor-tabs .elementor-tab-mobile-title{display:none}}<\/style>\t\t<div class=\"elementor-tabs\">\n\t\t\t<div class=\"elementor-tabs-wrapper\" role=\"tablist\" >\n\t\t\t\t\t\t\t\t\t<div id=\"elementor-tab-title-2181\" class=\"elementor-tab-title elementor-tab-desktop-title\" aria-selected=\"true\" data-tab=\"1\" role=\"tab\" tabindex=\"0\" aria-controls=\"elementor-tab-content-2181\" aria-expanded=\"false\">Descripci\u00f3n<\/div>\n\t\t\t\t\t\t\t\t\t<div id=\"elementor-tab-title-2182\" class=\"elementor-tab-title elementor-tab-desktop-title\" aria-selected=\"false\" data-tab=\"2\" role=\"tab\" tabindex=\"-1\" aria-controls=\"elementor-tab-content-2182\" aria-expanded=\"false\">Material<\/div>\n\t\t\t\t\t\t\t\t\t<div id=\"elementor-tab-title-2183\" class=\"elementor-tab-title elementor-tab-desktop-title\" aria-selected=\"false\" data-tab=\"3\" role=\"tab\" tabindex=\"-1\" aria-controls=\"elementor-tab-content-2183\" aria-expanded=\"false\">Detalles<\/div>\n\t\t\t\t\t\t\t<\/div>\n\t\t\t<div class=\"elementor-tabs-content-wrapper\" role=\"tablist\" aria-orientation=\"vertical\">\n\t\t\t\t\t\t\t\t\t<div class=\"elementor-tab-title elementor-tab-mobile-title\" aria-selected=\"true\" data-tab=\"1\" role=\"tab\" tabindex=\"0\" aria-controls=\"elementor-tab-content-2181\" aria-expanded=\"false\">Descripci\u00f3n<\/div>\n\t\t\t\t\t<div id=\"elementor-tab-content-2181\" class=\"elementor-tab-content elementor-clearfix\" data-tab=\"1\" role=\"tabpanel\" aria-labelledby=\"elementor-tab-title-2181\" tabindex=\"0\" hidden=\"false\"><p><strong><span style=\"color: #000080;\">\u00a1IDEAL PARA EL FR\u00cdO!<\/span>\u00a0 \u00a0 \u00a0 \u00a0 \u00a0 \u00a0 \u00a0 \u00a0 \u00a0 \u00a0 \u00a0 \u00a0 \u00a0 \u00a0 \u00a0 \u00a0 \u00a0 \u00a0 \u00a0 \u00a0 \u00a0 \u00a0 \u00a0 \u00a0 \u00a0 \u00a0 \u00a0 \u00a0 \u00a0 \u00a0 \u00a0 \u00a0 \u00a0 \u00a0 \u00a0 \u00a0 \u00a0 \u00a0 <\/strong>\u00a0 \u00a0 \u00a0 \u00a0 \u00a0 \u00a0 \u00a0 \u00a0 \u00a0 \u00a0\u00a0<img decoding=\"async\" loading=\"lazy\" class=\"alignnone wp-image-7485\" src=\"http:\/\/proonesport.com\/wp-content\/uploads\/2023\/10\/telas_-300x300.png\" alt=\"\" width=\"30\" height=\"30\" srcset=\"https:\/\/proonesport.com\/wp-content\/uploads\/2023\/10\/telas_-300x300.png 300w, https:\/\/proonesport.com\/wp-content\/uploads\/2023\/10\/telas_-150x150.png 150w, https:\/\/proonesport.com\/wp-content\/uploads\/2023\/10\/telas_-12x12.png 12w, https:\/\/proonesport.com\/wp-content\/uploads\/2023\/10\/telas_-100x100.png 100w, https:\/\/proonesport.com\/wp-content\/uploads\/2023\/10\/telas_-50x50.png 50w, https:\/\/proonesport.com\/wp-content\/uploads\/2023\/10\/telas_.png 302w\" sizes=\"(max-width: 30px) 100vw, 30px\" \/> ComfortMAX (tela)\u00a0 \u00a0 \u00a0 \u00a0 \u00a0 \u00a0 \u00a0 \u00a0 \u00a0 \u00a0 \u00a0 \u00a0 \u00a0 \u00a0 \u00a0 \u00a0 \u00a0 \u00a0 \u00a0 \u00a0 \u00a0 \u00a0 \u00a0 \u00a0 \u00a0 \u00a0 \u00a0 \u00a0 \u00a0 \u00a0 \u00a0 \u00a0 \u00a0 \u00a0 \u00a0 \u00a0 \u00a0 \u00a0 \u00a0 \u00a0 \u00a0 \u00a0 \u00a0 \u00a0 \u00a0 \u00a0 \u00a0 \u00a0 \u00a0 <img decoding=\"async\" loading=\"lazy\" class=\"alignnone wp-image-7479\" src=\"http:\/\/proonesport.com\/wp-content\/uploads\/2023\/10\/liviano-1-300x300.png\" alt=\"\" width=\"30\" height=\"30\" srcset=\"https:\/\/proonesport.com\/wp-content\/uploads\/2023\/10\/liviano-1-300x300.png 300w, https:\/\/proonesport.com\/wp-content\/uploads\/2023\/10\/liviano-1-150x150.png 150w, https:\/\/proonesport.com\/wp-content\/uploads\/2023\/10\/liviano-1-12x12.png 12w, https:\/\/proonesport.com\/wp-content\/uploads\/2023\/10\/liviano-1-100x100.png 100w, https:\/\/proonesport.com\/wp-content\/uploads\/2023\/10\/liviano-1-50x50.png 50w, https:\/\/proonesport.com\/wp-content\/uploads\/2023\/10\/liviano-1.png 302w\" sizes=\"(max-width: 30px) 100vw, 30px\" \/> C\u00f3moda y ligera\u00a0 \u00a0 \u00a0 \u00a0 \u00a0 \u00a0 \u00a0 \u00a0 \u00a0 \u00a0 \u00a0 \u00a0 \u00a0 \u00a0 \u00a0 \u00a0 \u00a0 \u00a0 \u00a0 \u00a0 \u00a0 \u00a0 \u00a0 \u00a0 \u00a0 \u00a0 \u00a0 \u00a0 \u00a0 \u00a0 \u00a0 \u00a0 \u00a0 \u00a0 \u00a0 \u00a0 \u00a0 \u00a0 \u00a0 \u00a0 \u00a0 \u00a0 \u00a0 \u00a0 \u00a0 \u00a0 \u00a0 \u00a0 \u00a0 \u00a0 \u00a0\u00a0\u00a0<img decoding=\"async\" loading=\"lazy\" class=\"alignnone wp-image-7594\" src=\"http:\/\/proonesport.com\/wp-content\/uploads\/2023\/10\/colores-disponibles-300x300.png\" alt=\"\" width=\"30\" height=\"30\" srcset=\"https:\/\/proonesport.com\/wp-content\/uploads\/2023\/10\/colores-disponibles-300x300.png 300w, https:\/\/proonesport.com\/wp-content\/uploads\/2023\/10\/colores-disponibles-150x150.png 150w, https:\/\/proonesport.com\/wp-content\/uploads\/2023\/10\/colores-disponibles-12x12.png 12w, https:\/\/proonesport.com\/wp-content\/uploads\/2023\/10\/colores-disponibles-100x100.png 100w, https:\/\/proonesport.com\/wp-content\/uploads\/2023\/10\/colores-disponibles-50x50.png 50w, https:\/\/proonesport.com\/wp-content\/uploads\/2023\/10\/colores-disponibles.png 302w\" sizes=\"(max-width: 30px) 100vw, 30px\" \/> 4 colors available<\/p><\/div>\n\t\t\t\t\t\t\t\t\t<div class=\"elementor-tab-title elementor-tab-mobile-title\" aria-selected=\"false\" data-tab=\"2\" role=\"tab\" tabindex=\"-1\" aria-controls=\"elementor-tab-content-2182\" aria-expanded=\"false\">Material<\/div>\n\t\t\t\t\t<div id=\"elementor-tab-content-2182\" class=\"elementor-tab-content elementor-clearfix\" data-tab=\"2\" role=\"tabpanel\" aria-labelledby=\"elementor-tab-title-2182\" tabindex=\"0\" hidden=\"hidden\"><p>-Confeccionado en tejido polar Micro Fleece Micro Fibra denominado ConfortMax.<br \/>-Mantiene el cuello caliente.<br \/>-Resistente al viento y a la abrasi\u00f3n.<br \/>-El calentador de cuello tiene forma de tubo, se coloca sobre la cabeza y se coloca alrededor del cuello.<\/p><\/div>\n\t\t\t\t\t\t\t\t\t<div class=\"elementor-tab-title elementor-tab-mobile-title\" aria-selected=\"false\" data-tab=\"3\" role=\"tab\" tabindex=\"-1\" aria-controls=\"elementor-tab-content-2183\" aria-expanded=\"false\">Detalles<\/div>\n\t\t\t\t\t<div id=\"elementor-tab-content-2183\" class=\"elementor-tab-content elementor-clearfix\" data-tab=\"3\" role=\"tabpanel\" aria-labelledby=\"elementor-tab-title-2183\" tabindex=\"0\" hidden=\"hidden\"><p><strong>COLOR:<\/strong> 4 colors available.<br \/><strong>MODEL:<\/strong> WARM<br \/><strong>FABRIC:<\/strong>\u00a0 Confort Max<\/p><\/div>\n\t\t\t\t\t\t\t<\/div>\n\t\t<\/div>\n\t\t\t\t<\/div>\n\t\t\t\t<\/div>\n\t\t\t\t\t<\/div>\n\t\t<\/div>\n\t\t\t\t\t\t\t<\/div>\n\t\t<\/section>\n\t\t\t\t<section class=\"elementor-section elementor-top-section elementor-element elementor-element-74319ec elementor-section-boxed elementor-section-height-default elementor-section-height-default\" data-id=\"74319ec\" data-element_type=\"section\">\n\t\t\t\t\t\t<div class=\"elementor-container elementor-column-gap-default\">\n\t\t\t\t\t<div class=\"elementor-column elementor-col-50 elementor-top-column elementor-element elementor-element-a0cd594\" data-id=\"a0cd594\" data-element_type=\"column\">\n\t\t\t<div class=\"elementor-widget-wrap elementor-element-populated\">\n\t\t\t\t\t\t\t\t<div class=\"elementor-element elementor-element-8fe73cc elementor-widget elementor-widget-image\" data-id=\"8fe73cc\" data-element_type=\"widget\" data-widget_type=\"image.default\">\n\t\t\t\t<div class=\"elementor-widget-container\">\n\t\t\t<style>\/*! elementor - v3.13.2 - 11-05-2023 *\/\n.elementor-widget-image{text-align:center}.elementor-widget-image a{display:inline-block}.elementor-widget-image a img[src$=\".svg\"]{width:48px}.elementor-widget-image img{vertical-align:middle;display:inline-block}<\/style>\t\t\t\t\t\t\t\t\t\t\t\t<img decoding=\"async\" width=\"1024\" height=\"886\" src=\"https:\/\/proonesport.com\/wp-content\/uploads\/2023\/11\/warm-pro-one-j-1024x886.jpg\" class=\"attachment-large size-large wp-image-7821\" alt=\"\" loading=\"lazy\" srcset=\"https:\/\/proonesport.com\/wp-content\/uploads\/2023\/11\/warm-pro-one-j-1024x886.jpg 1024w, https:\/\/proonesport.com\/wp-content\/uploads\/2023\/11\/warm-pro-one-j-300x260.jpg 300w, https:\/\/proonesport.com\/wp-content\/uploads\/2023\/11\/warm-pro-one-j-768x665.jpg 768w, https:\/\/proonesport.com\/wp-content\/uploads\/2023\/11\/warm-pro-one-j-14x12.jpg 14w, https:\/\/proonesport.com\/wp-content\/uploads\/2023\/11\/warm-pro-one-j-600x519.jpg 600w, https:\/\/proonesport.com\/wp-content\/uploads\/2023\/11\/warm-pro-one-j.jpg 1248w\" sizes=\"(max-width: 1024px) 100vw, 1024px\" \/>\t\t\t\t\t\t\t\t\t\t\t\t\t\t\t<\/div>\n\t\t\t\t<\/div>\n\t\t\t\t\t<\/div>\n\t\t<\/div>\n\t\t\t\t<div class=\"elementor-column elementor-col-50 elementor-top-column elementor-element elementor-element-4678df8\" data-id=\"4678df8\" data-element_type=\"column\">\n\t\t\t<div class=\"elementor-widget-wrap elementor-element-populated\">\n\t\t\t\t\t\t\t\t<div class=\"elementor-element elementor-element-6b86669 elementor-widget elementor-widget-image\" data-id=\"6b86669\" data-element_type=\"widget\" data-widget_type=\"image.default\">\n\t\t\t\t<div class=\"elementor-widget-container\">\n\t\t\t\t\t\t\t\t\t\t\t\t\t\t\t<img decoding=\"async\" width=\"1024\" height=\"463\" src=\"https:\/\/proonesport.com\/wp-content\/uploads\/2023\/11\/logo-1024x463.jpg\" class=\"attachment-large size-large wp-image-7822\" alt=\"\" loading=\"lazy\" srcset=\"https:\/\/proonesport.com\/wp-content\/uploads\/2023\/11\/logo-1024x463.jpg 1024w, https:\/\/proonesport.com\/wp-content\/uploads\/2023\/11\/logo-300x136.jpg 300w, https:\/\/proonesport.com\/wp-content\/uploads\/2023\/11\/logo-768x347.jpg 768w, https:\/\/proonesport.com\/wp-content\/uploads\/2023\/11\/logo-1536x694.jpg 1536w, https:\/\/proonesport.com\/wp-content\/uploads\/2023\/11\/logo-2048x925.jpg 2048w, https:\/\/proonesport.com\/wp-content\/uploads\/2023\/11\/logo-18x8.jpg 18w, https:\/\/proonesport.com\/wp-content\/uploads\/2023\/11\/logo-1320x596.jpg 1320w, https:\/\/proonesport.com\/wp-content\/uploads\/2023\/11\/logo-600x271.jpg 600w\" sizes=\"(max-width: 1024px) 100vw, 1024px\" \/>\t\t\t\t\t\t\t\t\t\t\t\t\t\t\t<\/div>\n\t\t\t\t<\/div>\n\t\t\t\t\t<\/div>\n\t\t<\/div>\n\t\t\t\t\t\t\t<\/div>\n\t\t<\/section>\n\t\t\t\t\t\t\t<\/div>","protected":false},"excerpt":{"rendered":"<p>Previous Next ACCESORIOS\/PRO-ONE Pro-One Warm Jaspeado, fabricado con suaves fibras polares de alta calidad llamadas Confort Max, mantiene el cuello abrigado y resistente al viento y a la abrasi\u00f3n. Se coloca sobre la cabeza y se coloca alrededor del cuello: \u00a1ideal para climas fr\u00edos. Descripci\u00f3n Material Detalles Descripci\u00f3n \u00a1IDEAL PARA EL FR\u00cdO!\u00a0 \u00a0 \u00a0 \u00a0 &hellip;<\/p>\n<p class=\"read-more\"> <a class=\"\" href=\"https:\/\/proonesport.com\/es\/product\/pro-one-bufanda-jaspeado-termico\/\"> <span class=\"screen-reader-text\">Bufanda T\u00e9rmica Jaspeado<\/span> Read More &raquo;<\/a><\/p>","protected":false},"featured_media":7428,"template":"elementor_header_footer","meta":{"om_disable_all_campaigns":false,"_monsterinsights_skip_tracking":false,"_monsterinsights_sitenote_active":false,"_monsterinsights_sitenote_note":"","_monsterinsights_sitenote_category":0,"site-sidebar-layout":"no-sidebar","site-content-layout":"page-builder","ast-global-header-display":"","ast-main-header-display":"","ast-hfb-above-header-display":"","ast-hfb-below-header-display":"","ast-hfb-mobile-header-display":"","site-post-title":"disabled","ast-breadcrumbs-content":"","ast-featured-img":"disabled","footer-sml-layout":"","theme-transparent-header-meta":"default","adv-header-id-meta":"","stick-header-meta":"","header-above-stick-meta":"","header-main-stick-meta":"","header-below-stick-meta":""},"product_cat":[340,342],"product_tag":[],"aioseo_notices":[],"_links":{"self":[{"href":"https:\/\/proonesport.com\/es\/wp-json\/wp\/v2\/product\/8309"}],"collection":[{"href":"https:\/\/proonesport.com\/es\/wp-json\/wp\/v2\/product"}],"about":[{"href":"https:\/\/proonesport.com\/es\/wp-json\/wp\/v2\/types\/product"}],"version-history":[{"count":11,"href":"https:\/\/proonesport.com\/es\/wp-json\/wp\/v2\/product\/8309\/revisions"}],"predecessor-version":[{"id":12024,"href":"https:\/\/proonesport.com\/es\/wp-json\/wp\/v2\/product\/8309\/revisions\/12024"}],"wp:featuredmedia":[{"embeddable":true,"href":"https:\/\/proonesport.com\/es\/wp-json\/wp\/v2\/media\/7428"}],"wp:attachment":[{"href":"https:\/\/proonesport.com\/es\/wp-json\/wp\/v2\/media?parent=8309"}],"wp:term":[{"taxonomy":"product_cat","embeddable":true,"href":"https:\/\/proonesport.com\/es\/wp-json\/wp\/v2\/product_cat?post=8309"},{"taxonomy":"product_tag","embeddable":true,"href":"https:\/\/proonesport.com\/es\/wp-json\/wp\/v2\/product_tag?post=8309"}],"curies":[{"name":"wp","href":"https:\/\/api.w.org\/{rel}","templated":true}]}}