{"id":8161,"date":"2023-11-06T17:15:06","date_gmt":"2023-11-06T17:15:06","guid":{"rendered":"https:\/\/proonesport.com\/?post_type=product&#038;p=8161"},"modified":"2025-11-07T17:07:58","modified_gmt":"2025-11-07T17:07:58","slug":"pro-one-pantalon-control-terrain","status":"publish","type":"product","link":"https:\/\/proonesport.com\/es\/product\/pro-one-pantalon-control-terrain\/","title":{"rendered":"Pantal\u00f3n de Arquero Control Terrain"},"content":{"rendered":"<div data-elementor-type=\"product-post\" data-elementor-id=\"8161\" class=\"elementor elementor-8161\" data-elementor-post-type=\"product\">\n\t\t\t\t\t\t<section class=\"elementor-section elementor-top-section elementor-element elementor-element-3f7ff8b elementor-section-boxed elementor-section-height-default elementor-section-height-default\" data-id=\"3f7ff8b\" data-element_type=\"section\" data-e-type=\"section\">\n\t\t\t\t\t\t<div class=\"elementor-container elementor-column-gap-default\">\n\t\t\t\t\t<div class=\"elementor-column elementor-col-50 elementor-top-column elementor-element elementor-element-b4fb04d\" data-id=\"b4fb04d\" data-element_type=\"column\" data-e-type=\"column\">\n\t\t\t<div class=\"elementor-widget-wrap elementor-element-populated\">\n\t\t\t\t\t\t<div class=\"elementor-element elementor-element-6ef1056 yes elementor-widget elementor-widget-woocommerce-product-images\" data-id=\"6ef1056\" data-element_type=\"widget\" data-e-type=\"widget\" data-widget_type=\"woocommerce-product-images.default\">\n\t\t\t\t<div class=\"elementor-widget-container\">\n\t\t\t\t\t<div class=\"woocommerce-product-gallery woocommerce-product-gallery--with-images woocommerce-product-gallery--columns-4 images\" data-columns=\"4\" style=\"opacity: 0; transition: opacity .25s ease-in-out;\">\n\t<div class=\"woocommerce-product-gallery__wrapper\">\n\t\t<div data-thumb=\"https:\/\/proonesport.com\/wp-content\/uploads\/2023\/11\/pro-one-control-terrain-1-100x100.jpg\" data-thumb-alt=\"Pantal\u00f3n de Arquero Control Terrain\" data-thumb-srcset=\"https:\/\/proonesport.com\/wp-content\/uploads\/2023\/11\/pro-one-control-terrain-1-100x100.jpg 100w, https:\/\/proonesport.com\/wp-content\/uploads\/2023\/11\/pro-one-control-terrain-1-150x150.jpg 150w, https:\/\/proonesport.com\/wp-content\/uploads\/2023\/11\/pro-one-control-terrain-1-50x50.jpg 50w\"  data-thumb-sizes=\"(max-width: 100px) 100vw, 100px\" class=\"woocommerce-product-gallery__image\"><a href=\"https:\/\/proonesport.com\/wp-content\/uploads\/2023\/11\/pro-one-control-terrain-1.jpg\"><img fetchpriority=\"high\" decoding=\"async\" width=\"600\" height=\"778\" src=\"https:\/\/proonesport.com\/wp-content\/uploads\/2023\/11\/pro-one-control-terrain-1-600x778.jpg\" class=\"wp-post-image\" alt=\"Pantal\u00f3n de Arquero Control Terrain\" data-caption=\"\" data-src=\"https:\/\/proonesport.com\/wp-content\/uploads\/2023\/11\/pro-one-control-terrain-1.jpg\" data-large_image=\"https:\/\/proonesport.com\/wp-content\/uploads\/2023\/11\/pro-one-control-terrain-1.jpg\" data-large_image_width=\"771\" data-large_image_height=\"1000\" srcset=\"https:\/\/proonesport.com\/wp-content\/uploads\/2023\/11\/pro-one-control-terrain-1-600x778.jpg 600w, https:\/\/proonesport.com\/wp-content\/uploads\/2023\/11\/pro-one-control-terrain-1-231x300.jpg 231w, https:\/\/proonesport.com\/wp-content\/uploads\/2023\/11\/pro-one-control-terrain-1-768x996.jpg 768w, https:\/\/proonesport.com\/wp-content\/uploads\/2023\/11\/pro-one-control-terrain-1-9x12.jpg 9w, https:\/\/proonesport.com\/wp-content\/uploads\/2023\/11\/pro-one-control-terrain-1-300x389.jpg 300w, https:\/\/proonesport.com\/wp-content\/uploads\/2023\/11\/pro-one-control-terrain-1.jpg 771w\" sizes=\"(max-width: 600px) 100vw, 600px\" \/><\/a><\/div><div data-thumb=\"https:\/\/proonesport.com\/wp-content\/uploads\/2023\/11\/pro-one-control-terrain-2-100x100.png\" data-thumb-alt=\"Pantal\u00f3n de Arquero Control Terrain - Image 2\" data-thumb-srcset=\"https:\/\/proonesport.com\/wp-content\/uploads\/2023\/11\/pro-one-control-terrain-2-100x100.png 100w, https:\/\/proonesport.com\/wp-content\/uploads\/2023\/11\/pro-one-control-terrain-2-150x150.png 150w, https:\/\/proonesport.com\/wp-content\/uploads\/2023\/11\/pro-one-control-terrain-2-50x50.png 50w\"  data-thumb-sizes=\"(max-width: 100px) 100vw, 100px\" class=\"woocommerce-product-gallery__image\" data-no-translation-data-thumb-alt=\"\"><a href=\"https:\/\/proonesport.com\/wp-content\/uploads\/2023\/11\/pro-one-control-terrain-2.png\"><img decoding=\"async\" width=\"600\" height=\"778\" src=\"https:\/\/proonesport.com\/wp-content\/uploads\/2023\/11\/pro-one-control-terrain-2-600x778.png\" class=\"\" alt=\"Pantal\u00f3n de Arquero Control Terrain - Image 2\" data-caption=\"\" data-src=\"https:\/\/proonesport.com\/wp-content\/uploads\/2023\/11\/pro-one-control-terrain-2.png\" data-large_image=\"https:\/\/proonesport.com\/wp-content\/uploads\/2023\/11\/pro-one-control-terrain-2.png\" data-large_image_width=\"771\" data-large_image_height=\"1000\" srcset=\"https:\/\/proonesport.com\/wp-content\/uploads\/2023\/11\/pro-one-control-terrain-2-600x778.png 600w, https:\/\/proonesport.com\/wp-content\/uploads\/2023\/11\/pro-one-control-terrain-2-231x300.png 231w, https:\/\/proonesport.com\/wp-content\/uploads\/2023\/11\/pro-one-control-terrain-2-768x996.png 768w, https:\/\/proonesport.com\/wp-content\/uploads\/2023\/11\/pro-one-control-terrain-2-9x12.png 9w, https:\/\/proonesport.com\/wp-content\/uploads\/2023\/11\/pro-one-control-terrain-2-300x389.png 300w, https:\/\/proonesport.com\/wp-content\/uploads\/2023\/11\/pro-one-control-terrain-2.png 771w\" sizes=\"(max-width: 600px) 100vw, 600px\" data-no-translation-alt=\"\" \/><\/a><\/div><div data-thumb=\"https:\/\/proonesport.com\/wp-content\/uploads\/2023\/11\/pro-one-control-terrain-100x100.jpg\" data-thumb-alt=\"Pantal\u00f3n de Arquero Control Terrain - Image 3\" data-thumb-srcset=\"https:\/\/proonesport.com\/wp-content\/uploads\/2023\/11\/pro-one-control-terrain-100x100.jpg 100w, https:\/\/proonesport.com\/wp-content\/uploads\/2023\/11\/pro-one-control-terrain-150x150.jpg 150w, https:\/\/proonesport.com\/wp-content\/uploads\/2023\/11\/pro-one-control-terrain-50x50.jpg 50w\"  data-thumb-sizes=\"(max-width: 100px) 100vw, 100px\" class=\"woocommerce-product-gallery__image\" data-no-translation-data-thumb-alt=\"\"><a href=\"https:\/\/proonesport.com\/wp-content\/uploads\/2023\/11\/pro-one-control-terrain.jpg\"><img decoding=\"async\" width=\"600\" height=\"778\" src=\"https:\/\/proonesport.com\/wp-content\/uploads\/2023\/11\/pro-one-control-terrain-600x778.jpg\" class=\"\" alt=\"Pantal\u00f3n de Arquero Control Terrain - Image 3\" data-caption=\"\" data-src=\"https:\/\/proonesport.com\/wp-content\/uploads\/2023\/11\/pro-one-control-terrain.jpg\" data-large_image=\"https:\/\/proonesport.com\/wp-content\/uploads\/2023\/11\/pro-one-control-terrain.jpg\" data-large_image_width=\"771\" data-large_image_height=\"1000\" srcset=\"https:\/\/proonesport.com\/wp-content\/uploads\/2023\/11\/pro-one-control-terrain-600x778.jpg 600w, https:\/\/proonesport.com\/wp-content\/uploads\/2023\/11\/pro-one-control-terrain-231x300.jpg 231w, https:\/\/proonesport.com\/wp-content\/uploads\/2023\/11\/pro-one-control-terrain-768x996.jpg 768w, https:\/\/proonesport.com\/wp-content\/uploads\/2023\/11\/pro-one-control-terrain-9x12.jpg 9w, https:\/\/proonesport.com\/wp-content\/uploads\/2023\/11\/pro-one-control-terrain-300x389.jpg 300w, https:\/\/proonesport.com\/wp-content\/uploads\/2023\/11\/pro-one-control-terrain.jpg 771w\" sizes=\"(max-width: 600px) 100vw, 600px\" data-no-translation-alt=\"\" \/><\/a><\/div>\t<\/div>\n<\/div>\n\t\t\t\t<\/div>\n\t\t\t\t<\/div>\n\t\t\t\t\t<\/div>\n\t\t<\/div>\n\t\t\t\t<div class=\"elementor-column elementor-col-50 elementor-top-column elementor-element elementor-element-8685aaf\" data-id=\"8685aaf\" data-element_type=\"column\" data-e-type=\"column\">\n\t\t\t<div class=\"elementor-widget-wrap elementor-element-populated\">\n\t\t\t\t\t\t<div class=\"elementor-element elementor-element-145592e elementor-widget elementor-widget-woocommerce-product-title elementor-page-title elementor-widget-heading\" data-id=\"145592e\" data-element_type=\"widget\" data-e-type=\"widget\" data-widget_type=\"woocommerce-product-title.default\">\n\t\t\t\t<div class=\"elementor-widget-container\">\n\t\t\t\t\t<h1 class=\"product_title entry-title elementor-heading-title elementor-size-default\">Pantal\u00f3n de Arquero Control Terrain<\/h1>\t\t\t\t<\/div>\n\t\t\t\t<\/div>\n\t\t\t\t<div class=\"elementor-element elementor-element-9e8240d elementor-widget elementor-widget-heading\" data-id=\"9e8240d\" data-element_type=\"widget\" data-e-type=\"widget\" data-widget_type=\"heading.default\">\n\t\t\t\t<div class=\"elementor-widget-container\">\n\t\t\t\t\t<h2 class=\"elementor-heading-title elementor-size-default\">El Pro-One Control Terrain ofrece resistencia superior, protecci\u00f3n solar y un ajuste c\u00f3modo para rendir al m\u00e1ximo en cada partido.<\/h2>\t\t\t\t<\/div>\n\t\t\t\t<\/div>\n\t\t\t\t<div class=\"elementor-element elementor-element-f4646e1 elementor-tabs-view-horizontal elementor-widget elementor-widget-tabs\" data-id=\"f4646e1\" data-element_type=\"widget\" data-e-type=\"widget\" data-widget_type=\"tabs.default\">\n\t\t\t\t<div class=\"elementor-widget-container\">\n\t\t\t\t\t\t\t<div class=\"elementor-tabs\">\n\t\t\t<div class=\"elementor-tabs-wrapper\" role=\"tablist\" >\n\t\t\t\t\t\t\t\t\t<div id=\"elementor-tab-title-2561\" class=\"elementor-tab-title elementor-tab-desktop-title\" aria-selected=\"true\" data-tab=\"1\" role=\"tab\" tabindex=\"0\" aria-controls=\"elementor-tab-content-2561\" aria-expanded=\"false\">Material<\/div>\n\t\t\t\t\t\t\t\t\t<div id=\"elementor-tab-title-2562\" class=\"elementor-tab-title elementor-tab-desktop-title\" aria-selected=\"false\" data-tab=\"2\" role=\"tab\" tabindex=\"-1\" aria-controls=\"elementor-tab-content-2562\" aria-expanded=\"false\">Descripci\u00f3n<\/div>\n\t\t\t\t\t\t\t\t\t<div id=\"elementor-tab-title-2563\" class=\"elementor-tab-title elementor-tab-desktop-title\" aria-selected=\"false\" data-tab=\"3\" role=\"tab\" tabindex=\"-1\" aria-controls=\"elementor-tab-content-2563\" aria-expanded=\"false\">Detalles<\/div>\n\t\t\t\t\t\t\t<\/div>\n\t\t\t<div class=\"elementor-tabs-content-wrapper\" role=\"tablist\" aria-orientation=\"vertical\">\n\t\t\t\t\t\t\t\t\t<div class=\"elementor-tab-title elementor-tab-mobile-title\" aria-selected=\"true\" data-tab=\"1\" role=\"tab\" tabindex=\"0\" aria-controls=\"elementor-tab-content-2561\" aria-expanded=\"false\">Material<\/div>\n\t\t\t\t\t<div id=\"elementor-tab-content-2561\" class=\"elementor-tab-content elementor-clearfix\" data-tab=\"1\" role=\"tabpanel\" aria-labelledby=\"elementor-tab-title-2561\" tabindex=\"0\" hidden=\"false\"><pre><img loading=\"lazy\" decoding=\"async\" class=\"alignnone wp-image-7485\" src=\"http:\/\/proonesport.com\/wp-content\/uploads\/2023\/10\/telas_-300x300.png\" alt=\"\" width=\"30\" height=\"30\" srcset=\"https:\/\/proonesport.com\/wp-content\/uploads\/2023\/10\/telas_-300x300.png 300w, https:\/\/proonesport.com\/wp-content\/uploads\/2023\/10\/telas_-150x150.png 150w, https:\/\/proonesport.com\/wp-content\/uploads\/2023\/10\/telas_-12x12.png 12w, https:\/\/proonesport.com\/wp-content\/uploads\/2023\/10\/telas_-100x100.png 100w, https:\/\/proonesport.com\/wp-content\/uploads\/2023\/10\/telas_-50x50.png 50w, https:\/\/proonesport.com\/wp-content\/uploads\/2023\/10\/telas_.png 302w\" sizes=\"(max-width: 30px) 100vw, 30px\" \/> Tela One Resist.\u00a0 \u00a0 \u00a0 \u00a0 \u00a0<br \/><img loading=\"lazy\" decoding=\"async\" class=\"alignnone wp-image-7459\" src=\"http:\/\/proonesport.com\/wp-content\/uploads\/2023\/10\/flexibilidad-300x300.png\" alt=\"\" width=\"25\" height=\"25\" srcset=\"https:\/\/proonesport.com\/wp-content\/uploads\/2023\/10\/flexibilidad-300x300.png 300w, https:\/\/proonesport.com\/wp-content\/uploads\/2023\/10\/flexibilidad-150x150.png 150w, https:\/\/proonesport.com\/wp-content\/uploads\/2023\/10\/flexibilidad-12x12.png 12w, https:\/\/proonesport.com\/wp-content\/uploads\/2023\/10\/flexibilidad-100x100.png 100w, https:\/\/proonesport.com\/wp-content\/uploads\/2023\/10\/flexibilidad-50x50.png 50w, https:\/\/proonesport.com\/wp-content\/uploads\/2023\/10\/flexibilidad.png 302w\" sizes=\"(max-width: 25px) 100vw, 25px\" \/><span style=\"vertical-align: inherit;\"><span style=\"vertical-align: inherit;\"><span style=\"vertical-align: inherit;\"><span style=\"vertical-align: inherit;\"> Maximo libertad de\u00a0 movimiento.<\/span><\/span><\/span><\/span><br \/><img loading=\"lazy\" decoding=\"async\" class=\"alignnone wp-image-7461\" src=\"http:\/\/proonesport.com\/wp-content\/uploads\/2023\/10\/liviano-300x300.png\" alt=\"\" width=\"30\" height=\"30\" srcset=\"https:\/\/proonesport.com\/wp-content\/uploads\/2023\/10\/liviano-300x300.png 300w, https:\/\/proonesport.com\/wp-content\/uploads\/2023\/10\/liviano-150x150.png 150w, https:\/\/proonesport.com\/wp-content\/uploads\/2023\/10\/liviano-12x12.png 12w, https:\/\/proonesport.com\/wp-content\/uploads\/2023\/10\/liviano-100x100.png 100w, https:\/\/proonesport.com\/wp-content\/uploads\/2023\/10\/liviano-50x50.png 50w, https:\/\/proonesport.com\/wp-content\/uploads\/2023\/10\/liviano.png 302w\" sizes=\"(max-width: 30px) 100vw, 30px\" \/><span style=\"vertical-align: inherit;\"><span style=\"vertical-align: inherit;\"><span style=\"vertical-align: inherit;\"><span style=\"vertical-align: inherit;\"> IDeal para entrenamiento.<\/span><\/span><\/span><\/span><br \/><img loading=\"lazy\" decoding=\"async\" class=\"alignnone wp-image-7486\" src=\"http:\/\/proonesport.com\/wp-content\/uploads\/2023\/10\/transpirable-1-300x300.png\" alt=\"\" width=\"30\" height=\"30\" srcset=\"https:\/\/proonesport.com\/wp-content\/uploads\/2023\/10\/transpirable-1-300x300.png 300w, https:\/\/proonesport.com\/wp-content\/uploads\/2023\/10\/transpirable-1-150x150.png 150w, https:\/\/proonesport.com\/wp-content\/uploads\/2023\/10\/transpirable-1-12x12.png 12w, https:\/\/proonesport.com\/wp-content\/uploads\/2023\/10\/transpirable-1-100x100.png 100w, https:\/\/proonesport.com\/wp-content\/uploads\/2023\/10\/transpirable-1-50x50.png 50w, https:\/\/proonesport.com\/wp-content\/uploads\/2023\/10\/transpirable-1.png 302w\" sizes=\"(max-width: 30px) 100vw, 30px\" \/> Transpirables.<br \/><img loading=\"lazy\" decoding=\"async\" class=\"alignnone wp-image-7484\" src=\"http:\/\/proonesport.com\/wp-content\/uploads\/2023\/10\/rayos-uv-1-300x300.png\" alt=\"\" width=\"30\" height=\"30\" srcset=\"https:\/\/proonesport.com\/wp-content\/uploads\/2023\/10\/rayos-uv-1-300x300.png 300w, https:\/\/proonesport.com\/wp-content\/uploads\/2023\/10\/rayos-uv-1-150x150.png 150w, https:\/\/proonesport.com\/wp-content\/uploads\/2023\/10\/rayos-uv-1-12x12.png 12w, https:\/\/proonesport.com\/wp-content\/uploads\/2023\/10\/rayos-uv-1-100x100.png 100w, https:\/\/proonesport.com\/wp-content\/uploads\/2023\/10\/rayos-uv-1-50x50.png 50w, https:\/\/proonesport.com\/wp-content\/uploads\/2023\/10\/rayos-uv-1.png 302w\" sizes=\"(max-width: 30px) 100vw, 30px\" \/> Protecci\u00f3n contra rayos UV 50.\u00a0 \u00a0 \u00a0 \u00a0 \u00a0 \u00a0 \u00a0 \u00a0 \u00a0 \u00a0 \u00a0 \u00a0 \u00a0 \u00a0 \u00a0 \u00a0 \u00a0 \u00a0 \u00a0 \u00a0 \u00a0 \u00a0 \u00a0 \u00a0 \u00a0 \u00a0 \u00a0 \u00a0 \u00a0 \u00a0 \u00a0 \u00a0 \u00a0 \u00a0 \u00a0 \u00a0 \u00a0 \u00a0 \u00a0 \u00a0 \u00a0 <br \/><img loading=\"lazy\" decoding=\"async\" class=\"alignnone wp-image-7471\" src=\"http:\/\/proonesport.com\/wp-content\/uploads\/2023\/10\/amortiguacion-2-1-300x300.png\" alt=\"\" width=\"30\" height=\"30\" srcset=\"https:\/\/proonesport.com\/wp-content\/uploads\/2023\/10\/amortiguacion-2-1-300x300.png 300w, https:\/\/proonesport.com\/wp-content\/uploads\/2023\/10\/amortiguacion-2-1-150x150.png 150w, https:\/\/proonesport.com\/wp-content\/uploads\/2023\/10\/amortiguacion-2-1-12x12.png 12w, https:\/\/proonesport.com\/wp-content\/uploads\/2023\/10\/amortiguacion-2-1-100x100.png 100w, https:\/\/proonesport.com\/wp-content\/uploads\/2023\/10\/amortiguacion-2-1-50x50.png 50w, https:\/\/proonesport.com\/wp-content\/uploads\/2023\/10\/amortiguacion-2-1.png 302w\" sizes=\"(max-width: 30px) 100vw, 30px\" \/> Amortiguaci\u00f3n superior.\u00a0 \u00a0 \u00a0 \u00a0 \u00a0 \u00a0 \u00a0 \u00a0 \u00a0 \u00a0 \u00a0 \u00a0 \u00a0 \u00a0 \u00a0 \u00a0 \u00a0 \u00a0 \u00a0 \u00a0 \u00a0 \u00a0 \u00a0<br \/><img loading=\"lazy\" decoding=\"async\" class=\"alignnone wp-image-7848\" src=\"http:\/\/proonesport.com\/wp-content\/uploads\/2023\/11\/mal-olor-1-300x300.png\" alt=\"\" width=\"28\" height=\"28\" srcset=\"https:\/\/proonesport.com\/wp-content\/uploads\/2023\/11\/mal-olor-1-300x300.png 300w, https:\/\/proonesport.com\/wp-content\/uploads\/2023\/11\/mal-olor-1-150x150.png 150w, https:\/\/proonesport.com\/wp-content\/uploads\/2023\/11\/mal-olor-1-12x12.png 12w, https:\/\/proonesport.com\/wp-content\/uploads\/2023\/11\/mal-olor-1-100x100.png 100w, https:\/\/proonesport.com\/wp-content\/uploads\/2023\/11\/mal-olor-1-50x50.png 50w, https:\/\/proonesport.com\/wp-content\/uploads\/2023\/11\/mal-olor-1.png 302w\" sizes=\"(max-width: 28px) 100vw, 28px\" \/> NO genera mal olor.<\/pre><\/div>\n\t\t\t\t\t\t\t\t\t<div class=\"elementor-tab-title elementor-tab-mobile-title\" aria-selected=\"false\" data-tab=\"2\" role=\"tab\" tabindex=\"-1\" aria-controls=\"elementor-tab-content-2562\" aria-expanded=\"false\">Descripci\u00f3n<\/div>\n\t\t\t\t\t<div id=\"elementor-tab-content-2562\" class=\"elementor-tab-content elementor-clearfix\" data-tab=\"2\" role=\"tabpanel\" aria-labelledby=\"elementor-tab-title-2562\" tabindex=\"0\" hidden=\"hidden\"><p>El Pantal\u00f3n de Arquero Pro-One Control Terrain redefine la resistencia y el rendimiento en el campo. Fabricado con tela Pro-One Resist reforzada con hilos de alta tenacidad, ofrece una durabilidad excepcional frente a la fricci\u00f3n y los impactos. Incorpora protecci\u00f3n solar UPF-50, tecnolog\u00eda antimicrobiana que elimina los malos olores y un tiro ergon\u00f3mico que brinda libertad total de movimiento. Desde la rodilla hasta el tobillo, su tejido ULTRAFIT se ajusta c\u00f3modamente al cuerpo.\u00a0<\/p><\/div>\n\t\t\t\t\t\t\t\t\t<div class=\"elementor-tab-title elementor-tab-mobile-title\" aria-selected=\"false\" data-tab=\"3\" role=\"tab\" tabindex=\"-1\" aria-controls=\"elementor-tab-content-2563\" aria-expanded=\"false\">Detalles<\/div>\n\t\t\t\t\t<div id=\"elementor-tab-content-2563\" class=\"elementor-tab-content elementor-clearfix\" data-tab=\"3\" role=\"tabpanel\" aria-labelledby=\"elementor-tab-title-2563\" tabindex=\"0\" hidden=\"hidden\"><p><strong>Protecci\u00f3n:<\/strong> Si, amortiguaci\u00f3n superior.<br \/><strong>Modelo:<\/strong> CONTROL TERRAIN<br \/><strong>Tela:<\/strong> One Resist.<\/p><\/div>\n\t\t\t\t\t\t\t<\/div>\n\t\t<\/div>\n\t\t\t\t\t\t<\/div>\n\t\t\t\t<\/div>\n\t\t\t\t\t<\/div>\n\t\t<\/div>\n\t\t\t\t\t<\/div>\n\t\t<\/section>\n\t\t\t\t<section class=\"elementor-section elementor-top-section elementor-element elementor-element-c9947da elementor-section-boxed elementor-section-height-default elementor-section-height-default\" data-id=\"c9947da\" data-element_type=\"section\" data-e-type=\"section\" data-settings=\"{&quot;background_background&quot;:&quot;classic&quot;}\">\n\t\t\t\t\t\t<div class=\"elementor-container elementor-column-gap-no\">\n\t\t\t\t\t<div class=\"elementor-column elementor-col-100 elementor-top-column elementor-element elementor-element-a717fe6\" data-id=\"a717fe6\" data-element_type=\"column\" data-e-type=\"column\" data-settings=\"{&quot;background_background&quot;:&quot;classic&quot;}\">\n\t\t\t<div class=\"elementor-widget-wrap elementor-element-populated\">\n\t\t\t\t\t\t<div class=\"elementor-element elementor-element-ffc00d2 elementor-widget elementor-widget-spacer\" data-id=\"ffc00d2\" data-element_type=\"widget\" data-e-type=\"widget\" data-widget_type=\"spacer.default\">\n\t\t\t\t<div class=\"elementor-widget-container\">\n\t\t\t\t\t\t\t<div class=\"elementor-spacer\">\n\t\t\t<div class=\"elementor-spacer-inner\"><\/div>\n\t\t<\/div>\n\t\t\t\t\t\t<\/div>\n\t\t\t\t<\/div>\n\t\t\t\t\t<\/div>\n\t\t<\/div>\n\t\t\t\t\t<\/div>\n\t\t<\/section>\n\t\t\t\t<\/div>","protected":false},"excerpt":{"rendered":"<p>El Pro-One Control Terrain ofrece resistencia superior, protecci\u00f3n solar y un ajuste c\u00f3modo para rendir al m\u00e1ximo en cada partido. Material Descripci\u00f3n Detalles Material Tela One Resist.\u00a0 \u00a0 \u00a0 \u00a0 \u00a0 Maximo libertad de\u00a0 movimiento. IDeal para entrenamiento. Transpirables. Protecci\u00f3n contra rayos UV 50.\u00a0 \u00a0 \u00a0 \u00a0 \u00a0 \u00a0 \u00a0 \u00a0 \u00a0 \u00a0 \u00a0 \u00a0 &hellip;<\/p>\n<p class=\"read-more\"> <a class=\"\" href=\"https:\/\/proonesport.com\/es\/product\/pro-one-pantalon-control-terrain\/\"> <span class=\"screen-reader-text\">Pantal\u00f3n de Arquero Control Terrain<\/span> Read More &raquo;<\/a><\/p>","protected":false},"featured_media":14656,"template":"elementor_header_footer","meta":{"om_disable_all_campaigns":false,"_monsterinsights_skip_tracking":false,"_monsterinsights_sitenote_active":false,"_monsterinsights_sitenote_note":"","_monsterinsights_sitenote_category":0,"site-sidebar-layout":"no-sidebar","site-content-layout":"page-builder","ast-global-header-display":"","ast-main-header-display":"","ast-hfb-above-header-display":"","ast-hfb-below-header-display":"","ast-hfb-mobile-header-display":"","site-post-title":"disabled","ast-breadcrumbs-content":"","ast-featured-img":"disabled","footer-sml-layout":"","theme-transparent-header-meta":"default","adv-header-id-meta":"","stick-header-meta":"","header-above-stick-meta":"","header-main-stick-meta":"","header-below-stick-meta":""},"product_brand":[],"product_cat":[356,360],"product_tag":[],"class_list":{"0":"post-8161","1":"product","2":"type-product","3":"status-publish","4":"has-post-thumbnail","6":"product_cat-indumentaria","7":"product_cat-pantalones-y-shorts","8":"desktop-align-center","9":"tablet-align-left","10":"mobile-align-left","12":"first","13":"instock","14":"shipping-taxable","15":"product-type-simple"},"aioseo_notices":[],"jetpack_sharing_enabled":true,"_links":{"self":[{"href":"https:\/\/proonesport.com\/es\/wp-json\/wp\/v2\/product\/8161","targetHints":{"allow":["GET"]}}],"collection":[{"href":"https:\/\/proonesport.com\/es\/wp-json\/wp\/v2\/product"}],"about":[{"href":"https:\/\/proonesport.com\/es\/wp-json\/wp\/v2\/types\/product"}],"version-history":[{"count":19,"href":"https:\/\/proonesport.com\/es\/wp-json\/wp\/v2\/product\/8161\/revisions"}],"predecessor-version":[{"id":14664,"href":"https:\/\/proonesport.com\/es\/wp-json\/wp\/v2\/product\/8161\/revisions\/14664"}],"wp:featuredmedia":[{"embeddable":true,"href":"https:\/\/proonesport.com\/es\/wp-json\/wp\/v2\/media\/14656"}],"wp:attachment":[{"href":"https:\/\/proonesport.com\/es\/wp-json\/wp\/v2\/media?parent=8161"}],"wp:term":[{"taxonomy":"product_brand","embeddable":true,"href":"https:\/\/proonesport.com\/es\/wp-json\/wp\/v2\/product_brand?post=8161"},{"taxonomy":"product_cat","embeddable":true,"href":"https:\/\/proonesport.com\/es\/wp-json\/wp\/v2\/product_cat?post=8161"},{"taxonomy":"product_tag","embeddable":true,"href":"https:\/\/proonesport.com\/es\/wp-json\/wp\/v2\/product_tag?post=8161"}],"curies":[{"name":"wp","href":"https:\/\/api.w.org\/{rel}","templated":true}]}}