{"id":8129,"date":"2023-11-06T15:29:25","date_gmt":"2023-11-06T15:29:25","guid":{"rendered":"https:\/\/proonesport.com\/?post_type=product&#038;p=8129"},"modified":"2025-11-07T15:36:33","modified_gmt":"2025-11-07T15:36:33","slug":"pro-one-pantalon-sharp","status":"publish","type":"product","link":"https:\/\/proonesport.com\/es\/product\/pro-one-pantalon-sharp\/","title":{"rendered":"Pantal\u00f3n de Arquero Sharp"},"content":{"rendered":"<div data-elementor-type=\"product-post\" data-elementor-id=\"8129\" class=\"elementor elementor-8129\">\n\t\t\t\t\t\t\t\t\t<section class=\"elementor-section elementor-top-section elementor-element elementor-element-24b1e4f elementor-section-boxed elementor-section-height-default elementor-section-height-default\" data-id=\"24b1e4f\" data-element_type=\"section\">\n\t\t\t\t\t\t<div class=\"elementor-container elementor-column-gap-default\">\n\t\t\t\t\t<div class=\"elementor-column elementor-col-50 elementor-top-column elementor-element elementor-element-85b60f3\" data-id=\"85b60f3\" data-element_type=\"column\">\n\t\t\t<div class=\"elementor-widget-wrap elementor-element-populated\">\n\t\t\t\t\t\t\t\t<div class=\"elementor-element elementor-element-413b44e yes elementor-widget elementor-widget-woocommerce-product-images\" data-id=\"413b44e\" data-element_type=\"widget\" data-widget_type=\"woocommerce-product-images.default\">\n\t\t\t\t<div class=\"elementor-widget-container\">\n\t\t\t<link rel=\"stylesheet\" href=\"https:\/\/proonesport.com\/wp-content\/plugins\/elementor-pro\/assets\/css\/widget-woocommerce.min.css\"><div class=\"woocommerce-product-gallery woocommerce-product-gallery--with-images woocommerce-product-gallery--columns-4 images\" data-columns=\"4\" style=\"opacity: 0; transition: opacity .25s ease-in-out;\">\n\t<figure class=\"woocommerce-product-gallery__wrapper\">\n\t\t<div data-thumb=\"https:\/\/proonesport.com\/wp-content\/uploads\/2023\/11\/pantalon-de-arquero-pro-one-sharp-1-1-100x100.jpg\" data-thumb-alt=\"\" class=\"woocommerce-product-gallery__image\"><a href=\"https:\/\/proonesport.com\/wp-content\/uploads\/2023\/11\/pantalon-de-arquero-pro-one-sharp-1-1.jpg\"><img width=\"600\" height=\"778\" src=\"https:\/\/proonesport.com\/wp-content\/uploads\/2023\/11\/pantalon-de-arquero-pro-one-sharp-1-1-600x778.jpg\" class=\"wp-post-image\" alt=\"\" decoding=\"async\" loading=\"lazy\" title=\"pantalon-de-arquero-pro-one-sharp-(1)\" data-caption=\"\" data-src=\"https:\/\/proonesport.com\/wp-content\/uploads\/2023\/11\/pantalon-de-arquero-pro-one-sharp-1-1.jpg\" data-large_image=\"https:\/\/proonesport.com\/wp-content\/uploads\/2023\/11\/pantalon-de-arquero-pro-one-sharp-1-1.jpg\" data-large_image_width=\"771\" data-large_image_height=\"1000\" srcset=\"https:\/\/proonesport.com\/wp-content\/uploads\/2023\/11\/pantalon-de-arquero-pro-one-sharp-1-1-600x778.jpg 600w, https:\/\/proonesport.com\/wp-content\/uploads\/2023\/11\/pantalon-de-arquero-pro-one-sharp-1-1-231x300.jpg 231w, https:\/\/proonesport.com\/wp-content\/uploads\/2023\/11\/pantalon-de-arquero-pro-one-sharp-1-1-768x996.jpg 768w, https:\/\/proonesport.com\/wp-content\/uploads\/2023\/11\/pantalon-de-arquero-pro-one-sharp-1-1-9x12.jpg 9w, https:\/\/proonesport.com\/wp-content\/uploads\/2023\/11\/pantalon-de-arquero-pro-one-sharp-1-1-300x389.jpg 300w, https:\/\/proonesport.com\/wp-content\/uploads\/2023\/11\/pantalon-de-arquero-pro-one-sharp-1-1.jpg 771w\" sizes=\"(max-width: 600px) 100vw, 600px\" \/><\/a><\/div>\t<\/figure>\n<\/div>\n\t\t<\/div>\n\t\t\t\t<\/div>\n\t\t\t\t\t<\/div>\n\t\t<\/div>\n\t\t\t\t<div class=\"elementor-column elementor-col-50 elementor-top-column elementor-element elementor-element-e1c1186\" data-id=\"e1c1186\" data-element_type=\"column\">\n\t\t\t<div class=\"elementor-widget-wrap elementor-element-populated\">\n\t\t\t\t\t\t\t\t<div class=\"elementor-element elementor-element-7c6a3ea elementor-widget elementor-widget-woocommerce-product-title elementor-page-title elementor-widget-heading\" data-id=\"7c6a3ea\" data-element_type=\"widget\" data-widget_type=\"woocommerce-product-title.default\">\n\t\t\t\t<div class=\"elementor-widget-container\">\n\t\t\t<style>\/*! elementor - v3.13.2 - 11-05-2023 *\/\n.elementor-heading-title{padding:0;margin:0;line-height:1}.elementor-widget-heading .elementor-heading-title[class*=elementor-size-]>a{color:inherit;font-size:inherit;line-height:inherit}.elementor-widget-heading .elementor-heading-title.elementor-size-small{font-size:15px}.elementor-widget-heading .elementor-heading-title.elementor-size-medium{font-size:19px}.elementor-widget-heading .elementor-heading-title.elementor-size-large{font-size:29px}.elementor-widget-heading .elementor-heading-title.elementor-size-xl{font-size:39px}.elementor-widget-heading .elementor-heading-title.elementor-size-xxl{font-size:59px}<\/style><h1 class=\"product_title entry-title elementor-heading-title elementor-size-default\">Pantal\u00f3n de Arquero Sharp<\/h1>\t\t<\/div>\n\t\t\t\t<\/div>\n\t\t\t\t<div class=\"elementor-element elementor-element-9bb35a9 elementor-widget elementor-widget-heading\" data-id=\"9bb35a9\" data-element_type=\"widget\" data-widget_type=\"heading.default\">\n\t\t\t\t<div class=\"elementor-widget-container\">\n\t\t\t<h2 class=\"elementor-heading-title elementor-size-default\">El Pantal\u00f3n de Arquero Sharp combina protecci\u00f3n, confort y estilo para rendir al m\u00e1ximo en cada entrenamiento o partido.<\/h2>\t\t<\/div>\n\t\t\t\t<\/div>\n\t\t\t\t<div class=\"elementor-element elementor-element-47da998 elementor-tabs-view-horizontal elementor-widget elementor-widget-tabs\" data-id=\"47da998\" data-element_type=\"widget\" data-widget_type=\"tabs.default\">\n\t\t\t\t<div class=\"elementor-widget-container\">\n\t\t\t<style>.elementor-widget-tabs.elementor-tabs-view-vertical .elementor-tabs-wrapper{width:25%;flex-shrink:0}.elementor-widget-tabs.elementor-tabs-view-vertical .elementor-tab-desktop-title.elementor-active{border-right-style:none}.elementor-widget-tabs.elementor-tabs-view-vertical .elementor-tab-desktop-title.elementor-active:after,.elementor-widget-tabs.elementor-tabs-view-vertical .elementor-tab-desktop-title.elementor-active:before{height:999em;width:0;right:0;border-right-style:solid}.elementor-widget-tabs.elementor-tabs-view-vertical .elementor-tab-desktop-title.elementor-active:before{top:0;transform:translateY(-100%)}.elementor-widget-tabs.elementor-tabs-view-vertical .elementor-tab-desktop-title.elementor-active:after{top:100%}.elementor-widget-tabs.elementor-tabs-view-horizontal .elementor-tab-desktop-title{display:table-cell}.elementor-widget-tabs.elementor-tabs-view-horizontal .elementor-tab-desktop-title.elementor-active{border-bottom-style:none}.elementor-widget-tabs.elementor-tabs-view-horizontal .elementor-tab-desktop-title.elementor-active:after,.elementor-widget-tabs.elementor-tabs-view-horizontal .elementor-tab-desktop-title.elementor-active:before{bottom:0;height:0;width:999em;border-bottom-style:solid}.elementor-widget-tabs.elementor-tabs-view-horizontal .elementor-tab-desktop-title.elementor-active:before{right:100%}.elementor-widget-tabs.elementor-tabs-view-horizontal .elementor-tab-desktop-title.elementor-active:after{left:100%}.elementor-widget-tabs .elementor-tab-content,.elementor-widget-tabs .elementor-tab-title,.elementor-widget-tabs .elementor-tab-title:after,.elementor-widget-tabs .elementor-tab-title:before,.elementor-widget-tabs .elementor-tabs-content-wrapper{border:1px #d5d8dc}.elementor-widget-tabs .elementor-tabs{text-align:left}.elementor-widget-tabs .elementor-tabs-wrapper{overflow:hidden}.elementor-widget-tabs .elementor-tab-title{cursor:pointer;outline:var(--focus-outline,none)}.elementor-widget-tabs .elementor-tab-desktop-title{position:relative;padding:20px 25px;font-weight:700;line-height:1;border:solid transparent}.elementor-widget-tabs .elementor-tab-desktop-title.elementor-active{border-color:#d5d8dc}.elementor-widget-tabs .elementor-tab-desktop-title.elementor-active:after,.elementor-widget-tabs .elementor-tab-desktop-title.elementor-active:before{display:block;content:\"\";position:absolute}.elementor-widget-tabs .elementor-tab-desktop-title:focus-visible{border:1px solid #000}.elementor-widget-tabs .elementor-tab-mobile-title{padding:10px;cursor:pointer}.elementor-widget-tabs .elementor-tab-content{padding:20px;display:none}@media (max-width:767px){.elementor-tabs .elementor-tab-content,.elementor-tabs .elementor-tab-title{border-style:solid solid none}.elementor-tabs .elementor-tabs-wrapper{display:none}.elementor-tabs .elementor-tabs-content-wrapper{border-bottom-style:solid}.elementor-tabs .elementor-tab-content{padding:10px}}@media (min-width:768px){.elementor-widget-tabs.elementor-tabs-view-vertical .elementor-tabs{display:flex}.elementor-widget-tabs.elementor-tabs-view-vertical .elementor-tabs-wrapper{flex-direction:column}.elementor-widget-tabs.elementor-tabs-view-vertical .elementor-tabs-content-wrapper{flex-grow:1;border-style:solid solid solid none}.elementor-widget-tabs.elementor-tabs-view-horizontal .elementor-tab-content{border-style:none solid solid}.elementor-widget-tabs.elementor-tabs-alignment-center .elementor-tabs-wrapper,.elementor-widget-tabs.elementor-tabs-alignment-end .elementor-tabs-wrapper,.elementor-widget-tabs.elementor-tabs-alignment-stretch .elementor-tabs-wrapper{display:flex}.elementor-widget-tabs.elementor-tabs-alignment-center .elementor-tabs-wrapper{justify-content:center}.elementor-widget-tabs.elementor-tabs-alignment-end .elementor-tabs-wrapper{justify-content:flex-end}.elementor-widget-tabs.elementor-tabs-alignment-stretch.elementor-tabs-view-horizontal .elementor-tab-title{width:100%}.elementor-widget-tabs.elementor-tabs-alignment-stretch.elementor-tabs-view-vertical .elementor-tab-title{height:100%}.elementor-tabs .elementor-tab-mobile-title{display:none}}<\/style>\t\t<div class=\"elementor-tabs\">\n\t\t\t<div class=\"elementor-tabs-wrapper\" role=\"tablist\" >\n\t\t\t\t\t\t\t\t\t<div id=\"elementor-tab-title-7531\" class=\"elementor-tab-title elementor-tab-desktop-title\" aria-selected=\"true\" data-tab=\"1\" role=\"tab\" tabindex=\"0\" aria-controls=\"elementor-tab-content-7531\" aria-expanded=\"false\">Material<\/div>\n\t\t\t\t\t\t\t\t\t<div id=\"elementor-tab-title-7532\" class=\"elementor-tab-title elementor-tab-desktop-title\" aria-selected=\"false\" data-tab=\"2\" role=\"tab\" tabindex=\"-1\" aria-controls=\"elementor-tab-content-7532\" aria-expanded=\"false\">Descripci\u00f3n<\/div>\n\t\t\t\t\t\t\t\t\t<div id=\"elementor-tab-title-7533\" class=\"elementor-tab-title elementor-tab-desktop-title\" aria-selected=\"false\" data-tab=\"3\" role=\"tab\" tabindex=\"-1\" aria-controls=\"elementor-tab-content-7533\" aria-expanded=\"false\">Detalles<\/div>\n\t\t\t\t\t\t\t<\/div>\n\t\t\t<div class=\"elementor-tabs-content-wrapper\" role=\"tablist\" aria-orientation=\"vertical\">\n\t\t\t\t\t\t\t\t\t<div class=\"elementor-tab-title elementor-tab-mobile-title\" aria-selected=\"true\" data-tab=\"1\" role=\"tab\" tabindex=\"0\" aria-controls=\"elementor-tab-content-7531\" aria-expanded=\"false\">Material<\/div>\n\t\t\t\t\t<div id=\"elementor-tab-content-7531\" class=\"elementor-tab-content elementor-clearfix\" data-tab=\"1\" role=\"tabpanel\" aria-labelledby=\"elementor-tab-title-7531\" tabindex=\"0\" hidden=\"false\"><pre><img decoding=\"async\" loading=\"lazy\" class=\"alignnone wp-image-7485\" src=\"http:\/\/proonesport.com\/wp-content\/uploads\/2023\/10\/telas_-300x300.png\" alt=\"\" width=\"30\" height=\"30\" srcset=\"https:\/\/proonesport.com\/wp-content\/uploads\/2023\/10\/telas_-300x300.png 300w, https:\/\/proonesport.com\/wp-content\/uploads\/2023\/10\/telas_-150x150.png 150w, https:\/\/proonesport.com\/wp-content\/uploads\/2023\/10\/telas_-12x12.png 12w, https:\/\/proonesport.com\/wp-content\/uploads\/2023\/10\/telas_-100x100.png 100w, https:\/\/proonesport.com\/wp-content\/uploads\/2023\/10\/telas_-50x50.png 50w, https:\/\/proonesport.com\/wp-content\/uploads\/2023\/10\/telas_.png 302w\" sizes=\"(max-width: 30px) 100vw, 30px\" \/> Tela One Performance.\u00a0 \u00a0 \u00a0 \u00a0 \u00a0 \u00a0 \u00a0\u00a0<br \/><img decoding=\"async\" loading=\"lazy\" class=\"alignnone wp-image-7459\" src=\"http:\/\/proonesport.com\/wp-content\/uploads\/2023\/10\/flexibilidad-300x300.png\" alt=\"\" width=\"25\" height=\"25\" srcset=\"https:\/\/proonesport.com\/wp-content\/uploads\/2023\/10\/flexibilidad-300x300.png 300w, https:\/\/proonesport.com\/wp-content\/uploads\/2023\/10\/flexibilidad-150x150.png 150w, https:\/\/proonesport.com\/wp-content\/uploads\/2023\/10\/flexibilidad-12x12.png 12w, https:\/\/proonesport.com\/wp-content\/uploads\/2023\/10\/flexibilidad-100x100.png 100w, https:\/\/proonesport.com\/wp-content\/uploads\/2023\/10\/flexibilidad-50x50.png 50w, https:\/\/proonesport.com\/wp-content\/uploads\/2023\/10\/flexibilidad.png 302w\" sizes=\"(max-width: 25px) 100vw, 25px\" \/><span style=\"vertical-align: inherit;\"><span style=\"vertical-align: inherit;\"><span style=\"vertical-align: inherit;\"><span style=\"vertical-align: inherit;\"> M\u00e1xima libertad de movimiento.<\/span><\/span><\/span><\/span><br \/><img decoding=\"async\" loading=\"lazy\" class=\"alignnone wp-image-7461\" src=\"http:\/\/proonesport.com\/wp-content\/uploads\/2023\/10\/liviano-300x300.png\" alt=\"\" width=\"30\" height=\"30\" srcset=\"https:\/\/proonesport.com\/wp-content\/uploads\/2023\/10\/liviano-300x300.png 300w, https:\/\/proonesport.com\/wp-content\/uploads\/2023\/10\/liviano-150x150.png 150w, https:\/\/proonesport.com\/wp-content\/uploads\/2023\/10\/liviano-12x12.png 12w, https:\/\/proonesport.com\/wp-content\/uploads\/2023\/10\/liviano-100x100.png 100w, https:\/\/proonesport.com\/wp-content\/uploads\/2023\/10\/liviano-50x50.png 50w, https:\/\/proonesport.com\/wp-content\/uploads\/2023\/10\/liviano.png 302w\" sizes=\"(max-width: 30px) 100vw, 30px\" \/><span style=\"vertical-align: inherit;\"><span style=\"vertical-align: inherit;\"><span style=\"vertical-align: inherit;\"><span style=\"vertical-align: inherit;\"> Ideal para entrenamiento.<\/span><\/span><\/span><\/span><br \/><img decoding=\"async\" loading=\"lazy\" class=\"alignnone wp-image-7486\" src=\"http:\/\/proonesport.com\/wp-content\/uploads\/2023\/10\/transpirable-1-300x300.png\" alt=\"\" width=\"30\" height=\"30\" srcset=\"https:\/\/proonesport.com\/wp-content\/uploads\/2023\/10\/transpirable-1-300x300.png 300w, https:\/\/proonesport.com\/wp-content\/uploads\/2023\/10\/transpirable-1-150x150.png 150w, https:\/\/proonesport.com\/wp-content\/uploads\/2023\/10\/transpirable-1-12x12.png 12w, https:\/\/proonesport.com\/wp-content\/uploads\/2023\/10\/transpirable-1-100x100.png 100w, https:\/\/proonesport.com\/wp-content\/uploads\/2023\/10\/transpirable-1-50x50.png 50w, https:\/\/proonesport.com\/wp-content\/uploads\/2023\/10\/transpirable-1.png 302w\" sizes=\"(max-width: 30px) 100vw, 30px\" \/> Transpirable.<br \/><img decoding=\"async\" loading=\"lazy\" class=\"alignnone wp-image-7484\" src=\"http:\/\/proonesport.com\/wp-content\/uploads\/2023\/10\/rayos-uv-1-300x300.png\" alt=\"\" width=\"30\" height=\"30\" srcset=\"https:\/\/proonesport.com\/wp-content\/uploads\/2023\/10\/rayos-uv-1-300x300.png 300w, https:\/\/proonesport.com\/wp-content\/uploads\/2023\/10\/rayos-uv-1-150x150.png 150w, https:\/\/proonesport.com\/wp-content\/uploads\/2023\/10\/rayos-uv-1-12x12.png 12w, https:\/\/proonesport.com\/wp-content\/uploads\/2023\/10\/rayos-uv-1-100x100.png 100w, https:\/\/proonesport.com\/wp-content\/uploads\/2023\/10\/rayos-uv-1-50x50.png 50w, https:\/\/proonesport.com\/wp-content\/uploads\/2023\/10\/rayos-uv-1.png 302w\" sizes=\"(max-width: 30px) 100vw, 30px\" \/> Protecci\u00f3n UV 50.\u00a0 \u00a0 \u00a0 \u00a0 \u00a0 \u00a0 \u00a0 \u00a0 \u00a0 \u00a0 \u00a0 \u00a0 \u00a0 \u00a0 \u00a0 \u00a0 \u00a0 \u00a0 \u00a0 \u00a0 \u00a0 \u00a0 \u00a0 \u00a0 \u00a0 \u00a0 \u00a0 \u00a0 \u00a0 \u00a0 \u00a0 \u00a0 \u00a0 \u00a0 \u00a0 \u00a0 \u00a0 \u00a0 \u00a0 \u00a0 \u00a0 \u00a0 \u00a0 \u00a0 \u00a0 \u00a0 \u00a0 \u00a0 \u00a0 <br \/><img decoding=\"async\" loading=\"lazy\" class=\"alignnone wp-image-7471\" src=\"http:\/\/proonesport.com\/wp-content\/uploads\/2023\/10\/amortiguacion-2-1-300x300.png\" alt=\"\" width=\"30\" height=\"30\" srcset=\"https:\/\/proonesport.com\/wp-content\/uploads\/2023\/10\/amortiguacion-2-1-300x300.png 300w, https:\/\/proonesport.com\/wp-content\/uploads\/2023\/10\/amortiguacion-2-1-150x150.png 150w, https:\/\/proonesport.com\/wp-content\/uploads\/2023\/10\/amortiguacion-2-1-12x12.png 12w, https:\/\/proonesport.com\/wp-content\/uploads\/2023\/10\/amortiguacion-2-1-100x100.png 100w, https:\/\/proonesport.com\/wp-content\/uploads\/2023\/10\/amortiguacion-2-1-50x50.png 50w, https:\/\/proonesport.com\/wp-content\/uploads\/2023\/10\/amortiguacion-2-1.png 302w\" sizes=\"(max-width: 30px) 100vw, 30px\" \/> Amortiguaci\u00f3n superior en muslos y rodillas.\u00a0 \u00a0 \u00a0 \u00a0 \u00a0 \u00a0 \u00a0 \u00a0 \u00a0 \u00a0 \u00a0 \u00a0 \u00a0 \u00a0 \u00a0 \u00a0 \u00a0 \u00a0 \u00a0 \u00a0 \u00a0 \u00a0 \u00a0 \u00a0 \u00a0 \u00a0 \u00a0 \u00a0 \u00a0 \u00a0 \u00a0<br \/><img decoding=\"async\" loading=\"lazy\" class=\"alignnone wp-image-7848\" src=\"http:\/\/proonesport.com\/wp-content\/uploads\/2023\/11\/mal-olor-1-300x300.png\" alt=\"\" width=\"28\" height=\"28\" srcset=\"https:\/\/proonesport.com\/wp-content\/uploads\/2023\/11\/mal-olor-1-300x300.png 300w, https:\/\/proonesport.com\/wp-content\/uploads\/2023\/11\/mal-olor-1-150x150.png 150w, https:\/\/proonesport.com\/wp-content\/uploads\/2023\/11\/mal-olor-1-12x12.png 12w, https:\/\/proonesport.com\/wp-content\/uploads\/2023\/11\/mal-olor-1-100x100.png 100w, https:\/\/proonesport.com\/wp-content\/uploads\/2023\/11\/mal-olor-1-50x50.png 50w, https:\/\/proonesport.com\/wp-content\/uploads\/2023\/11\/mal-olor-1.png 302w\" sizes=\"(max-width: 28px) 100vw, 28px\" \/> No genera mal olor.<\/pre><\/div>\n\t\t\t\t\t\t\t\t\t<div class=\"elementor-tab-title elementor-tab-mobile-title\" aria-selected=\"false\" data-tab=\"2\" role=\"tab\" tabindex=\"-1\" aria-controls=\"elementor-tab-content-7532\" aria-expanded=\"false\">Descripci\u00f3n<\/div>\n\t\t\t\t\t<div id=\"elementor-tab-content-7532\" class=\"elementor-tab-content elementor-clearfix\" data-tab=\"2\" role=\"tabpanel\" aria-labelledby=\"elementor-tab-title-7532\" tabindex=\"0\" hidden=\"hidden\"><p>El Pantal\u00f3n de Arquero Sharp combina protecci\u00f3n, confort y estilo para rendir al m\u00e1ximo en cada entrenamiento o partido. Fabricado con tela One Performance de alta durabilidad y protecci\u00f3n UV50, bloquea el 98% de los rayos solares. Incorpora acolchados estrat\u00e9gicos en muslos y rodillas para resistir ca\u00eddas repetitivas, adem\u00e1s de tecnolog\u00eda antimicrobiana que elimina los malos olores. Su tiro ergon\u00f3mico mejora la movilidad, mientras la secci\u00f3n ULTRAFIT desde la rodilla al tobillo ofrece un ajuste perfecto.<\/p><\/div>\n\t\t\t\t\t\t\t\t\t<div class=\"elementor-tab-title elementor-tab-mobile-title\" aria-selected=\"false\" data-tab=\"3\" role=\"tab\" tabindex=\"-1\" aria-controls=\"elementor-tab-content-7533\" aria-expanded=\"false\">Detalles<\/div>\n\t\t\t\t\t<div id=\"elementor-tab-content-7533\" class=\"elementor-tab-content elementor-clearfix\" data-tab=\"3\" role=\"tabpanel\" aria-labelledby=\"elementor-tab-title-7533\" tabindex=\"0\" hidden=\"hidden\"><p><strong>Protecci\u00f3n:<\/strong> Si, amortiguaci\u00f3n superior.<br \/><strong>Modelo:<\/strong> SHARP<br \/><strong>Tela:<\/strong> One Performance.<\/p><\/div>\n\t\t\t\t\t\t\t<\/div>\n\t\t<\/div>\n\t\t\t\t<\/div>\n\t\t\t\t<\/div>\n\t\t\t\t\t<\/div>\n\t\t<\/div>\n\t\t\t\t\t\t\t<\/div>\n\t\t<\/section>\n\t\t\t\t<section class=\"elementor-section elementor-top-section elementor-element elementor-element-c948fbe elementor-section-boxed elementor-section-height-default elementor-section-height-default\" data-id=\"c948fbe\" data-element_type=\"section\" data-settings=\"{&quot;background_background&quot;:&quot;classic&quot;}\">\n\t\t\t\t\t\t<div class=\"elementor-container elementor-column-gap-no\">\n\t\t\t\t\t<div class=\"elementor-column elementor-col-100 elementor-top-column elementor-element elementor-element-155bf0b\" data-id=\"155bf0b\" data-element_type=\"column\" data-settings=\"{&quot;background_background&quot;:&quot;classic&quot;}\">\n\t\t\t<div class=\"elementor-widget-wrap elementor-element-populated\">\n\t\t\t\t\t\t\t\t<div class=\"elementor-element elementor-element-2f44bbe elementor-widget elementor-widget-spacer\" data-id=\"2f44bbe\" data-element_type=\"widget\" data-widget_type=\"spacer.default\">\n\t\t\t\t<div class=\"elementor-widget-container\">\n\t\t\t<style>\/*! elementor - v3.13.2 - 11-05-2023 *\/\n.elementor-column .elementor-spacer-inner{height:var(--spacer-size)}.e-con{--container-widget-width:100%}.e-con-inner>.elementor-widget-spacer,.e-con>.elementor-widget-spacer{width:var(--container-widget-width,var(--spacer-size));--align-self:var(--container-widget-align-self,initial);--flex-shrink:0}.e-con-inner>.elementor-widget-spacer>.elementor-widget-container,.e-con-inner>.elementor-widget-spacer>.elementor-widget-container>.elementor-spacer,.e-con>.elementor-widget-spacer>.elementor-widget-container,.e-con>.elementor-widget-spacer>.elementor-widget-container>.elementor-spacer{height:100%}.e-con-inner>.elementor-widget-spacer>.elementor-widget-container>.elementor-spacer>.elementor-spacer-inner,.e-con>.elementor-widget-spacer>.elementor-widget-container>.elementor-spacer>.elementor-spacer-inner{height:var(--container-widget-height,var(--spacer-size))}<\/style>\t\t<div class=\"elementor-spacer\">\n\t\t\t<div class=\"elementor-spacer-inner\"><\/div>\n\t\t<\/div>\n\t\t\t\t<\/div>\n\t\t\t\t<\/div>\n\t\t\t\t\t<\/div>\n\t\t<\/div>\n\t\t\t\t\t\t\t<\/div>\n\t\t<\/section>\n\t\t\t\t\t\t\t<\/div>","protected":false},"excerpt":{"rendered":"<p>El Pantal\u00f3n de Arquero Sharp combina protecci\u00f3n, confort y estilo para rendir al m\u00e1ximo en cada entrenamiento o partido. Material Descripci\u00f3n Detalles Material Tela One Performance.\u00a0 \u00a0 \u00a0 \u00a0 \u00a0 \u00a0 \u00a0\u00a0 M\u00e1xima libertad de movimiento. Ideal para entrenamiento. Transpirable. Protecci\u00f3n UV 50.\u00a0 \u00a0 \u00a0 \u00a0 \u00a0 \u00a0 \u00a0 \u00a0 \u00a0 \u00a0 \u00a0 \u00a0 \u00a0 &hellip;<\/p>\n<p class=\"read-more\"> <a class=\"\" href=\"https:\/\/proonesport.com\/es\/product\/pro-one-pantalon-sharp\/\"> <span class=\"screen-reader-text\">Pantal\u00f3n de Arquero Sharp<\/span> Read More &raquo;<\/a><\/p>","protected":false},"featured_media":14622,"template":"elementor_header_footer","meta":{"om_disable_all_campaigns":false,"_monsterinsights_skip_tracking":false,"_monsterinsights_sitenote_active":false,"_monsterinsights_sitenote_note":"","_monsterinsights_sitenote_category":0,"site-sidebar-layout":"no-sidebar","site-content-layout":"page-builder","ast-global-header-display":"","ast-main-header-display":"","ast-hfb-above-header-display":"","ast-hfb-below-header-display":"","ast-hfb-mobile-header-display":"","site-post-title":"disabled","ast-breadcrumbs-content":"","ast-featured-img":"disabled","footer-sml-layout":"","theme-transparent-header-meta":"default","adv-header-id-meta":"","stick-header-meta":"","header-above-stick-meta":"","header-main-stick-meta":"","header-below-stick-meta":""},"product_cat":[356,360],"product_tag":[],"aioseo_notices":[],"_links":{"self":[{"href":"https:\/\/proonesport.com\/es\/wp-json\/wp\/v2\/product\/8129"}],"collection":[{"href":"https:\/\/proonesport.com\/es\/wp-json\/wp\/v2\/product"}],"about":[{"href":"https:\/\/proonesport.com\/es\/wp-json\/wp\/v2\/types\/product"}],"version-history":[{"count":17,"href":"https:\/\/proonesport.com\/es\/wp-json\/wp\/v2\/product\/8129\/revisions"}],"predecessor-version":[{"id":14629,"href":"https:\/\/proonesport.com\/es\/wp-json\/wp\/v2\/product\/8129\/revisions\/14629"}],"wp:featuredmedia":[{"embeddable":true,"href":"https:\/\/proonesport.com\/es\/wp-json\/wp\/v2\/media\/14622"}],"wp:attachment":[{"href":"https:\/\/proonesport.com\/es\/wp-json\/wp\/v2\/media?parent=8129"}],"wp:term":[{"taxonomy":"product_cat","embeddable":true,"href":"https:\/\/proonesport.com\/es\/wp-json\/wp\/v2\/product_cat?post=8129"},{"taxonomy":"product_tag","embeddable":true,"href":"https:\/\/proonesport.com\/es\/wp-json\/wp\/v2\/product_tag?post=8129"}],"curies":[{"name":"wp","href":"https:\/\/api.w.org\/{rel}","templated":true}]}}