{"id":6892,"date":"2023-10-24T23:07:10","date_gmt":"2023-10-24T23:07:10","guid":{"rendered":"https:\/\/proonesport.com\/?post_type=product&#038;p=6892"},"modified":"2025-05-23T19:33:43","modified_gmt":"2025-05-23T19:33:43","slug":"canilleras-ethlon-morado","status":"publish","type":"product","link":"https:\/\/proonesport.com\/es\/product\/canilleras-ethlon-morado\/","title":{"rendered":"Canilleras Ethlon Morado"},"content":{"rendered":"<div data-elementor-type=\"product-post\" data-elementor-id=\"6892\" class=\"elementor elementor-6892\">\n\t\t\t\t\t\t\t\t\t<section class=\"elementor-section elementor-top-section elementor-element elementor-element-432f551 elementor-section-boxed elementor-section-height-default elementor-section-height-default\" data-id=\"432f551\" data-element_type=\"section\">\n\t\t\t\t\t\t<div class=\"elementor-container elementor-column-gap-default\">\n\t\t\t\t\t<div class=\"elementor-column elementor-col-50 elementor-top-column elementor-element elementor-element-268b5b7\" data-id=\"268b5b7\" data-element_type=\"column\">\n\t\t\t<div class=\"elementor-widget-wrap elementor-element-populated\">\n\t\t\t\t\t\t\t\t<div class=\"elementor-element elementor-element-743dba2 yes elementor-widget elementor-widget-woocommerce-product-images\" data-id=\"743dba2\" data-element_type=\"widget\" data-widget_type=\"woocommerce-product-images.default\">\n\t\t\t\t<div class=\"elementor-widget-container\">\n\t\t\t<link rel=\"stylesheet\" href=\"https:\/\/proonesport.com\/wp-content\/plugins\/elementor-pro\/assets\/css\/widget-woocommerce.min.css\"><div class=\"woocommerce-product-gallery woocommerce-product-gallery--with-images woocommerce-product-gallery--columns-4 images\" data-columns=\"4\" style=\"opacity: 0; transition: opacity .25s ease-in-out;\">\n\t<figure class=\"woocommerce-product-gallery__wrapper\">\n\t\t<div data-thumb=\"https:\/\/proonesport.com\/wp-content\/uploads\/2023\/06\/canilleras-pro-one-morado-100x100.png\" data-thumb-alt=\"\" class=\"woocommerce-product-gallery__image\"><a href=\"https:\/\/proonesport.com\/wp-content\/uploads\/2023\/06\/canilleras-pro-one-morado.png\"><img width=\"600\" height=\"778\" src=\"https:\/\/proonesport.com\/wp-content\/uploads\/2023\/06\/canilleras-pro-one-morado-600x778.png\" class=\"wp-post-image\" alt=\"\" decoding=\"async\" loading=\"lazy\" title=\"canilleras-pro-one-morado\" data-caption=\"\" data-src=\"https:\/\/proonesport.com\/wp-content\/uploads\/2023\/06\/canilleras-pro-one-morado.png\" data-large_image=\"https:\/\/proonesport.com\/wp-content\/uploads\/2023\/06\/canilleras-pro-one-morado.png\" data-large_image_width=\"771\" data-large_image_height=\"1000\" srcset=\"https:\/\/proonesport.com\/wp-content\/uploads\/2023\/06\/canilleras-pro-one-morado-600x778.png 600w, https:\/\/proonesport.com\/wp-content\/uploads\/2023\/06\/canilleras-pro-one-morado-300x389.png 300w, https:\/\/proonesport.com\/wp-content\/uploads\/2023\/06\/canilleras-pro-one-morado-231x300.png 231w, https:\/\/proonesport.com\/wp-content\/uploads\/2023\/06\/canilleras-pro-one-morado-768x996.png 768w, https:\/\/proonesport.com\/wp-content\/uploads\/2023\/06\/canilleras-pro-one-morado.png 771w\" sizes=\"(max-width: 600px) 100vw, 600px\" \/><\/a><\/div>\t<\/figure>\n<\/div>\n\t\t<\/div>\n\t\t\t\t<\/div>\n\t\t\t\t\t<\/div>\n\t\t<\/div>\n\t\t\t\t<div class=\"elementor-column elementor-col-50 elementor-top-column elementor-element elementor-element-290d039\" data-id=\"290d039\" data-element_type=\"column\">\n\t\t\t<div class=\"elementor-widget-wrap elementor-element-populated\">\n\t\t\t\t\t\t\t\t<div class=\"elementor-element elementor-element-b2ae0fd elementor-widget elementor-widget-woocommerce-product-title elementor-page-title elementor-widget-heading\" data-id=\"b2ae0fd\" data-element_type=\"widget\" data-widget_type=\"woocommerce-product-title.default\">\n\t\t\t\t<div class=\"elementor-widget-container\">\n\t\t\t<style>\/*! elementor - v3.13.2 - 11-05-2023 *\/\n.elementor-heading-title{padding:0;margin:0;line-height:1}.elementor-widget-heading .elementor-heading-title[class*=elementor-size-]>a{color:inherit;font-size:inherit;line-height:inherit}.elementor-widget-heading .elementor-heading-title.elementor-size-small{font-size:15px}.elementor-widget-heading .elementor-heading-title.elementor-size-medium{font-size:19px}.elementor-widget-heading .elementor-heading-title.elementor-size-large{font-size:29px}.elementor-widget-heading .elementor-heading-title.elementor-size-xl{font-size:39px}.elementor-widget-heading .elementor-heading-title.elementor-size-xxl{font-size:59px}<\/style><h1 class=\"product_title entry-title elementor-heading-title elementor-size-default\">Canilleras Ethlon Morado<\/h1>\t\t<\/div>\n\t\t\t\t<\/div>\n\t\t\t\t<div class=\"elementor-element elementor-element-cba9800 elementor-widget elementor-widget-woocommerce-breadcrumb\" data-id=\"cba9800\" data-element_type=\"widget\" data-widget_type=\"woocommerce-breadcrumb.default\">\n\t\t\t\t<div class=\"elementor-widget-container\">\n\t\t\t<nav class=\"woocommerce-breadcrumb\" data-no-translation=\"\" data-trp-gettext=\"\">Home<\/nav>\t\t<\/div>\n\t\t\t\t<\/div>\n\t\t\t\t<div class=\"elementor-element elementor-element-8d35248 elementor-widget elementor-widget-heading\" data-id=\"8d35248\" data-element_type=\"widget\" data-widget_type=\"heading.default\">\n\t\t\t\t<div class=\"elementor-widget-container\">\n\t\t\t<h2 class=\"elementor-heading-title elementor-size-default\">Las espinilleras Pro-One Athlon tienen un dise\u00f1o sin tirantes. Su capa de soporte fabricada en PVC protege tu pierna de lesiones y se ajusta c\u00f3modamente a tu espinilla, mientras que su base de EVA reforzada ofrece una amortiguaci\u00f3n y comodidad superiores. Pudiendo guardar dentro de tus medias.<\/h2>\t\t<\/div>\n\t\t\t\t<\/div>\n\t\t\t\t\t<\/div>\n\t\t<\/div>\n\t\t\t\t\t\t\t<\/div>\n\t\t<\/section>\n\t\t\t\t<section class=\"elementor-section elementor-top-section elementor-element elementor-element-51ab62a elementor-section-boxed elementor-section-height-default elementor-section-height-default\" data-id=\"51ab62a\" data-element_type=\"section\">\n\t\t\t\t\t\t<div class=\"elementor-container elementor-column-gap-default\">\n\t\t\t\t\t<div class=\"elementor-column elementor-col-100 elementor-top-column elementor-element elementor-element-2291c9d\" data-id=\"2291c9d\" data-element_type=\"column\">\n\t\t\t<div class=\"elementor-widget-wrap elementor-element-populated\">\n\t\t\t\t\t\t\t\t<div class=\"elementor-element elementor-element-42329b3 elementor-widget elementor-widget-image\" data-id=\"42329b3\" data-element_type=\"widget\" data-widget_type=\"image.default\">\n\t\t\t\t<div class=\"elementor-widget-container\">\n\t\t\t<style>\/*! elementor - v3.13.2 - 11-05-2023 *\/\n.elementor-widget-image{text-align:center}.elementor-widget-image a{display:inline-block}.elementor-widget-image a img[src$=\".svg\"]{width:48px}.elementor-widget-image img{vertical-align:middle;display:inline-block}<\/style>\t\t\t\t\t\t\t\t\t\t\t\t<img decoding=\"async\" width=\"1350\" height=\"750\" src=\"https:\/\/proonesport.com\/wp-content\/uploads\/2023\/10\/canillera-2.jpg\" class=\"attachment-full size-full wp-image-6909\" alt=\"\" loading=\"lazy\" srcset=\"https:\/\/proonesport.com\/wp-content\/uploads\/2023\/10\/canillera-2.jpg 1350w, https:\/\/proonesport.com\/wp-content\/uploads\/2023\/10\/canillera-2-300x167.jpg 300w, https:\/\/proonesport.com\/wp-content\/uploads\/2023\/10\/canillera-2-1024x569.jpg 1024w, https:\/\/proonesport.com\/wp-content\/uploads\/2023\/10\/canillera-2-768x427.jpg 768w, https:\/\/proonesport.com\/wp-content\/uploads\/2023\/10\/canillera-2-18x10.jpg 18w, https:\/\/proonesport.com\/wp-content\/uploads\/2023\/10\/canillera-2-1320x733.jpg 1320w, https:\/\/proonesport.com\/wp-content\/uploads\/2023\/10\/canillera-2-600x333.jpg 600w\" sizes=\"(max-width: 1350px) 100vw, 1350px\" \/>\t\t\t\t\t\t\t\t\t\t\t\t\t\t\t<\/div>\n\t\t\t\t<\/div>\n\t\t\t\t\t<\/div>\n\t\t<\/div>\n\t\t\t\t\t\t\t<\/div>\n\t\t<\/section>\n\t\t\t\t\t\t\t<\/div>","protected":false},"excerpt":{"rendered":"<p>Las espinilleras Pro-One Athlon tienen un dise\u00f1o sin tirantes. Su capa de soporte fabricada en PVC protege tu pierna de lesiones y se ajusta c\u00f3modamente a tu espinilla, mientras que su base de EVA reforzada ofrece una amortiguaci\u00f3n y comodidad superiores. Pudiendo guardar dentro de tus medias.<\/p>","protected":false},"featured_media":3248,"template":"","meta":{"om_disable_all_campaigns":false,"_monsterinsights_skip_tracking":false,"_monsterinsights_sitenote_active":false,"_monsterinsights_sitenote_note":"","_monsterinsights_sitenote_category":0,"site-sidebar-layout":"no-sidebar","site-content-layout":"page-builder","ast-global-header-display":"","ast-main-header-display":"","ast-hfb-above-header-display":"","ast-hfb-below-header-display":"","ast-hfb-mobile-header-display":"","site-post-title":"disabled","ast-breadcrumbs-content":"","ast-featured-img":"disabled","footer-sml-layout":"","theme-transparent-header-meta":"default","adv-header-id-meta":"","stick-header-meta":"","header-above-stick-meta":"","header-main-stick-meta":"","header-below-stick-meta":""},"product_cat":[340,344],"product_tag":[],"aioseo_notices":[],"_links":{"self":[{"href":"https:\/\/proonesport.com\/es\/wp-json\/wp\/v2\/product\/6892"}],"collection":[{"href":"https:\/\/proonesport.com\/es\/wp-json\/wp\/v2\/product"}],"about":[{"href":"https:\/\/proonesport.com\/es\/wp-json\/wp\/v2\/types\/product"}],"version-history":[{"count":6,"href":"https:\/\/proonesport.com\/es\/wp-json\/wp\/v2\/product\/6892\/revisions"}],"predecessor-version":[{"id":12129,"href":"https:\/\/proonesport.com\/es\/wp-json\/wp\/v2\/product\/6892\/revisions\/12129"}],"wp:featuredmedia":[{"embeddable":true,"href":"https:\/\/proonesport.com\/es\/wp-json\/wp\/v2\/media\/3248"}],"wp:attachment":[{"href":"https:\/\/proonesport.com\/es\/wp-json\/wp\/v2\/media?parent=6892"}],"wp:term":[{"taxonomy":"product_cat","embeddable":true,"href":"https:\/\/proonesport.com\/es\/wp-json\/wp\/v2\/product_cat?post=6892"},{"taxonomy":"product_tag","embeddable":true,"href":"https:\/\/proonesport.com\/es\/wp-json\/wp\/v2\/product_tag?post=6892"}],"curies":[{"name":"wp","href":"https:\/\/api.w.org\/{rel}","templated":true}]}}