{"id":1970,"date":"2023-05-30T14:55:58","date_gmt":"2023-05-30T14:55:58","guid":{"rendered":"https:\/\/proonesport.com\/?post_type=product&#038;p=1970"},"modified":"2023-05-30T22:57:12","modified_gmt":"2023-05-30T22:57:12","slug":"atom-pro-one","status":"publish","type":"product","link":"https:\/\/proonesport.com\/product\/atom-pro-one\/","title":{"rendered":"ATOM"},"content":{"rendered":"<p>DSDSDS<\/p>","protected":false},"excerpt":{"rendered":"<p>Guantes de portero Pro-One<br \/>\n, incluye varillas extra\u00edbles ideales para c\u00e9sped artificial, ofreciendo una mejor vida \u00fatil del guante. Ideal para d\u00edas de entrenamiento intenso.<br \/>\n<img decoding=\"async\" loading=\"lazy\" class=\"alignnone size-medium wp-image-1813\" style=\"font-weight: inherit;\" src=\"http:\/\/proonesport.com\/wp-content\/uploads\/2023\/05\/cropped-por-300x93.png\" alt=\"\" width=\"300\" height=\"93\" srcset=\"https:\/\/proonesport.com\/wp-content\/uploads\/2023\/05\/cropped-por-300x93.png 300w, https:\/\/proonesport.com\/wp-content\/uploads\/2023\/05\/cropped-por-18x6.png 18w, https:\/\/proonesport.com\/wp-content\/uploads\/2023\/05\/cropped-por-165x51.png 165w, https:\/\/proonesport.com\/wp-content\/uploads\/2023\/05\/cropped-por.png 484w\" sizes=\"(max-width: 300px) 100vw, 300px\" \/><span style=\"font-size: 16px;\">\u00a0 \u00a0 \u00a0 \u00a0 \u00a1CO<\/span><span style=\"font-size: 16px;\">MPRA AHORA!<\/span><\/p>","protected":false},"featured_media":1983,"template":"","meta":{"om_disable_all_campaigns":false,"_monsterinsights_skip_tracking":false,"_monsterinsights_sitenote_active":false,"_monsterinsights_sitenote_note":"","_monsterinsights_sitenote_category":0,"site-sidebar-layout":"default","site-content-layout":"default","ast-global-header-display":"","ast-main-header-display":"","ast-hfb-above-header-display":"","ast-hfb-below-header-display":"","ast-hfb-mobile-header-display":"","site-post-title":"","ast-breadcrumbs-content":"","ast-featured-img":"","footer-sml-layout":"","theme-transparent-header-meta":"default","adv-header-id-meta":"","stick-header-meta":"","header-above-stick-meta":"","header-main-stick-meta":"","header-below-stick-meta":""},"product_cat":[27],"product_tag":[],"aioseo_notices":[],"_links":{"self":[{"href":"https:\/\/proonesport.com\/es\/wp-json\/wp\/v2\/product\/1970"}],"collection":[{"href":"https:\/\/proonesport.com\/es\/wp-json\/wp\/v2\/product"}],"about":[{"href":"https:\/\/proonesport.com\/es\/wp-json\/wp\/v2\/types\/product"}],"version-history":[{"count":9,"href":"https:\/\/proonesport.com\/es\/wp-json\/wp\/v2\/product\/1970\/revisions"}],"predecessor-version":[{"id":2117,"href":"https:\/\/proonesport.com\/es\/wp-json\/wp\/v2\/product\/1970\/revisions\/2117"}],"wp:featuredmedia":[{"embeddable":true,"href":"https:\/\/proonesport.com\/es\/wp-json\/wp\/v2\/media\/1983"}],"wp:attachment":[{"href":"https:\/\/proonesport.com\/es\/wp-json\/wp\/v2\/media?parent=1970"}],"wp:term":[{"taxonomy":"product_cat","embeddable":true,"href":"https:\/\/proonesport.com\/es\/wp-json\/wp\/v2\/product_cat?post=1970"},{"taxonomy":"product_tag","embeddable":true,"href":"https:\/\/proonesport.com\/es\/wp-json\/wp\/v2\/product_tag?post=1970"}],"curies":[{"name":"wp","href":"https:\/\/api.w.org\/{rel}","templated":true}]}}