{"id":15198,"date":"2025-11-14T16:09:57","date_gmt":"2025-11-14T16:09:57","guid":{"rendered":"https:\/\/proonesport.com\/?post_type=product&#038;p=15198"},"modified":"2025-11-14T16:13:31","modified_gmt":"2025-11-14T16:13:31","slug":"short-licra-con-protecciones-cylion-negro","status":"publish","type":"product","link":"https:\/\/proonesport.com\/es\/product\/short-licra-con-protecciones-cylion-negro\/","title":{"rendered":"Short Licra con protecciones Cylion"},"content":{"rendered":"<div data-elementor-type=\"product-post\" data-elementor-id=\"15198\" class=\"elementor elementor-15198\" data-elementor-post-type=\"product\">\n\t\t\t\t\t\t<section class=\"elementor-section elementor-top-section elementor-element elementor-element-139e298 elementor-section-stretched elementor-section-boxed elementor-section-height-default elementor-section-height-default\" data-id=\"139e298\" data-element_type=\"section\" data-e-type=\"section\" data-settings=\"{&quot;stretch_section&quot;:&quot;section-stretched&quot;}\">\n\t\t\t\t\t\t<div class=\"elementor-container elementor-column-gap-default\">\n\t\t\t\t\t<div class=\"elementor-column elementor-col-50 elementor-top-column elementor-element elementor-element-6e63bfa\" data-id=\"6e63bfa\" data-element_type=\"column\" data-e-type=\"column\">\n\t\t\t<div class=\"elementor-widget-wrap elementor-element-populated\">\n\t\t\t\t\t\t<div class=\"elementor-element elementor-element-d165673 elementor-arrows-position-outside elementor-pagination-position-outside elementor-widget elementor-widget-image-carousel\" data-id=\"d165673\" data-element_type=\"widget\" data-e-type=\"widget\" data-settings=\"{&quot;slides_to_show&quot;:&quot;1&quot;,&quot;effect&quot;:&quot;fade&quot;,&quot;navigation&quot;:&quot;both&quot;,&quot;autoplay&quot;:&quot;yes&quot;,&quot;pause_on_hover&quot;:&quot;yes&quot;,&quot;pause_on_interaction&quot;:&quot;yes&quot;,&quot;autoplay_speed&quot;:5000,&quot;infinite&quot;:&quot;yes&quot;,&quot;speed&quot;:500}\" data-widget_type=\"image-carousel.default\">\n\t\t\t\t<div class=\"elementor-widget-container\">\n\t\t\t\t\t\t\t<div class=\"elementor-image-carousel-wrapper swiper\" role=\"region\" aria-roledescription=\"carousel\" aria-label=\"Carrusel de im\u00e1genes\" dir=\"ltr\">\n\t\t\t<div class=\"elementor-image-carousel swiper-wrapper swiper-image-stretch\" aria-live=\"off\">\n\t\t\t\t\t\t\t\t<div class=\"swiper-slide\" role=\"group\" aria-roledescription=\"slide\" aria-label=\"1 of 7\"><figure class=\"swiper-slide-inner\"><img decoding=\"async\" class=\"swiper-slide-image\" src=\"https:\/\/proonesport.com\/wp-content\/uploads\/2025\/11\/short-licra-con-protecciones-pro-one-cylion-negro-7.jpg\" alt=\"short-licra-con-protecciones-pro-one-cylion-negro\" \/><\/figure><\/div><div class=\"swiper-slide\" role=\"group\" aria-roledescription=\"slide\" aria-label=\"2 of 7\"><figure class=\"swiper-slide-inner\"><img decoding=\"async\" class=\"swiper-slide-image\" src=\"https:\/\/proonesport.com\/wp-content\/uploads\/2025\/11\/short-licra-con-protecciones-pro-one-cylion-negro-1-1.jpg\" alt=\"short-licra-con-protecciones-pro-one-cylion-negro (1)\" \/><\/figure><\/div><div class=\"swiper-slide\" role=\"group\" aria-roledescription=\"slide\" aria-label=\"3 of 7\"><figure class=\"swiper-slide-inner\"><img decoding=\"async\" class=\"swiper-slide-image\" src=\"https:\/\/proonesport.com\/wp-content\/uploads\/2025\/11\/short-licra-con-protecciones-pro-one-cylion-negro-3-1.jpg\" alt=\"short-licra-con-protecciones-pro-one-cylion-negro (3)\" \/><\/figure><\/div><div class=\"swiper-slide\" role=\"group\" aria-roledescription=\"slide\" aria-label=\"4 of 7\"><figure class=\"swiper-slide-inner\"><img decoding=\"async\" class=\"swiper-slide-image\" src=\"https:\/\/proonesport.com\/wp-content\/uploads\/2025\/11\/short-licra-con-protecciones-pro-one-cylion-negro-4-1.jpg\" alt=\"short-licra-con-protecciones-pro-one-cylion-negro (4)\" \/><\/figure><\/div><div class=\"swiper-slide\" role=\"group\" aria-roledescription=\"slide\" aria-label=\"5 of 7\"><figure class=\"swiper-slide-inner\"><img decoding=\"async\" class=\"swiper-slide-image\" src=\"https:\/\/proonesport.com\/wp-content\/uploads\/2025\/11\/short-licra-con-protecciones-pro-one-cylion-negro-2-1.jpg\" alt=\"short-licra-con-protecciones-pro-one-cylion-negro (2)\" \/><\/figure><\/div><div class=\"swiper-slide\" role=\"group\" aria-roledescription=\"slide\" aria-label=\"6 of 7\"><figure class=\"swiper-slide-inner\"><img decoding=\"async\" class=\"swiper-slide-image\" src=\"https:\/\/proonesport.com\/wp-content\/uploads\/2025\/11\/short-licra-con-protecciones-pro-one-cylion-negro-6-1.jpg\" alt=\"short-licra-con-protecciones-pro-one-cylion-negro (6)\" \/><\/figure><\/div><div class=\"swiper-slide\" role=\"group\" aria-roledescription=\"slide\" aria-label=\"7 of 7\"><figure class=\"swiper-slide-inner\"><img decoding=\"async\" class=\"swiper-slide-image\" src=\"https:\/\/proonesport.com\/wp-content\/uploads\/2025\/11\/short-licra-con-protecciones-pro-one-cylion-negro-5-1.jpg\" alt=\"short-licra-con-protecciones-pro-one-cylion-negro (5)\" \/><\/figure><\/div>\t\t\t<\/div>\n\t\t\t\t\t\t\t\t\t\t\t\t<div class=\"elementor-swiper-button elementor-swiper-button-prev\" role=\"button\" tabindex=\"0\">\n\t\t\t\t\t\t<i aria-hidden=\"true\" class=\"eicon-chevron-left\"><\/i>\t\t\t\t\t<\/div>\n\t\t\t\t\t<div class=\"elementor-swiper-button elementor-swiper-button-next\" role=\"button\" tabindex=\"0\">\n\t\t\t\t\t\t<i aria-hidden=\"true\" class=\"eicon-chevron-right\"><\/i>\t\t\t\t\t<\/div>\n\t\t\t\t\n\t\t\t\t\t\t\t\t\t<div class=\"swiper-pagination\"><\/div>\n\t\t\t\t\t\t\t\t\t<\/div>\n\t\t\t\t\t\t<\/div>\n\t\t\t\t<\/div>\n\t\t\t\t\t<\/div>\n\t\t<\/div>\n\t\t\t\t<div class=\"elementor-column elementor-col-50 elementor-top-column elementor-element elementor-element-1048398\" data-id=\"1048398\" data-element_type=\"column\" data-e-type=\"column\">\n\t\t\t<div class=\"elementor-widget-wrap elementor-element-populated\">\n\t\t\t\t\t\t<div class=\"elementor-element elementor-element-d6a2fc9 elementor-widget elementor-widget-woocommerce-product-title elementor-page-title elementor-widget-heading\" data-id=\"d6a2fc9\" data-element_type=\"widget\" data-e-type=\"widget\" data-widget_type=\"woocommerce-product-title.default\">\n\t\t\t\t<div class=\"elementor-widget-container\">\n\t\t\t\t\t<h1 class=\"product_title entry-title elementor-heading-title elementor-size-default\">Short Licra con protecciones Cylion<\/h1>\t\t\t\t<\/div>\n\t\t\t\t<\/div>\n\t\t\t\t<div class=\"elementor-element elementor-element-781c649 elementor-widget-divider--view-line elementor-widget elementor-widget-divider\" data-id=\"781c649\" data-element_type=\"widget\" data-e-type=\"widget\" data-widget_type=\"divider.default\">\n\t\t\t\t<div class=\"elementor-widget-container\">\n\t\t\t\t\t\t\t<div class=\"elementor-divider\">\n\t\t\t<span class=\"elementor-divider-separator\">\n\t\t\t\t\t\t<\/span>\n\t\t<\/div>\n\t\t\t\t\t\t<\/div>\n\t\t\t\t<\/div>\n\t\t\t\t<div class=\"elementor-element elementor-element-031cc46 elementor-icon-list--layout-traditional elementor-list-item-link-full_width elementor-widget elementor-widget-icon-list\" data-id=\"031cc46\" data-element_type=\"widget\" data-e-type=\"widget\" data-widget_type=\"icon-list.default\">\n\t\t\t\t<div class=\"elementor-widget-container\">\n\t\t\t\t\t\t\t<ul class=\"elementor-icon-list-items\">\n\t\t\t\t\t\t\t<li class=\"elementor-icon-list-item\">\n\t\t\t\t\t\t\t\t\t\t\t<span class=\"elementor-icon-list-icon\">\n\t\t\t\t\t\t\t<i aria-hidden=\"true\" class=\"fas fa-check\"><\/i>\t\t\t\t\t\t<\/span>\n\t\t\t\t\t\t\t\t\t\t<span class=\"elementor-icon-list-text\">Tela OneFlex 50<\/span>\n\t\t\t\t\t\t\t\t\t<\/li>\n\t\t\t\t\t\t\t\t<li class=\"elementor-icon-list-item\">\n\t\t\t\t\t\t\t\t\t\t\t<span class=\"elementor-icon-list-icon\">\n\t\t\t\t\t\t\t<i aria-hidden=\"true\" class=\"fas fa-check\"><\/i>\t\t\t\t\t\t<\/span>\n\t\t\t\t\t\t\t\t\t\t<span class=\"elementor-icon-list-text\">Spandex de alta calidad<\/span>\n\t\t\t\t\t\t\t\t\t<\/li>\n\t\t\t\t\t\t\t\t<li class=\"elementor-icon-list-item\">\n\t\t\t\t\t\t\t\t\t\t\t<span class=\"elementor-icon-list-icon\">\n\t\t\t\t\t\t\t<i aria-hidden=\"true\" class=\"fas fa-check\"><\/i>\t\t\t\t\t\t<\/span>\n\t\t\t\t\t\t\t\t\t\t<span class=\"elementor-icon-list-text\">sistema de control de humedad<\/span>\n\t\t\t\t\t\t\t\t\t<\/li>\n\t\t\t\t\t\t\t\t<li class=\"elementor-icon-list-item\">\n\t\t\t\t\t\t\t\t\t\t\t<span class=\"elementor-icon-list-icon\">\n\t\t\t\t\t\t\t<i aria-hidden=\"true\" class=\"fas fa-check\"><\/i>\t\t\t\t\t\t<\/span>\n\t\t\t\t\t\t\t\t\t\t<span class=\"elementor-icon-list-text\">Tecnolog\u00eda Odor Free<\/span>\n\t\t\t\t\t\t\t\t\t<\/li>\n\t\t\t\t\t\t\t\t<li class=\"elementor-icon-list-item\">\n\t\t\t\t\t\t\t\t\t\t\t<span class=\"elementor-icon-list-icon\">\n\t\t\t\t\t\t\t<i aria-hidden=\"true\" class=\"fas fa-check\"><\/i>\t\t\t\t\t\t<\/span>\n\t\t\t\t\t\t\t\t\t\t<span class=\"elementor-icon-list-text\">Protecciones EVA (1.2 mm comprimido)<\/span>\n\t\t\t\t\t\t\t\t\t<\/li>\n\t\t\t\t\t\t\t\t<li class=\"elementor-icon-list-item\">\n\t\t\t\t\t\t\t\t\t\t\t<span class=\"elementor-icon-list-icon\">\n\t\t\t\t\t\t\t<i aria-hidden=\"true\" class=\"fas fa-check\"><\/i>\t\t\t\t\t\t<\/span>\n\t\t\t\t\t\t\t\t\t\t<span class=\"elementor-icon-list-text\">Tecnolog\u00eda de protecci\u00f3n UPF-50<\/span>\n\t\t\t\t\t\t\t\t\t<\/li>\n\t\t\t\t\t\t<\/ul>\n\t\t\t\t\t\t<\/div>\n\t\t\t\t<\/div>\n\t\t\t\t<div class=\"elementor-element elementor-element-c17860f elementor-widget elementor-widget-heading\" data-id=\"c17860f\" data-element_type=\"widget\" data-e-type=\"widget\" data-widget_type=\"heading.default\">\n\t\t\t\t<div class=\"elementor-widget-container\">\n\t\t\t\t\t<h2 class=\"elementor-heading-title elementor-size-default\">COLORES DISPONIBLES:<\/h2>\t\t\t\t<\/div>\n\t\t\t\t<\/div>\n\t\t\t\t<div class=\"elementor-element elementor-element-3edc174 gallery-spacing-custom elementor-widget elementor-widget-image-gallery\" data-id=\"3edc174\" data-element_type=\"widget\" data-e-type=\"widget\" data-widget_type=\"image-gallery.default\">\n\t\t\t\t<div class=\"elementor-widget-container\">\n\t\t\t\t\t\t\t<div class=\"elementor-image-gallery\">\n\t\t\t\n<a data-elementor-open-lightbox=\"yes\" data-elementor-lightbox-slideshow=\"3edc174\" data-elementor-lightbox-title=\"short-licra-con-protecciones-pro-one-cylion-negro\" data-e-action-hash=\"#elementor-action%3Aaction%3Dlightbox%26settings%3DeyJpZCI6MTUxOTAsInVybCI6Imh0dHBzOlwvXC9wcm9vbmVzcG9ydC5jb21cL3dwLWNvbnRlbnRcL3VwbG9hZHNcLzIwMjVcLzExXC9zaG9ydC1saWNyYS1jb24tcHJvdGVjY2lvbmVzLXByby1vbmUtY3lsaW9uLW5lZ3JvLTcuanBnIiwic2xpZGVzaG93IjoiM2VkYzE3NCJ9\" href='https:\/\/proonesport.com\/wp-content\/uploads\/2025\/11\/short-licra-con-protecciones-pro-one-cylion-negro-7.jpg'><img fetchpriority=\"high\" decoding=\"async\" width=\"231\" height=\"300\" src=\"https:\/\/proonesport.com\/wp-content\/uploads\/2025\/11\/short-licra-con-protecciones-pro-one-cylion-negro-7-231x300.jpg\" class=\"attachment-medium size-medium\" alt=\"\" srcset=\"https:\/\/proonesport.com\/wp-content\/uploads\/2025\/11\/short-licra-con-protecciones-pro-one-cylion-negro-7-231x300.jpg 231w, https:\/\/proonesport.com\/wp-content\/uploads\/2025\/11\/short-licra-con-protecciones-pro-one-cylion-negro-7-768x996.jpg 768w, https:\/\/proonesport.com\/wp-content\/uploads\/2025\/11\/short-licra-con-protecciones-pro-one-cylion-negro-7-9x12.jpg 9w, https:\/\/proonesport.com\/wp-content\/uploads\/2025\/11\/short-licra-con-protecciones-pro-one-cylion-negro-7-300x389.jpg 300w, https:\/\/proonesport.com\/wp-content\/uploads\/2025\/11\/short-licra-con-protecciones-pro-one-cylion-negro-7-600x778.jpg 600w, https:\/\/proonesport.com\/wp-content\/uploads\/2025\/11\/short-licra-con-protecciones-pro-one-cylion-negro-7.jpg 771w\" sizes=\"(max-width: 231px) 100vw, 231px\" \/><\/a>\n<a data-elementor-open-lightbox=\"yes\" data-elementor-lightbox-slideshow=\"3edc174\" data-elementor-lightbox-title=\"short-licra-con-protecciones-pro-one-cylion-negro (1)\" data-e-action-hash=\"#elementor-action%3Aaction%3Dlightbox%26settings%3DeyJpZCI6MTUxODksInVybCI6Imh0dHBzOlwvXC9wcm9vbmVzcG9ydC5jb21cL3dwLWNvbnRlbnRcL3VwbG9hZHNcLzIwMjVcLzExXC9zaG9ydC1saWNyYS1jb24tcHJvdGVjY2lvbmVzLXByby1vbmUtY3lsaW9uLW5lZ3JvLTEtMS5qcGciLCJzbGlkZXNob3ciOiIzZWRjMTc0In0%3D\" href='https:\/\/proonesport.com\/wp-content\/uploads\/2025\/11\/short-licra-con-protecciones-pro-one-cylion-negro-1-1.jpg'><img decoding=\"async\" width=\"231\" height=\"300\" src=\"https:\/\/proonesport.com\/wp-content\/uploads\/2025\/11\/short-licra-con-protecciones-pro-one-cylion-negro-1-1-231x300.jpg\" class=\"attachment-medium size-medium\" alt=\"\" srcset=\"https:\/\/proonesport.com\/wp-content\/uploads\/2025\/11\/short-licra-con-protecciones-pro-one-cylion-negro-1-1-231x300.jpg 231w, https:\/\/proonesport.com\/wp-content\/uploads\/2025\/11\/short-licra-con-protecciones-pro-one-cylion-negro-1-1-768x996.jpg 768w, https:\/\/proonesport.com\/wp-content\/uploads\/2025\/11\/short-licra-con-protecciones-pro-one-cylion-negro-1-1-9x12.jpg 9w, https:\/\/proonesport.com\/wp-content\/uploads\/2025\/11\/short-licra-con-protecciones-pro-one-cylion-negro-1-1-300x389.jpg 300w, https:\/\/proonesport.com\/wp-content\/uploads\/2025\/11\/short-licra-con-protecciones-pro-one-cylion-negro-1-1-600x778.jpg 600w, https:\/\/proonesport.com\/wp-content\/uploads\/2025\/11\/short-licra-con-protecciones-pro-one-cylion-negro-1-1.jpg 771w\" sizes=\"(max-width: 231px) 100vw, 231px\" \/><\/a>\n\t\t<\/div>\n\t\t\t\t\t\t<\/div>\n\t\t\t\t<\/div>\n\t\t\t\t\t<\/div>\n\t\t<\/div>\n\t\t\t\t\t<\/div>\n\t\t<\/section>\n\t\t\t\t<section class=\"elementor-section elementor-top-section elementor-element elementor-element-be267e1 elementor-section-full_width elementor-section-height-default elementor-section-height-default\" data-id=\"be267e1\" data-element_type=\"section\" data-e-type=\"section\" data-settings=\"{&quot;background_background&quot;:&quot;classic&quot;}\">\n\t\t\t\t\t\t<div class=\"elementor-container elementor-column-gap-default\">\n\t\t\t\t\t<div class=\"elementor-column elementor-col-100 elementor-top-column elementor-element elementor-element-f61d24a\" data-id=\"f61d24a\" data-element_type=\"column\" data-e-type=\"column\" data-settings=\"{&quot;background_background&quot;:&quot;classic&quot;}\">\n\t\t\t<div class=\"elementor-widget-wrap elementor-element-populated\">\n\t\t\t\t\t\t<div class=\"elementor-element elementor-element-30cde0f elementor-widget elementor-widget-spacer\" data-id=\"30cde0f\" data-element_type=\"widget\" data-e-type=\"widget\" data-widget_type=\"spacer.default\">\n\t\t\t\t<div class=\"elementor-widget-container\">\n\t\t\t\t\t\t\t<div class=\"elementor-spacer\">\n\t\t\t<div class=\"elementor-spacer-inner\"><\/div>\n\t\t<\/div>\n\t\t\t\t\t\t<\/div>\n\t\t\t\t<\/div>\n\t\t\t\t\t<\/div>\n\t\t<\/div>\n\t\t\t\t\t<\/div>\n\t\t<\/section>\n\t\t\t\t<\/div>","protected":false},"excerpt":{"rendered":"<p>Previous image Next image Tela OneFlex 50 Spandex de alta calidad sistema de control de humedad Tecnolog\u00eda Odor Free Protecciones EVA (1.2 mm comprimido) Tecnolog\u00eda de protecci\u00f3n UPF-50 COLORES DISPONIBLES:<\/p>","protected":false},"featured_media":15176,"template":"elementor_header_footer","meta":{"om_disable_all_campaigns":false,"_monsterinsights_skip_tracking":false,"_monsterinsights_sitenote_active":false,"_monsterinsights_sitenote_note":"","_monsterinsights_sitenote_category":0,"site-sidebar-layout":"no-sidebar","site-content-layout":"page-builder","ast-global-header-display":"","ast-main-header-display":"","ast-hfb-above-header-display":"","ast-hfb-below-header-display":"","ast-hfb-mobile-header-display":"","site-post-title":"disabled","ast-breadcrumbs-content":"","ast-featured-img":"disabled","footer-sml-layout":"","theme-transparent-header-meta":"default","adv-header-id-meta":"","stick-header-meta":"","header-above-stick-meta":"","header-main-stick-meta":"","header-below-stick-meta":""},"product_brand":[],"product_cat":[371,356,360],"product_tag":[],"class_list":{"0":"post-15198","1":"product","2":"type-product","3":"status-publish","4":"has-post-thumbnail","6":"product_cat-calentadores","7":"product_cat-indumentaria","8":"product_cat-pantalones-y-shorts","9":"desktop-align-center","10":"tablet-align-left","11":"mobile-align-left","13":"first","14":"instock","15":"shipping-taxable","16":"product-type-simple"},"aioseo_notices":[],"jetpack_sharing_enabled":true,"_links":{"self":[{"href":"https:\/\/proonesport.com\/es\/wp-json\/wp\/v2\/product\/15198","targetHints":{"allow":["GET"]}}],"collection":[{"href":"https:\/\/proonesport.com\/es\/wp-json\/wp\/v2\/product"}],"about":[{"href":"https:\/\/proonesport.com\/es\/wp-json\/wp\/v2\/types\/product"}],"version-history":[{"count":5,"href":"https:\/\/proonesport.com\/es\/wp-json\/wp\/v2\/product\/15198\/revisions"}],"predecessor-version":[{"id":15203,"href":"https:\/\/proonesport.com\/es\/wp-json\/wp\/v2\/product\/15198\/revisions\/15203"}],"wp:featuredmedia":[{"embeddable":true,"href":"https:\/\/proonesport.com\/es\/wp-json\/wp\/v2\/media\/15176"}],"wp:attachment":[{"href":"https:\/\/proonesport.com\/es\/wp-json\/wp\/v2\/media?parent=15198"}],"wp:term":[{"taxonomy":"product_brand","embeddable":true,"href":"https:\/\/proonesport.com\/es\/wp-json\/wp\/v2\/product_brand?post=15198"},{"taxonomy":"product_cat","embeddable":true,"href":"https:\/\/proonesport.com\/es\/wp-json\/wp\/v2\/product_cat?post=15198"},{"taxonomy":"product_tag","embeddable":true,"href":"https:\/\/proonesport.com\/es\/wp-json\/wp\/v2\/product_tag?post=15198"}],"curies":[{"name":"wp","href":"https:\/\/api.w.org\/{rel}","templated":true}]}}