{"id":14608,"date":"2025-11-07T14:03:57","date_gmt":"2025-11-07T14:03:57","guid":{"rendered":"https:\/\/proonesport.com\/?post_type=product&#038;p=14608"},"modified":"2025-11-07T14:06:49","modified_gmt":"2025-11-07T14:06:49","slug":"strong-gk-pants","status":"publish","type":"product","link":"https:\/\/proonesport.com\/es\/product\/strong-gk-pants\/","title":{"rendered":"Pantal\u00f3n De Arquero Strong"},"content":{"rendered":"<div data-elementor-type=\"product-post\" data-elementor-id=\"14608\" class=\"elementor elementor-14608\">\n\t\t\t\t\t\t\t\t\t<section class=\"elementor-section elementor-top-section elementor-element elementor-element-6103583 elementor-section-boxed elementor-section-height-default elementor-section-height-default\" data-id=\"6103583\" data-element_type=\"section\">\n\t\t\t\t\t\t<div class=\"elementor-container elementor-column-gap-default\">\n\t\t\t\t\t<div class=\"elementor-column elementor-col-50 elementor-top-column elementor-element elementor-element-373d573\" data-id=\"373d573\" data-element_type=\"column\">\n\t\t\t<div class=\"elementor-widget-wrap elementor-element-populated\">\n\t\t\t\t\t\t\t\t<div class=\"elementor-element elementor-element-655ba89 yes elementor-widget elementor-widget-woocommerce-product-images\" data-id=\"655ba89\" data-element_type=\"widget\" data-widget_type=\"woocommerce-product-images.default\">\n\t\t\t\t<div class=\"elementor-widget-container\">\n\t\t\t<link rel=\"stylesheet\" href=\"https:\/\/proonesport.com\/wp-content\/plugins\/elementor-pro\/assets\/css\/widget-woocommerce.min.css\"><div class=\"woocommerce-product-gallery woocommerce-product-gallery--with-images woocommerce-product-gallery--columns-4 images\" data-columns=\"4\" style=\"opacity: 0; transition: opacity .25s ease-in-out;\">\n\t<figure class=\"woocommerce-product-gallery__wrapper\">\n\t\t<div data-thumb=\"https:\/\/proonesport.com\/wp-content\/uploads\/2025\/11\/pantalon-de-arquero-pro-one-strong-100x100.jpg\" data-thumb-alt=\"\" class=\"woocommerce-product-gallery__image\"><a href=\"https:\/\/proonesport.com\/wp-content\/uploads\/2025\/11\/pantalon-de-arquero-pro-one-strong.jpg\"><img width=\"600\" height=\"778\" src=\"https:\/\/proonesport.com\/wp-content\/uploads\/2025\/11\/pantalon-de-arquero-pro-one-strong-600x778.jpg\" class=\"wp-post-image\" alt=\"\" decoding=\"async\" loading=\"lazy\" title=\"pantalon-de-arquero-pro-one-strong\" data-caption=\"\" data-src=\"https:\/\/proonesport.com\/wp-content\/uploads\/2025\/11\/pantalon-de-arquero-pro-one-strong.jpg\" data-large_image=\"https:\/\/proonesport.com\/wp-content\/uploads\/2025\/11\/pantalon-de-arquero-pro-one-strong.jpg\" data-large_image_width=\"771\" data-large_image_height=\"1000\" srcset=\"https:\/\/proonesport.com\/wp-content\/uploads\/2025\/11\/pantalon-de-arquero-pro-one-strong-600x778.jpg 600w, https:\/\/proonesport.com\/wp-content\/uploads\/2025\/11\/pantalon-de-arquero-pro-one-strong-231x300.jpg 231w, https:\/\/proonesport.com\/wp-content\/uploads\/2025\/11\/pantalon-de-arquero-pro-one-strong-768x996.jpg 768w, https:\/\/proonesport.com\/wp-content\/uploads\/2025\/11\/pantalon-de-arquero-pro-one-strong-9x12.jpg 9w, https:\/\/proonesport.com\/wp-content\/uploads\/2025\/11\/pantalon-de-arquero-pro-one-strong-300x389.jpg 300w, https:\/\/proonesport.com\/wp-content\/uploads\/2025\/11\/pantalon-de-arquero-pro-one-strong.jpg 771w\" sizes=\"(max-width: 600px) 100vw, 600px\" \/><\/a><\/div>\t<\/figure>\n<\/div>\n\t\t<\/div>\n\t\t\t\t<\/div>\n\t\t\t\t\t<\/div>\n\t\t<\/div>\n\t\t\t\t<div class=\"elementor-column elementor-col-50 elementor-top-column elementor-element elementor-element-6ef62e1\" data-id=\"6ef62e1\" data-element_type=\"column\">\n\t\t\t<div class=\"elementor-widget-wrap elementor-element-populated\">\n\t\t\t\t\t\t\t\t<div class=\"elementor-element elementor-element-52121f4 elementor-widget elementor-widget-woocommerce-product-title elementor-page-title elementor-widget-heading\" data-id=\"52121f4\" data-element_type=\"widget\" data-widget_type=\"woocommerce-product-title.default\">\n\t\t\t\t<div class=\"elementor-widget-container\">\n\t\t\t<style>\/*! elementor - v3.13.2 - 11-05-2023 *\/\n.elementor-heading-title{padding:0;margin:0;line-height:1}.elementor-widget-heading .elementor-heading-title[class*=elementor-size-]>a{color:inherit;font-size:inherit;line-height:inherit}.elementor-widget-heading .elementor-heading-title.elementor-size-small{font-size:15px}.elementor-widget-heading .elementor-heading-title.elementor-size-medium{font-size:19px}.elementor-widget-heading .elementor-heading-title.elementor-size-large{font-size:29px}.elementor-widget-heading .elementor-heading-title.elementor-size-xl{font-size:39px}.elementor-widget-heading .elementor-heading-title.elementor-size-xxl{font-size:59px}<\/style><h1 class=\"product_title entry-title elementor-heading-title elementor-size-default\">Pantal\u00f3n De Arquero Strong<\/h1>\t\t<\/div>\n\t\t\t\t<\/div>\n\t\t\t\t<div class=\"elementor-element elementor-element-d9ec3ba elementor-widget elementor-widget-heading\" data-id=\"d9ec3ba\" data-element_type=\"widget\" data-widget_type=\"heading.default\">\n\t\t\t\t<div class=\"elementor-widget-container\">\n\t\t\t<h2 class=\"elementor-heading-title elementor-size-default\">Dise\u00f1ados con acolchado estrat\u00e9gico en los muslos y las rodillas, estos pantalones proporcionan protecci\u00f3n contra ca\u00eddas repetitivas, lo que te permite dar lo mejor de ti en cada sesi\u00f3n de entrenamiento.<\/h2>\t\t<\/div>\n\t\t\t\t<\/div>\n\t\t\t\t<div class=\"elementor-element elementor-element-822f5e9 elementor-tabs-view-horizontal elementor-widget elementor-widget-tabs\" data-id=\"822f5e9\" data-element_type=\"widget\" data-widget_type=\"tabs.default\">\n\t\t\t\t<div class=\"elementor-widget-container\">\n\t\t\t<style>.elementor-widget-tabs.elementor-tabs-view-vertical .elementor-tabs-wrapper{width:25%;flex-shrink:0}.elementor-widget-tabs.elementor-tabs-view-vertical .elementor-tab-desktop-title.elementor-active{border-right-style:none}.elementor-widget-tabs.elementor-tabs-view-vertical .elementor-tab-desktop-title.elementor-active:after,.elementor-widget-tabs.elementor-tabs-view-vertical .elementor-tab-desktop-title.elementor-active:before{height:999em;width:0;right:0;border-right-style:solid}.elementor-widget-tabs.elementor-tabs-view-vertical .elementor-tab-desktop-title.elementor-active:before{top:0;transform:translateY(-100%)}.elementor-widget-tabs.elementor-tabs-view-vertical .elementor-tab-desktop-title.elementor-active:after{top:100%}.elementor-widget-tabs.elementor-tabs-view-horizontal .elementor-tab-desktop-title{display:table-cell}.elementor-widget-tabs.elementor-tabs-view-horizontal .elementor-tab-desktop-title.elementor-active{border-bottom-style:none}.elementor-widget-tabs.elementor-tabs-view-horizontal .elementor-tab-desktop-title.elementor-active:after,.elementor-widget-tabs.elementor-tabs-view-horizontal .elementor-tab-desktop-title.elementor-active:before{bottom:0;height:0;width:999em;border-bottom-style:solid}.elementor-widget-tabs.elementor-tabs-view-horizontal .elementor-tab-desktop-title.elementor-active:before{right:100%}.elementor-widget-tabs.elementor-tabs-view-horizontal .elementor-tab-desktop-title.elementor-active:after{left:100%}.elementor-widget-tabs .elementor-tab-content,.elementor-widget-tabs .elementor-tab-title,.elementor-widget-tabs .elementor-tab-title:after,.elementor-widget-tabs .elementor-tab-title:before,.elementor-widget-tabs .elementor-tabs-content-wrapper{border:1px #d5d8dc}.elementor-widget-tabs .elementor-tabs{text-align:left}.elementor-widget-tabs .elementor-tabs-wrapper{overflow:hidden}.elementor-widget-tabs .elementor-tab-title{cursor:pointer;outline:var(--focus-outline,none)}.elementor-widget-tabs .elementor-tab-desktop-title{position:relative;padding:20px 25px;font-weight:700;line-height:1;border:solid transparent}.elementor-widget-tabs .elementor-tab-desktop-title.elementor-active{border-color:#d5d8dc}.elementor-widget-tabs .elementor-tab-desktop-title.elementor-active:after,.elementor-widget-tabs .elementor-tab-desktop-title.elementor-active:before{display:block;content:\"\";position:absolute}.elementor-widget-tabs .elementor-tab-desktop-title:focus-visible{border:1px solid #000}.elementor-widget-tabs .elementor-tab-mobile-title{padding:10px;cursor:pointer}.elementor-widget-tabs .elementor-tab-content{padding:20px;display:none}@media (max-width:767px){.elementor-tabs .elementor-tab-content,.elementor-tabs .elementor-tab-title{border-style:solid solid none}.elementor-tabs .elementor-tabs-wrapper{display:none}.elementor-tabs .elementor-tabs-content-wrapper{border-bottom-style:solid}.elementor-tabs .elementor-tab-content{padding:10px}}@media (min-width:768px){.elementor-widget-tabs.elementor-tabs-view-vertical .elementor-tabs{display:flex}.elementor-widget-tabs.elementor-tabs-view-vertical .elementor-tabs-wrapper{flex-direction:column}.elementor-widget-tabs.elementor-tabs-view-vertical .elementor-tabs-content-wrapper{flex-grow:1;border-style:solid solid solid none}.elementor-widget-tabs.elementor-tabs-view-horizontal .elementor-tab-content{border-style:none solid solid}.elementor-widget-tabs.elementor-tabs-alignment-center .elementor-tabs-wrapper,.elementor-widget-tabs.elementor-tabs-alignment-end .elementor-tabs-wrapper,.elementor-widget-tabs.elementor-tabs-alignment-stretch .elementor-tabs-wrapper{display:flex}.elementor-widget-tabs.elementor-tabs-alignment-center .elementor-tabs-wrapper{justify-content:center}.elementor-widget-tabs.elementor-tabs-alignment-end .elementor-tabs-wrapper{justify-content:flex-end}.elementor-widget-tabs.elementor-tabs-alignment-stretch.elementor-tabs-view-horizontal .elementor-tab-title{width:100%}.elementor-widget-tabs.elementor-tabs-alignment-stretch.elementor-tabs-view-vertical .elementor-tab-title{height:100%}.elementor-tabs .elementor-tab-mobile-title{display:none}}<\/style>\t\t<div class=\"elementor-tabs\">\n\t\t\t<div class=\"elementor-tabs-wrapper\" role=\"tablist\" >\n\t\t\t\t\t\t\t\t\t<div id=\"elementor-tab-title-1361\" class=\"elementor-tab-title elementor-tab-desktop-title\" aria-selected=\"true\" data-tab=\"1\" role=\"tab\" tabindex=\"0\" aria-controls=\"elementor-tab-content-1361\" aria-expanded=\"false\">Material<\/div>\n\t\t\t\t\t\t\t\t\t<div id=\"elementor-tab-title-1362\" class=\"elementor-tab-title elementor-tab-desktop-title\" aria-selected=\"false\" data-tab=\"2\" role=\"tab\" tabindex=\"-1\" aria-controls=\"elementor-tab-content-1362\" aria-expanded=\"false\">Descripci\u00f3n<\/div>\n\t\t\t\t\t\t\t\t\t<div id=\"elementor-tab-title-1363\" class=\"elementor-tab-title elementor-tab-desktop-title\" aria-selected=\"false\" data-tab=\"3\" role=\"tab\" tabindex=\"-1\" aria-controls=\"elementor-tab-content-1363\" aria-expanded=\"false\">Detalles<\/div>\n\t\t\t\t\t\t\t<\/div>\n\t\t\t<div class=\"elementor-tabs-content-wrapper\" role=\"tablist\" aria-orientation=\"vertical\">\n\t\t\t\t\t\t\t\t\t<div class=\"elementor-tab-title elementor-tab-mobile-title\" aria-selected=\"true\" data-tab=\"1\" role=\"tab\" tabindex=\"0\" aria-controls=\"elementor-tab-content-1361\" aria-expanded=\"false\">Material<\/div>\n\t\t\t\t\t<div id=\"elementor-tab-content-1361\" class=\"elementor-tab-content elementor-clearfix\" data-tab=\"1\" role=\"tabpanel\" aria-labelledby=\"elementor-tab-title-1361\" tabindex=\"0\" hidden=\"false\"><pre><img decoding=\"async\" loading=\"lazy\" class=\"alignnone wp-image-7485\" src=\"http:\/\/proonesport.com\/wp-content\/uploads\/2023\/10\/telas_-300x300.png\" alt=\"\" width=\"30\" height=\"30\" srcset=\"https:\/\/proonesport.com\/wp-content\/uploads\/2023\/10\/telas_-300x300.png 300w, https:\/\/proonesport.com\/wp-content\/uploads\/2023\/10\/telas_-150x150.png 150w, https:\/\/proonesport.com\/wp-content\/uploads\/2023\/10\/telas_-12x12.png 12w, https:\/\/proonesport.com\/wp-content\/uploads\/2023\/10\/telas_-100x100.png 100w, https:\/\/proonesport.com\/wp-content\/uploads\/2023\/10\/telas_-50x50.png 50w, https:\/\/proonesport.com\/wp-content\/uploads\/2023\/10\/telas_.png 302w\" sizes=\"(max-width: 30px) 100vw, 30px\" \/>\u00a0 Tela One Performance.\u00a0 \u00a0 \u00a0 \u00a0 \u00a0 \u00a0 \u00a0 \u00a0 \u00a0 \u00a0 \u00a0 \u00a0 \u00a0 \u00a0 \u00a0 \u00a0\u00a0\n<img decoding=\"async\" loading=\"lazy\" class=\"alignnone wp-image-7459\" src=\"http:\/\/proonesport.com\/wp-content\/uploads\/2023\/10\/flexibilidad-300x300.png\" alt=\"\" width=\"25\" height=\"25\" srcset=\"https:\/\/proonesport.com\/wp-content\/uploads\/2023\/10\/flexibilidad-300x300.png 300w, https:\/\/proonesport.com\/wp-content\/uploads\/2023\/10\/flexibilidad-150x150.png 150w, https:\/\/proonesport.com\/wp-content\/uploads\/2023\/10\/flexibilidad-12x12.png 12w, https:\/\/proonesport.com\/wp-content\/uploads\/2023\/10\/flexibilidad-100x100.png 100w, https:\/\/proonesport.com\/wp-content\/uploads\/2023\/10\/flexibilidad-50x50.png 50w, https:\/\/proonesport.com\/wp-content\/uploads\/2023\/10\/flexibilidad.png 302w\" sizes=\"(max-width: 25px) 100vw, 25px\" \/><span style=\"vertical-align: inherit;\"><span style=\"vertical-align: inherit;\"><span style=\"vertical-align: inherit;\"><span style=\"vertical-align: inherit;\"> M\u00e1xima libertad de movimiento.<\/span><\/span><\/span><\/span>\n<img decoding=\"async\" loading=\"lazy\" class=\"alignnone wp-image-7461\" src=\"http:\/\/proonesport.com\/wp-content\/uploads\/2023\/10\/liviano-300x300.png\" alt=\"\" width=\"30\" height=\"30\" srcset=\"https:\/\/proonesport.com\/wp-content\/uploads\/2023\/10\/liviano-300x300.png 300w, https:\/\/proonesport.com\/wp-content\/uploads\/2023\/10\/liviano-150x150.png 150w, https:\/\/proonesport.com\/wp-content\/uploads\/2023\/10\/liviano-12x12.png 12w, https:\/\/proonesport.com\/wp-content\/uploads\/2023\/10\/liviano-100x100.png 100w, https:\/\/proonesport.com\/wp-content\/uploads\/2023\/10\/liviano-50x50.png 50w, https:\/\/proonesport.com\/wp-content\/uploads\/2023\/10\/liviano.png 302w\" sizes=\"(max-width: 30px) 100vw, 30px\" \/> Ideal para entrenamiento.\n<img decoding=\"async\" loading=\"lazy\" class=\"alignnone wp-image-7486\" src=\"http:\/\/proonesport.com\/wp-content\/uploads\/2023\/10\/transpirable-1-300x300.png\" alt=\"\" width=\"30\" height=\"30\" srcset=\"https:\/\/proonesport.com\/wp-content\/uploads\/2023\/10\/transpirable-1-300x300.png 300w, https:\/\/proonesport.com\/wp-content\/uploads\/2023\/10\/transpirable-1-150x150.png 150w, https:\/\/proonesport.com\/wp-content\/uploads\/2023\/10\/transpirable-1-12x12.png 12w, https:\/\/proonesport.com\/wp-content\/uploads\/2023\/10\/transpirable-1-100x100.png 100w, https:\/\/proonesport.com\/wp-content\/uploads\/2023\/10\/transpirable-1-50x50.png 50w, https:\/\/proonesport.com\/wp-content\/uploads\/2023\/10\/transpirable-1.png 302w\" sizes=\"(max-width: 30px) 100vw, 30px\" \/>\u00a0 Transpirable.\n<img decoding=\"async\" loading=\"lazy\" class=\"alignnone wp-image-7484\" src=\"http:\/\/proonesport.com\/wp-content\/uploads\/2023\/10\/rayos-uv-1-300x300.png\" alt=\"\" width=\"30\" height=\"30\" srcset=\"https:\/\/proonesport.com\/wp-content\/uploads\/2023\/10\/rayos-uv-1-300x300.png 300w, https:\/\/proonesport.com\/wp-content\/uploads\/2023\/10\/rayos-uv-1-150x150.png 150w, https:\/\/proonesport.com\/wp-content\/uploads\/2023\/10\/rayos-uv-1-12x12.png 12w, https:\/\/proonesport.com\/wp-content\/uploads\/2023\/10\/rayos-uv-1-100x100.png 100w, https:\/\/proonesport.com\/wp-content\/uploads\/2023\/10\/rayos-uv-1-50x50.png 50w, https:\/\/proonesport.com\/wp-content\/uploads\/2023\/10\/rayos-uv-1.png 302w\" sizes=\"(max-width: 30px) 100vw, 30px\" \/>\u00a0 Protecci\u00f3n a rayos UV con factor 50\u00a0 \u00a0 \u00a0 \u00a0 \u00a0 \u00a0 \u00a0 \u00a0 \u00a0 \u00a0 \u00a0 \u00a0 \u00a0 \u00a0 \u00a0 \u00a0 \u00a0 \u00a0 \u00a0 \u00a0 \u00a0 \u00a0 \u00a0 \u00a0 \u00a0 \u00a0 \u00a0 \u00a0 \u00a0 \u00a0 \u00a0 \u00a0 \u00a0 \u00a0 \u00a0 \u00a0 \u00a0\n<img decoding=\"async\" loading=\"lazy\" class=\"alignnone wp-image-7471\" src=\"http:\/\/proonesport.com\/wp-content\/uploads\/2023\/10\/amortiguacion-2-1-300x300.png\" alt=\"\" width=\"30\" height=\"30\" srcset=\"https:\/\/proonesport.com\/wp-content\/uploads\/2023\/10\/amortiguacion-2-1-300x300.png 300w, https:\/\/proonesport.com\/wp-content\/uploads\/2023\/10\/amortiguacion-2-1-150x150.png 150w, https:\/\/proonesport.com\/wp-content\/uploads\/2023\/10\/amortiguacion-2-1-12x12.png 12w, https:\/\/proonesport.com\/wp-content\/uploads\/2023\/10\/amortiguacion-2-1-100x100.png 100w, https:\/\/proonesport.com\/wp-content\/uploads\/2023\/10\/amortiguacion-2-1-50x50.png 50w, https:\/\/proonesport.com\/wp-content\/uploads\/2023\/10\/amortiguacion-2-1.png 302w\" sizes=\"(max-width: 30px) 100vw, 30px\" \/>\u00a0 Amortiguaci\u00f3n superior\u00a0 \u00a0 \u00a0 \u00a0 \u00a0 \u00a0 \u00a0 \u00a0 \u00a0 \u00a0 \u00a0 \u00a0 \u00a0 \u00a0 \u00a0 \u00a0 \u00a0 \u00a0 \u00a0 \u00a0 \u00a0 \u00a0 \u00a0 \u00a0 \u00a0 \u00a0 \u00a0 \u00a0 \u00a0 \u00a0 \u00a0 \u00a0 \u00a0 \u00a0 \u00a0 \u00a0 \u00a0 \u00a0 \u00a0 \u00a0 \u00a0 \u00a0 \u00a0 \u00a0 \u00a0 \u00a0 \u00a0 \n<img decoding=\"async\" loading=\"lazy\" class=\"alignnone wp-image-7848\" src=\"http:\/\/proonesport.com\/wp-content\/uploads\/2023\/11\/mal-olor-1-300x300.png\" alt=\"\" width=\"28\" height=\"28\" srcset=\"https:\/\/proonesport.com\/wp-content\/uploads\/2023\/11\/mal-olor-1-300x300.png 300w, https:\/\/proonesport.com\/wp-content\/uploads\/2023\/11\/mal-olor-1-150x150.png 150w, https:\/\/proonesport.com\/wp-content\/uploads\/2023\/11\/mal-olor-1-12x12.png 12w, https:\/\/proonesport.com\/wp-content\/uploads\/2023\/11\/mal-olor-1-100x100.png 100w, https:\/\/proonesport.com\/wp-content\/uploads\/2023\/11\/mal-olor-1-50x50.png 50w, https:\/\/proonesport.com\/wp-content\/uploads\/2023\/11\/mal-olor-1.png 302w\" sizes=\"(max-width: 28px) 100vw, 28px\" \/>\u00a0 NO genera mal olor.<\/pre><\/div>\n\t\t\t\t\t\t\t\t\t<div class=\"elementor-tab-title elementor-tab-mobile-title\" aria-selected=\"false\" data-tab=\"2\" role=\"tab\" tabindex=\"-1\" aria-controls=\"elementor-tab-content-1362\" aria-expanded=\"false\">Descripci\u00f3n<\/div>\n\t\t\t\t\t<div id=\"elementor-tab-content-1362\" class=\"elementor-tab-content elementor-clearfix\" data-tab=\"2\" role=\"tabpanel\" aria-labelledby=\"elementor-tab-title-1362\" tabindex=\"0\" hidden=\"hidden\"><p>El Pantal\u00f3n de Arquero Strong est\u00e1 dise\u00f1ado para ofrecerte el equilibrio perfecto entre resistencia, protecci\u00f3n y comodidad. Fabricado con tela SuperMax, soporta las condiciones m\u00e1s exigentes del juego, brindando alta durabilidad ante abrasiones e impactos. Su protecci\u00f3n lateral en caderas y rodillas garantiza seguridad en cada ca\u00edda, mientras la protecci\u00f3n UPF-50 cuida tu piel de los rayos solares. Con un dise\u00f1o moderno, corte largo y ajuste ergon\u00f3mico.<\/p><\/div>\n\t\t\t\t\t\t\t\t\t<div class=\"elementor-tab-title elementor-tab-mobile-title\" aria-selected=\"false\" data-tab=\"3\" role=\"tab\" tabindex=\"-1\" aria-controls=\"elementor-tab-content-1363\" aria-expanded=\"false\">Detalles<\/div>\n\t\t\t\t\t<div id=\"elementor-tab-content-1363\" class=\"elementor-tab-content elementor-clearfix\" data-tab=\"3\" role=\"tabpanel\" aria-labelledby=\"elementor-tab-title-1363\" tabindex=\"0\" hidden=\"hidden\"><p><strong>Protecci\u00f3n: <\/strong>Si, amortiguaci\u00f3n superior.<br><strong>Modelo:<\/strong>&nbsp;STRONG<br><strong>Tela:<\/strong> One Performance.<\/p><\/div>\n\t\t\t\t\t\t\t<\/div>\n\t\t<\/div>\n\t\t\t\t<\/div>\n\t\t\t\t<\/div>\n\t\t\t\t\t<\/div>\n\t\t<\/div>\n\t\t\t\t\t\t\t<\/div>\n\t\t<\/section>\n\t\t\t\t<section class=\"elementor-section elementor-top-section elementor-element elementor-element-4617653 elementor-section-boxed elementor-section-height-default elementor-section-height-default\" data-id=\"4617653\" data-element_type=\"section\" data-settings=\"{&quot;background_background&quot;:&quot;classic&quot;}\">\n\t\t\t\t\t\t<div class=\"elementor-container elementor-column-gap-no\">\n\t\t\t\t\t<div class=\"elementor-column elementor-col-100 elementor-top-column elementor-element elementor-element-27e53d8\" data-id=\"27e53d8\" data-element_type=\"column\" data-settings=\"{&quot;background_background&quot;:&quot;classic&quot;}\">\n\t\t\t<div class=\"elementor-widget-wrap elementor-element-populated\">\n\t\t\t\t\t\t\t\t<div class=\"elementor-element elementor-element-fd5f653 elementor-widget elementor-widget-spacer\" data-id=\"fd5f653\" data-element_type=\"widget\" data-widget_type=\"spacer.default\">\n\t\t\t\t<div class=\"elementor-widget-container\">\n\t\t\t<style>\/*! elementor - v3.13.2 - 11-05-2023 *\/\n.elementor-column .elementor-spacer-inner{height:var(--spacer-size)}.e-con{--container-widget-width:100%}.e-con-inner>.elementor-widget-spacer,.e-con>.elementor-widget-spacer{width:var(--container-widget-width,var(--spacer-size));--align-self:var(--container-widget-align-self,initial);--flex-shrink:0}.e-con-inner>.elementor-widget-spacer>.elementor-widget-container,.e-con-inner>.elementor-widget-spacer>.elementor-widget-container>.elementor-spacer,.e-con>.elementor-widget-spacer>.elementor-widget-container,.e-con>.elementor-widget-spacer>.elementor-widget-container>.elementor-spacer{height:100%}.e-con-inner>.elementor-widget-spacer>.elementor-widget-container>.elementor-spacer>.elementor-spacer-inner,.e-con>.elementor-widget-spacer>.elementor-widget-container>.elementor-spacer>.elementor-spacer-inner{height:var(--container-widget-height,var(--spacer-size))}<\/style>\t\t<div class=\"elementor-spacer\">\n\t\t\t<div class=\"elementor-spacer-inner\"><\/div>\n\t\t<\/div>\n\t\t\t\t<\/div>\n\t\t\t\t<\/div>\n\t\t\t\t\t<\/div>\n\t\t<\/div>\n\t\t\t\t\t\t\t<\/div>\n\t\t<\/section>\n\t\t\t\t\t\t\t<\/div>","protected":false},"excerpt":{"rendered":"<p>Dise\u00f1ados con acolchado estrat\u00e9gico en los muslos y las rodillas, estos pantalones proporcionan protecci\u00f3n contra ca\u00eddas repetitivas, lo que te permite dar lo mejor de ti en cada sesi\u00f3n de entrenamiento. Material Descripci\u00f3n Detalles Material \u00a0 Tela One Performance.\u00a0 \u00a0 \u00a0 \u00a0 \u00a0 \u00a0 \u00a0 \u00a0 \u00a0 \u00a0 \u00a0 \u00a0 \u00a0 \u00a0 \u00a0 \u00a0\u00a0 M\u00e1xima &hellip;<\/p>\n<p class=\"read-more\"> <a class=\"\" href=\"https:\/\/proonesport.com\/es\/product\/strong-gk-pants\/\"> <span class=\"screen-reader-text\">Pantal\u00f3n De Arquero Strong<\/span> Read More &raquo;<\/a><\/p>","protected":false},"featured_media":14597,"template":"elementor_header_footer","meta":{"om_disable_all_campaigns":false,"_monsterinsights_skip_tracking":false,"_monsterinsights_sitenote_active":false,"_monsterinsights_sitenote_note":"","_monsterinsights_sitenote_category":0,"site-sidebar-layout":"no-sidebar","site-content-layout":"page-builder","ast-global-header-display":"","ast-main-header-display":"","ast-hfb-above-header-display":"","ast-hfb-below-header-display":"","ast-hfb-mobile-header-display":"","site-post-title":"disabled","ast-breadcrumbs-content":"","ast-featured-img":"disabled","footer-sml-layout":"","theme-transparent-header-meta":"default","adv-header-id-meta":"","stick-header-meta":"","header-above-stick-meta":"","header-main-stick-meta":"","header-below-stick-meta":""},"product_cat":[356,360],"product_tag":[],"aioseo_notices":[],"_links":{"self":[{"href":"https:\/\/proonesport.com\/es\/wp-json\/wp\/v2\/product\/14608"}],"collection":[{"href":"https:\/\/proonesport.com\/es\/wp-json\/wp\/v2\/product"}],"about":[{"href":"https:\/\/proonesport.com\/es\/wp-json\/wp\/v2\/types\/product"}],"version-history":[{"count":8,"href":"https:\/\/proonesport.com\/es\/wp-json\/wp\/v2\/product\/14608\/revisions"}],"predecessor-version":[{"id":14616,"href":"https:\/\/proonesport.com\/es\/wp-json\/wp\/v2\/product\/14608\/revisions\/14616"}],"wp:featuredmedia":[{"embeddable":true,"href":"https:\/\/proonesport.com\/es\/wp-json\/wp\/v2\/media\/14597"}],"wp:attachment":[{"href":"https:\/\/proonesport.com\/es\/wp-json\/wp\/v2\/media?parent=14608"}],"wp:term":[{"taxonomy":"product_cat","embeddable":true,"href":"https:\/\/proonesport.com\/es\/wp-json\/wp\/v2\/product_cat?post=14608"},{"taxonomy":"product_tag","embeddable":true,"href":"https:\/\/proonesport.com\/es\/wp-json\/wp\/v2\/product_tag?post=14608"}],"curies":[{"name":"wp","href":"https:\/\/api.w.org\/{rel}","templated":true}]}}