{"id":12371,"date":"2025-05-24T14:21:55","date_gmt":"2025-05-24T14:21:55","guid":{"rendered":"https:\/\/proonesport.com\/?post_type=product&#038;p=12371"},"modified":"2025-05-24T14:22:55","modified_gmt":"2025-05-24T14:22:55","slug":"polo-licra-compressor-negro","status":"publish","type":"product","link":"https:\/\/proonesport.com\/es\/product\/polo-licra-compressor-negro\/","title":{"rendered":"Polo Licra Compressor Negro"},"content":{"rendered":"<div data-elementor-type=\"product-post\" data-elementor-id=\"12371\" class=\"elementor elementor-12371\" data-elementor-post-type=\"product\">\n\t\t\t\t\t\t<section class=\"elementor-section elementor-top-section elementor-element elementor-element-139e298 elementor-section-stretched elementor-section-boxed elementor-section-height-default elementor-section-height-default\" data-id=\"139e298\" data-element_type=\"section\" data-e-type=\"section\" data-settings=\"{&quot;stretch_section&quot;:&quot;section-stretched&quot;}\">\n\t\t\t\t\t\t<div class=\"elementor-container elementor-column-gap-default\">\n\t\t\t\t\t<div class=\"elementor-column elementor-col-50 elementor-top-column elementor-element elementor-element-6e63bfa\" data-id=\"6e63bfa\" data-element_type=\"column\" data-e-type=\"column\">\n\t\t\t<div class=\"elementor-widget-wrap elementor-element-populated\">\n\t\t\t\t\t\t<div class=\"elementor-element elementor-element-006ea93 elementor-arrows-position-outside elementor-pagination-position-outside elementor-widget elementor-widget-image-carousel\" data-id=\"006ea93\" data-element_type=\"widget\" data-e-type=\"widget\" data-settings=\"{&quot;slides_to_show&quot;:&quot;1&quot;,&quot;effect&quot;:&quot;fade&quot;,&quot;navigation&quot;:&quot;both&quot;,&quot;autoplay&quot;:&quot;yes&quot;,&quot;pause_on_hover&quot;:&quot;yes&quot;,&quot;pause_on_interaction&quot;:&quot;yes&quot;,&quot;autoplay_speed&quot;:5000,&quot;infinite&quot;:&quot;yes&quot;,&quot;speed&quot;:500}\" data-widget_type=\"image-carousel.default\">\n\t\t\t\t<div class=\"elementor-widget-container\">\n\t\t\t\t\t\t\t<div class=\"elementor-image-carousel-wrapper swiper\" role=\"region\" aria-roledescription=\"carousel\" aria-label=\"Carrusel de im\u00e1genes\" dir=\"ltr\">\n\t\t\t<div class=\"elementor-image-carousel swiper-wrapper swiper-image-stretch\" aria-live=\"off\">\n\t\t\t\t\t\t\t\t<div class=\"swiper-slide\" role=\"group\" aria-roledescription=\"slide\" aria-label=\"1 of 3\" data-no-translation-aria-label=\"\"><figure class=\"swiper-slide-inner\"><img decoding=\"async\" class=\"swiper-slide-image\" src=\"https:\/\/proonesport.com\/wp-content\/uploads\/2025\/05\/polo-licra-pro-one-compressor-negro-1.png\" alt=\"polo-licra-pro-one-compressor-negro-1\" \/><\/figure><\/div><div class=\"swiper-slide\" role=\"group\" aria-roledescription=\"slide\" aria-label=\"2 of 3\" data-no-translation-aria-label=\"\"><figure class=\"swiper-slide-inner\"><img decoding=\"async\" class=\"swiper-slide-image\" src=\"https:\/\/proonesport.com\/wp-content\/uploads\/2025\/05\/polo-licra-pro-one-compressor-negro-2.png\" alt=\"polo-licra-pro-one-compressor-negro-2\" \/><\/figure><\/div><div class=\"swiper-slide\" role=\"group\" aria-roledescription=\"slide\" aria-label=\"3 of 3\" data-no-translation-aria-label=\"\"><figure class=\"swiper-slide-inner\"><img decoding=\"async\" class=\"swiper-slide-image\" src=\"https:\/\/proonesport.com\/wp-content\/uploads\/2025\/05\/compressor-pedroynamine-1.jpg\" alt=\"compressor-pedroynamine-1\" \/><\/figure><\/div>\t\t\t<\/div>\n\t\t\t\t\t\t\t\t\t\t\t\t<div class=\"elementor-swiper-button elementor-swiper-button-prev\" role=\"button\" tabindex=\"0\">\n\t\t\t\t\t\t<i aria-hidden=\"true\" class=\"eicon-chevron-left\"><\/i>\t\t\t\t\t<\/div>\n\t\t\t\t\t<div class=\"elementor-swiper-button elementor-swiper-button-next\" role=\"button\" tabindex=\"0\">\n\t\t\t\t\t\t<i aria-hidden=\"true\" class=\"eicon-chevron-right\"><\/i>\t\t\t\t\t<\/div>\n\t\t\t\t\n\t\t\t\t\t\t\t\t\t<div class=\"swiper-pagination\"><\/div>\n\t\t\t\t\t\t\t\t\t<\/div>\n\t\t\t\t\t\t<\/div>\n\t\t\t\t<\/div>\n\t\t\t\t\t<\/div>\n\t\t<\/div>\n\t\t\t\t<div class=\"elementor-column elementor-col-50 elementor-top-column elementor-element elementor-element-1048398\" data-id=\"1048398\" data-element_type=\"column\" data-e-type=\"column\">\n\t\t\t<div class=\"elementor-widget-wrap elementor-element-populated\">\n\t\t\t\t\t\t<div class=\"elementor-element elementor-element-d6a2fc9 elementor-widget__width-initial elementor-widget elementor-widget-woocommerce-product-title elementor-page-title elementor-widget-heading\" data-id=\"d6a2fc9\" data-element_type=\"widget\" data-e-type=\"widget\" data-widget_type=\"woocommerce-product-title.default\">\n\t\t\t\t<div class=\"elementor-widget-container\">\n\t\t\t\t\t<h1 class=\"product_title entry-title elementor-heading-title elementor-size-default\">Polo Licra Compressor Negro<\/h1>\t\t\t\t<\/div>\n\t\t\t\t<\/div>\n\t\t\t\t<div class=\"elementor-element elementor-element-781c649 elementor-widget-divider--view-line elementor-widget elementor-widget-divider\" data-id=\"781c649\" data-element_type=\"widget\" data-e-type=\"widget\" data-widget_type=\"divider.default\">\n\t\t\t\t<div class=\"elementor-widget-container\">\n\t\t\t\t\t\t\t<div class=\"elementor-divider\">\n\t\t\t<span class=\"elementor-divider-separator\">\n\t\t\t\t\t\t<\/span>\n\t\t<\/div>\n\t\t\t\t\t\t<\/div>\n\t\t\t\t<\/div>\n\t\t\t\t<div class=\"elementor-element elementor-element-3812896 elementor-widget__width-initial elementor-icon-list--layout-traditional elementor-list-item-link-full_width elementor-widget elementor-widget-icon-list\" data-id=\"3812896\" data-element_type=\"widget\" data-e-type=\"widget\" data-widget_type=\"icon-list.default\">\n\t\t\t\t<div class=\"elementor-widget-container\">\n\t\t\t\t\t\t\t<ul class=\"elementor-icon-list-items\">\n\t\t\t\t\t\t\t<li class=\"elementor-icon-list-item\">\n\t\t\t\t\t\t\t\t\t\t\t<span class=\"elementor-icon-list-icon\">\n\t\t\t\t\t\t\t<i aria-hidden=\"true\" class=\"fas fa-check\"><\/i>\t\t\t\t\t\t<\/span>\n\t\t\t\t\t\t\t\t\t\t<span class=\"elementor-icon-list-text\">Polo licra calentador compressor, ideal para la actividad f\u00edsica, dise\u00f1ados para ofrecerte una m\u00e1xima libertad de movimiento y mantener la temperatura corporal estable. Te mantiene seco, su tela cuenta con protector UPF-50 mantiene tu piel sana al aire libre y siempre regresa a su forma original.<\/span>\n\t\t\t\t\t\t\t\t\t<\/li>\n\t\t\t\t\t\t<\/ul>\n\t\t\t\t\t\t<\/div>\n\t\t\t\t<\/div>\n\t\t\t\t<div class=\"elementor-element elementor-element-3edc174 gallery-spacing-custom elementor-widget elementor-widget-image-gallery\" data-id=\"3edc174\" data-element_type=\"widget\" data-e-type=\"widget\" data-widget_type=\"image-gallery.default\">\n\t\t\t\t<div class=\"elementor-widget-container\">\n\t\t\t\t\t\t\t<div class=\"elementor-image-gallery\">\n\t\t\t<div id='gallery-1' class='gallery galleryid-12371 gallery-columns-5 gallery-size-medium'><figure class='gallery-item'>\n\t\t\t<div class='gallery-icon portrait'>\n\t\t\t\t<a data-elementor-open-lightbox=\"yes\" data-elementor-lightbox-slideshow=\"3edc174\" data-elementor-lightbox-title=\"polo-licra-pro-one-compressor-negro-1\" data-e-action-hash=\"#elementor-action%3Aaction%3Dlightbox%26settings%3DeyJpZCI6MTIyOTcsInVybCI6Imh0dHBzOlwvXC9wcm9vbmVzcG9ydC5jb21cL3dwLWNvbnRlbnRcL3VwbG9hZHNcLzIwMjVcLzA1XC9wb2xvLWxpY3JhLXByby1vbmUtY29tcHJlc3Nvci1uZWdyby0xLnBuZyIsInNsaWRlc2hvdyI6IjNlZGMxNzQifQ%3D%3D\" href='https:\/\/proonesport.com\/wp-content\/uploads\/2025\/05\/polo-licra-pro-one-compressor-negro-1.png'><img fetchpriority=\"high\" decoding=\"async\" width=\"231\" height=\"300\" src=\"https:\/\/proonesport.com\/wp-content\/uploads\/2025\/05\/polo-licra-pro-one-compressor-negro-1-231x300.png\" class=\"attachment-medium size-medium\" alt=\"\" srcset=\"https:\/\/proonesport.com\/wp-content\/uploads\/2025\/05\/polo-licra-pro-one-compressor-negro-1-231x300.png 231w, https:\/\/proonesport.com\/wp-content\/uploads\/2025\/05\/polo-licra-pro-one-compressor-negro-1-768x996.png 768w, https:\/\/proonesport.com\/wp-content\/uploads\/2025\/05\/polo-licra-pro-one-compressor-negro-1-9x12.png 9w, https:\/\/proonesport.com\/wp-content\/uploads\/2025\/05\/polo-licra-pro-one-compressor-negro-1-300x389.png 300w, https:\/\/proonesport.com\/wp-content\/uploads\/2025\/05\/polo-licra-pro-one-compressor-negro-1-600x778.png 600w, https:\/\/proonesport.com\/wp-content\/uploads\/2025\/05\/polo-licra-pro-one-compressor-negro-1.png 771w\" sizes=\"(max-width: 231px) 100vw, 231px\" \/><\/a>\n\t\t\t<\/div><\/figure><figure class='gallery-item'>\n\t\t\t<div class='gallery-icon portrait'>\n\t\t\t\t<a data-elementor-open-lightbox=\"yes\" data-elementor-lightbox-slideshow=\"3edc174\" data-elementor-lightbox-title=\"polo-licra-pro-one-compressor-negro-2\" data-e-action-hash=\"#elementor-action%3Aaction%3Dlightbox%26settings%3DeyJpZCI6MTIyOTgsInVybCI6Imh0dHBzOlwvXC9wcm9vbmVzcG9ydC5jb21cL3dwLWNvbnRlbnRcL3VwbG9hZHNcLzIwMjVcLzA1XC9wb2xvLWxpY3JhLXByby1vbmUtY29tcHJlc3Nvci1uZWdyby0yLnBuZyIsInNsaWRlc2hvdyI6IjNlZGMxNzQifQ%3D%3D\" href='https:\/\/proonesport.com\/wp-content\/uploads\/2025\/05\/polo-licra-pro-one-compressor-negro-2.png'><img decoding=\"async\" width=\"231\" height=\"300\" src=\"https:\/\/proonesport.com\/wp-content\/uploads\/2025\/05\/polo-licra-pro-one-compressor-negro-2-231x300.png\" class=\"attachment-medium size-medium\" alt=\"\" srcset=\"https:\/\/proonesport.com\/wp-content\/uploads\/2025\/05\/polo-licra-pro-one-compressor-negro-2-231x300.png 231w, https:\/\/proonesport.com\/wp-content\/uploads\/2025\/05\/polo-licra-pro-one-compressor-negro-2-768x996.png 768w, https:\/\/proonesport.com\/wp-content\/uploads\/2025\/05\/polo-licra-pro-one-compressor-negro-2-9x12.png 9w, https:\/\/proonesport.com\/wp-content\/uploads\/2025\/05\/polo-licra-pro-one-compressor-negro-2-300x389.png 300w, https:\/\/proonesport.com\/wp-content\/uploads\/2025\/05\/polo-licra-pro-one-compressor-negro-2-600x778.png 600w, https:\/\/proonesport.com\/wp-content\/uploads\/2025\/05\/polo-licra-pro-one-compressor-negro-2.png 771w\" sizes=\"(max-width: 231px) 100vw, 231px\" \/><\/a>\n\t\t\t<\/div><\/figure><figure class='gallery-item'>\n\t\t\t<div class='gallery-icon portrait'>\n\t\t\t\t<a data-elementor-open-lightbox=\"yes\" data-elementor-lightbox-slideshow=\"3edc174\" data-elementor-lightbox-title=\"compressor-pedroynamine-1\" data-e-action-hash=\"#elementor-action%3Aaction%3Dlightbox%26settings%3DeyJpZCI6MTIzMDksInVybCI6Imh0dHBzOlwvXC9wcm9vbmVzcG9ydC5jb21cL3dwLWNvbnRlbnRcL3VwbG9hZHNcLzIwMjVcLzA1XC9jb21wcmVzc29yLXBlZHJveW5hbWluZS0xLmpwZyIsInNsaWRlc2hvdyI6IjNlZGMxNzQifQ%3D%3D\" href='https:\/\/proonesport.com\/wp-content\/uploads\/2025\/05\/compressor-pedroynamine-1.jpg'><img decoding=\"async\" width=\"231\" height=\"300\" src=\"https:\/\/proonesport.com\/wp-content\/uploads\/2025\/05\/compressor-pedroynamine-1-231x300.jpg\" class=\"attachment-medium size-medium\" alt=\"\" srcset=\"https:\/\/proonesport.com\/wp-content\/uploads\/2025\/05\/compressor-pedroynamine-1-231x300.jpg 231w, https:\/\/proonesport.com\/wp-content\/uploads\/2025\/05\/compressor-pedroynamine-1-768x996.jpg 768w, https:\/\/proonesport.com\/wp-content\/uploads\/2025\/05\/compressor-pedroynamine-1-9x12.jpg 9w, https:\/\/proonesport.com\/wp-content\/uploads\/2025\/05\/compressor-pedroynamine-1-300x389.jpg 300w, https:\/\/proonesport.com\/wp-content\/uploads\/2025\/05\/compressor-pedroynamine-1-600x778.jpg 600w, https:\/\/proonesport.com\/wp-content\/uploads\/2025\/05\/compressor-pedroynamine-1.jpg 771w\" sizes=\"(max-width: 231px) 100vw, 231px\" \/><\/a>\n\t\t\t<\/div><\/figure>\n\t\t<\/div>\n\t\t<\/div>\n\t\t\t\t\t\t<\/div>\n\t\t\t\t<\/div>\n\t\t\t\t\t<\/div>\n\t\t<\/div>\n\t\t\t\t\t<\/div>\n\t\t<\/section>\n\t\t\t\t<\/div>","protected":false},"excerpt":{"rendered":"<p>Previous image Next image Polo licra calentador compressor, ideal para la actividad f\u00edsica, dise\u00f1ados para ofrecerte una m\u00e1xima libertad de movimiento y mantener la temperatura corporal estable. Te mantiene seco, su tela cuenta con protector UPF-50 mantiene tu piel sana al aire libre y siempre regresa a su forma original.<\/p>","protected":false},"featured_media":12297,"template":"elementor_header_footer","meta":{"om_disable_all_campaigns":false,"_monsterinsights_skip_tracking":false,"_monsterinsights_sitenote_active":false,"_monsterinsights_sitenote_note":"","_monsterinsights_sitenote_category":0,"site-sidebar-layout":"no-sidebar","site-content-layout":"page-builder","ast-global-header-display":"","ast-main-header-display":"","ast-hfb-above-header-display":"","ast-hfb-below-header-display":"","ast-hfb-mobile-header-display":"","site-post-title":"disabled","ast-breadcrumbs-content":"","ast-featured-img":"disabled","footer-sml-layout":"","theme-transparent-header-meta":"default","adv-header-id-meta":"","stick-header-meta":"","header-above-stick-meta":"","header-main-stick-meta":"","header-below-stick-meta":""},"product_brand":[],"product_cat":[371,356],"product_tag":[],"class_list":{"0":"post-12371","1":"product","2":"type-product","3":"status-publish","4":"has-post-thumbnail","6":"product_cat-calentadores","7":"product_cat-indumentaria","8":"desktop-align-center","9":"tablet-align-left","10":"mobile-align-left","12":"first","13":"instock","14":"shipping-taxable","15":"product-type-simple"},"aioseo_notices":[],"jetpack_sharing_enabled":true,"_links":{"self":[{"href":"https:\/\/proonesport.com\/es\/wp-json\/wp\/v2\/product\/12371","targetHints":{"allow":["GET"]}}],"collection":[{"href":"https:\/\/proonesport.com\/es\/wp-json\/wp\/v2\/product"}],"about":[{"href":"https:\/\/proonesport.com\/es\/wp-json\/wp\/v2\/types\/product"}],"version-history":[{"count":4,"href":"https:\/\/proonesport.com\/es\/wp-json\/wp\/v2\/product\/12371\/revisions"}],"predecessor-version":[{"id":12375,"href":"https:\/\/proonesport.com\/es\/wp-json\/wp\/v2\/product\/12371\/revisions\/12375"}],"wp:featuredmedia":[{"embeddable":true,"href":"https:\/\/proonesport.com\/es\/wp-json\/wp\/v2\/media\/12297"}],"wp:attachment":[{"href":"https:\/\/proonesport.com\/es\/wp-json\/wp\/v2\/media?parent=12371"}],"wp:term":[{"taxonomy":"product_brand","embeddable":true,"href":"https:\/\/proonesport.com\/es\/wp-json\/wp\/v2\/product_brand?post=12371"},{"taxonomy":"product_cat","embeddable":true,"href":"https:\/\/proonesport.com\/es\/wp-json\/wp\/v2\/product_cat?post=12371"},{"taxonomy":"product_tag","embeddable":true,"href":"https:\/\/proonesport.com\/es\/wp-json\/wp\/v2\/product_tag?post=12371"}],"curies":[{"name":"wp","href":"https:\/\/api.w.org\/{rel}","templated":true}]}}