{"id":7057,"date":"2023-10-25T22:11:16","date_gmt":"2023-10-25T22:11:16","guid":{"rendered":"https:\/\/proonesport.com\/?page_id=7057"},"modified":"2023-10-25T22:13:52","modified_gmt":"2023-10-25T22:13:52","slug":"fabricante","status":"publish","type":"page","link":"https:\/\/proonesport.com\/es\/fabricante\/","title":{"rendered":"FABRICANTE"},"content":{"rendered":"<div data-elementor-type=\"wp-page\" data-elementor-id=\"7057\" class=\"elementor elementor-7057\">\n\t\t\t\t\t\t\t\t\t<section class=\"elementor-section elementor-top-section elementor-element elementor-element-22f7dc9 elementor-section-full_width elementor-section-height-default elementor-section-height-default\" data-id=\"22f7dc9\" data-element_type=\"section\">\n\t\t\t\t\t\t<div class=\"elementor-container elementor-column-gap-no\">\n\t\t\t\t\t<div class=\"elementor-column elementor-col-100 elementor-top-column elementor-element elementor-element-bcf9b3e\" data-id=\"bcf9b3e\" data-element_type=\"column\">\n\t\t\t<div class=\"elementor-widget-wrap elementor-element-populated\">\n\t\t\t\t\t\t\t\t<div class=\"elementor-element elementor-element-54531fe elementor-widget elementor-widget-image\" data-id=\"54531fe\" data-element_type=\"widget\" data-widget_type=\"image.default\">\n\t\t\t\t<div class=\"elementor-widget-container\">\n\t\t\t<style>\/*! elementor - v3.13.2 - 11-05-2023 *\/\n.elementor-widget-image{text-align:center}.elementor-widget-image a{display:inline-block}.elementor-widget-image a img[src$=\".svg\"]{width:48px}.elementor-widget-image img{vertical-align:middle;display:inline-block}<\/style>\t\t\t\t\t\t\t\t\t\t\t\t<img decoding=\"async\" width=\"2133\" height=\"667\" src=\"https:\/\/proonesport.com\/wp-content\/uploads\/2023\/07\/fabrics.jpg\" class=\"attachment-full size-full wp-image-4130\" alt=\"\" loading=\"lazy\" srcset=\"https:\/\/proonesport.com\/wp-content\/uploads\/2023\/07\/fabrics.jpg 2133w, https:\/\/proonesport.com\/wp-content\/uploads\/2023\/07\/fabrics-300x94.jpg 300w, https:\/\/proonesport.com\/wp-content\/uploads\/2023\/07\/fabrics-600x188.jpg 600w, https:\/\/proonesport.com\/wp-content\/uploads\/2023\/07\/fabrics-1024x320.jpg 1024w, https:\/\/proonesport.com\/wp-content\/uploads\/2023\/07\/fabrics-768x240.jpg 768w, https:\/\/proonesport.com\/wp-content\/uploads\/2023\/07\/fabrics-1536x480.jpg 1536w, https:\/\/proonesport.com\/wp-content\/uploads\/2023\/07\/fabrics-2048x640.jpg 2048w, https:\/\/proonesport.com\/wp-content\/uploads\/2023\/07\/fabrics-1320x413.jpg 1320w\" sizes=\"(max-width: 2133px) 100vw, 2133px\" \/>\t\t\t\t\t\t\t\t\t\t\t\t\t\t\t<\/div>\n\t\t\t\t<\/div>\n\t\t\t\t\t<\/div>\n\t\t<\/div>\n\t\t\t\t\t\t\t<\/div>\n\t\t<\/section>\n\t\t\t\t<section class=\"elementor-section elementor-top-section elementor-element elementor-element-b972f70 elementor-section-boxed elementor-section-height-default elementor-section-height-default\" data-id=\"b972f70\" data-element_type=\"section\">\n\t\t\t\t\t\t<div class=\"elementor-container elementor-column-gap-default\">\n\t\t\t\t\t<div class=\"elementor-column elementor-col-50 elementor-top-column elementor-element elementor-element-630344d\" data-id=\"630344d\" data-element_type=\"column\">\n\t\t\t<div class=\"elementor-widget-wrap elementor-element-populated\">\n\t\t\t\t\t\t\t\t<div class=\"elementor-element elementor-element-80516ea elementor-widget__width-initial elementor-widget elementor-widget-image\" data-id=\"80516ea\" data-element_type=\"widget\" data-widget_type=\"image.default\">\n\t\t\t\t<div class=\"elementor-widget-container\">\n\t\t\t\t\t\t\t\t\t\t\t\t\t\t\t<img decoding=\"async\" width=\"1024\" height=\"768\" src=\"https:\/\/proonesport.com\/wp-content\/uploads\/2023\/07\/icono-7-1024x768.png\" class=\"attachment-large size-large wp-image-4073\" alt=\"\" loading=\"lazy\" srcset=\"https:\/\/proonesport.com\/wp-content\/uploads\/2023\/07\/icono-7-1024x768.png 1024w, https:\/\/proonesport.com\/wp-content\/uploads\/2023\/07\/icono-7-300x225.png 300w, https:\/\/proonesport.com\/wp-content\/uploads\/2023\/07\/icono-7-600x450.png 600w, https:\/\/proonesport.com\/wp-content\/uploads\/2023\/07\/icono-7-768x576.png 768w, https:\/\/proonesport.com\/wp-content\/uploads\/2023\/07\/icono-7-1536x1152.png 1536w, https:\/\/proonesport.com\/wp-content\/uploads\/2023\/07\/icono-7-2048x1536.png 2048w, https:\/\/proonesport.com\/wp-content\/uploads\/2023\/07\/icono-7-1320x990.png 1320w\" sizes=\"(max-width: 1024px) 100vw, 1024px\" \/>\t\t\t\t\t\t\t\t\t\t\t\t\t\t\t<\/div>\n\t\t\t\t<\/div>\n\t\t\t\t\t<\/div>\n\t\t<\/div>\n\t\t\t\t<div class=\"elementor-column elementor-col-50 elementor-top-column elementor-element elementor-element-73aec8d\" data-id=\"73aec8d\" data-element_type=\"column\">\n\t\t\t<div class=\"elementor-widget-wrap elementor-element-populated\">\n\t\t\t\t\t\t\t\t<div class=\"elementor-element elementor-element-95a695c elementor-widget__width-initial elementor-widget elementor-widget-text-editor\" data-id=\"95a695c\" data-element_type=\"widget\" data-widget_type=\"text-editor.default\">\n\t\t\t\t<div class=\"elementor-widget-container\">\n\t\t\t<style>\/*! elementor - v3.13.2 - 11-05-2023 *\/\n.elementor-widget-text-editor.elementor-drop-cap-view-stacked .elementor-drop-cap{background-color:#69727d;color:#fff}.elementor-widget-text-editor.elementor-drop-cap-view-framed .elementor-drop-cap{color:#69727d;border:3px solid;background-color:transparent}.elementor-widget-text-editor:not(.elementor-drop-cap-view-default) .elementor-drop-cap{margin-top:8px}.elementor-widget-text-editor:not(.elementor-drop-cap-view-default) .elementor-drop-cap-letter{width:1em;height:1em}.elementor-widget-text-editor .elementor-drop-cap{float:left;text-align:center;line-height:1;font-size:50px}.elementor-widget-text-editor .elementor-drop-cap-letter{display:inline-block}<\/style>\t\t\t\t<p>Nuestros productos con spandex, tienen la propiedad de fijar y estilizar la figura del cuerpo, a partir de sus especiales caracter\u00edsticas de elasticidad, rebote y resistencia.<\/p>\t\t\t\t\t\t<\/div>\n\t\t\t\t<\/div>\n\t\t\t\t\t<\/div>\n\t\t<\/div>\n\t\t\t\t\t\t\t<\/div>\n\t\t<\/section>\n\t\t\t\t<section class=\"elementor-section elementor-top-section elementor-element elementor-element-9ae06c0 elementor-section-boxed elementor-section-height-default elementor-section-height-default\" data-id=\"9ae06c0\" data-element_type=\"section\">\n\t\t\t\t\t\t<div class=\"elementor-container elementor-column-gap-default\">\n\t\t\t\t\t<div class=\"elementor-column elementor-col-50 elementor-top-column elementor-element elementor-element-d483ca9\" data-id=\"d483ca9\" data-element_type=\"column\">\n\t\t\t<div class=\"elementor-widget-wrap elementor-element-populated\">\n\t\t\t\t\t\t\t\t<div class=\"elementor-element elementor-element-b3a9409 elementor-widget__width-initial elementor-widget elementor-widget-image\" data-id=\"b3a9409\" data-element_type=\"widget\" data-widget_type=\"image.default\">\n\t\t\t\t<div class=\"elementor-widget-container\">\n\t\t\t\t\t\t\t\t\t\t\t\t\t\t\t<img decoding=\"async\" width=\"1024\" height=\"768\" src=\"https:\/\/proonesport.com\/wp-content\/uploads\/2023\/07\/color-11-1024x768.png\" class=\"attachment-large size-large wp-image-4074\" alt=\"\" loading=\"lazy\" srcset=\"https:\/\/proonesport.com\/wp-content\/uploads\/2023\/07\/color-11-1024x768.png 1024w, https:\/\/proonesport.com\/wp-content\/uploads\/2023\/07\/color-11-300x225.png 300w, https:\/\/proonesport.com\/wp-content\/uploads\/2023\/07\/color-11-600x450.png 600w, https:\/\/proonesport.com\/wp-content\/uploads\/2023\/07\/color-11-768x576.png 768w, https:\/\/proonesport.com\/wp-content\/uploads\/2023\/07\/color-11-1536x1152.png 1536w, https:\/\/proonesport.com\/wp-content\/uploads\/2023\/07\/color-11-2048x1536.png 2048w, https:\/\/proonesport.com\/wp-content\/uploads\/2023\/07\/color-11-1320x990.png 1320w\" sizes=\"(max-width: 1024px) 100vw, 1024px\" \/>\t\t\t\t\t\t\t\t\t\t\t\t\t\t\t<\/div>\n\t\t\t\t<\/div>\n\t\t\t\t\t<\/div>\n\t\t<\/div>\n\t\t\t\t<div class=\"elementor-column elementor-col-50 elementor-top-column elementor-element elementor-element-e542435\" data-id=\"e542435\" data-element_type=\"column\">\n\t\t\t<div class=\"elementor-widget-wrap elementor-element-populated\">\n\t\t\t\t\t\t\t\t<div class=\"elementor-element elementor-element-2054af1 elementor-widget elementor-widget-text-editor\" data-id=\"2054af1\" data-element_type=\"widget\" data-widget_type=\"text-editor.default\">\n\t\t\t\t<div class=\"elementor-widget-container\">\n\t\t\t\t\t\t\t<p>Nuestro tejido es 100% tipo microfibra poli\u00e9ster. Mantiene el cuerpo siempre fresco y seco para maximizar la libertad de movimiento y respiraci\u00f3n, permitiendo que escape la transpiraci\u00f3n.<\/p>\t\t\t\t\t\t<\/div>\n\t\t\t\t<\/div>\n\t\t\t\t\t<\/div>\n\t\t<\/div>\n\t\t\t\t\t\t\t<\/div>\n\t\t<\/section>\n\t\t\t\t<section class=\"elementor-section elementor-top-section elementor-element elementor-element-406bdf8 elementor-section-boxed elementor-section-height-default elementor-section-height-default\" data-id=\"406bdf8\" data-element_type=\"section\">\n\t\t\t\t\t\t<div class=\"elementor-container elementor-column-gap-no\">\n\t\t\t\t\t<div class=\"elementor-column elementor-col-50 elementor-top-column elementor-element elementor-element-6750cfa\" data-id=\"6750cfa\" data-element_type=\"column\">\n\t\t\t<div class=\"elementor-widget-wrap elementor-element-populated\">\n\t\t\t\t\t\t\t\t<div class=\"elementor-element elementor-element-e63a6c6 elementor-widget__width-initial elementor-widget elementor-widget-image\" data-id=\"e63a6c6\" data-element_type=\"widget\" data-widget_type=\"image.default\">\n\t\t\t\t<div class=\"elementor-widget-container\">\n\t\t\t\t\t\t\t\t\t\t\t\t\t\t\t<img decoding=\"async\" width=\"1024\" height=\"768\" src=\"https:\/\/proonesport.com\/wp-content\/uploads\/2023\/07\/icono-9-1024x768.png\" class=\"attachment-large size-large wp-image-4075\" alt=\"\" loading=\"lazy\" srcset=\"https:\/\/proonesport.com\/wp-content\/uploads\/2023\/07\/icono-9-1024x768.png 1024w, https:\/\/proonesport.com\/wp-content\/uploads\/2023\/07\/icono-9-300x225.png 300w, https:\/\/proonesport.com\/wp-content\/uploads\/2023\/07\/icono-9-600x450.png 600w, https:\/\/proonesport.com\/wp-content\/uploads\/2023\/07\/icono-9-768x576.png 768w, https:\/\/proonesport.com\/wp-content\/uploads\/2023\/07\/icono-9-1536x1152.png 1536w, https:\/\/proonesport.com\/wp-content\/uploads\/2023\/07\/icono-9-2048x1536.png 2048w, https:\/\/proonesport.com\/wp-content\/uploads\/2023\/07\/icono-9-1320x990.png 1320w\" sizes=\"(max-width: 1024px) 100vw, 1024px\" \/>\t\t\t\t\t\t\t\t\t\t\t\t\t\t\t<\/div>\n\t\t\t\t<\/div>\n\t\t\t\t\t<\/div>\n\t\t<\/div>\n\t\t\t\t<div class=\"elementor-column elementor-col-50 elementor-top-column elementor-element elementor-element-65e770a\" data-id=\"65e770a\" data-element_type=\"column\">\n\t\t\t<div class=\"elementor-widget-wrap elementor-element-populated\">\n\t\t\t\t\t\t\t\t<div class=\"elementor-element elementor-element-ddceac3 elementor-widget elementor-widget-text-editor\" data-id=\"ddceac3\" data-element_type=\"widget\" data-widget_type=\"text-editor.default\">\n\t\t\t\t<div class=\"elementor-widget-container\">\n\t\t\t\t\t\t\t<p>Se trata de una nueva espuma especialmente dise\u00f1ada por nuestra marca que tiene la densidad adecuada, ni demasiado dura ni demasiado blanda, que adem\u00e1s ofrece una larga vida \u00fatil ofreciendo la m\u00e1xima protecci\u00f3n al portero sin restar flexibilidad.<\/p>\t\t\t\t\t\t<\/div>\n\t\t\t\t<\/div>\n\t\t\t\t\t<\/div>\n\t\t<\/div>\n\t\t\t\t\t\t\t<\/div>\n\t\t<\/section>\n\t\t\t\t<section class=\"elementor-section elementor-top-section elementor-element elementor-element-4d13fcb elementor-section-boxed elementor-section-height-default elementor-section-height-default\" data-id=\"4d13fcb\" data-element_type=\"section\">\n\t\t\t\t\t\t<div class=\"elementor-container elementor-column-gap-default\">\n\t\t\t\t\t<div class=\"elementor-column elementor-col-50 elementor-top-column elementor-element elementor-element-3c3b3d5\" data-id=\"3c3b3d5\" data-element_type=\"column\">\n\t\t\t<div class=\"elementor-widget-wrap elementor-element-populated\">\n\t\t\t\t\t\t\t\t<div class=\"elementor-element elementor-element-b9ddee5 elementor-widget elementor-widget-image\" data-id=\"b9ddee5\" data-element_type=\"widget\" data-widget_type=\"image.default\">\n\t\t\t\t<div class=\"elementor-widget-container\">\n\t\t\t\t\t\t\t\t\t\t\t\t\t\t\t<img decoding=\"async\" width=\"1024\" height=\"768\" src=\"https:\/\/proonesport.com\/wp-content\/uploads\/2023\/07\/icono-10-1024x768.png\" class=\"attachment-large size-large wp-image-4076\" alt=\"\" loading=\"lazy\" srcset=\"https:\/\/proonesport.com\/wp-content\/uploads\/2023\/07\/icono-10-1024x768.png 1024w, https:\/\/proonesport.com\/wp-content\/uploads\/2023\/07\/icono-10-300x225.png 300w, https:\/\/proonesport.com\/wp-content\/uploads\/2023\/07\/icono-10-600x450.png 600w, https:\/\/proonesport.com\/wp-content\/uploads\/2023\/07\/icono-10-768x576.png 768w, https:\/\/proonesport.com\/wp-content\/uploads\/2023\/07\/icono-10-1536x1152.png 1536w, https:\/\/proonesport.com\/wp-content\/uploads\/2023\/07\/icono-10-2048x1536.png 2048w, https:\/\/proonesport.com\/wp-content\/uploads\/2023\/07\/icono-10-1320x990.png 1320w\" sizes=\"(max-width: 1024px) 100vw, 1024px\" \/>\t\t\t\t\t\t\t\t\t\t\t\t\t\t\t<\/div>\n\t\t\t\t<\/div>\n\t\t\t\t\t<\/div>\n\t\t<\/div>\n\t\t\t\t<div class=\"elementor-column elementor-col-50 elementor-top-column elementor-element elementor-element-b5d3f58\" data-id=\"b5d3f58\" data-element_type=\"column\">\n\t\t\t<div class=\"elementor-widget-wrap elementor-element-populated\">\n\t\t\t\t\t\t\t\t<div class=\"elementor-element elementor-element-0201492 elementor-widget elementor-widget-text-editor\" data-id=\"0201492\" data-element_type=\"widget\" data-widget_type=\"text-editor.default\">\n\t\t\t\t<div class=\"elementor-widget-container\">\n\t\t\t\t\t\t\t<p>Tejido dise\u00f1ado con filamentos de poli\u00e9ster entrelazados que ofrecen alta resistencia a la tensi\u00f3n y al desgarro.<\/p>\t\t\t\t\t\t<\/div>\n\t\t\t\t<\/div>\n\t\t\t\t\t<\/div>\n\t\t<\/div>\n\t\t\t\t\t\t\t<\/div>\n\t\t<\/section>\n\t\t\t\t<section class=\"elementor-section elementor-top-section elementor-element elementor-element-c623b6d elementor-section-boxed elementor-section-height-default elementor-section-height-default\" data-id=\"c623b6d\" data-element_type=\"section\">\n\t\t\t\t\t\t<div class=\"elementor-container elementor-column-gap-default\">\n\t\t\t\t\t<div class=\"elementor-column elementor-col-50 elementor-top-column elementor-element elementor-element-3df1576\" data-id=\"3df1576\" data-element_type=\"column\">\n\t\t\t<div class=\"elementor-widget-wrap elementor-element-populated\">\n\t\t\t\t\t\t\t\t<div class=\"elementor-element elementor-element-a93b672 elementor-widget elementor-widget-image\" data-id=\"a93b672\" data-element_type=\"widget\" data-widget_type=\"image.default\">\n\t\t\t\t<div class=\"elementor-widget-container\">\n\t\t\t\t\t\t\t\t\t\t\t\t\t\t\t<img decoding=\"async\" width=\"1024\" height=\"768\" src=\"https:\/\/proonesport.com\/wp-content\/uploads\/2023\/07\/icono-8-1024x768.png\" class=\"attachment-large size-large wp-image-4077\" alt=\"\" loading=\"lazy\" srcset=\"https:\/\/proonesport.com\/wp-content\/uploads\/2023\/07\/icono-8-1024x768.png 1024w, https:\/\/proonesport.com\/wp-content\/uploads\/2023\/07\/icono-8-300x225.png 300w, https:\/\/proonesport.com\/wp-content\/uploads\/2023\/07\/icono-8-600x450.png 600w, https:\/\/proonesport.com\/wp-content\/uploads\/2023\/07\/icono-8-768x576.png 768w, https:\/\/proonesport.com\/wp-content\/uploads\/2023\/07\/icono-8-1536x1152.png 1536w, https:\/\/proonesport.com\/wp-content\/uploads\/2023\/07\/icono-8-2048x1536.png 2048w, https:\/\/proonesport.com\/wp-content\/uploads\/2023\/07\/icono-8-1320x990.png 1320w\" sizes=\"(max-width: 1024px) 100vw, 1024px\" \/>\t\t\t\t\t\t\t\t\t\t\t\t\t\t\t<\/div>\n\t\t\t\t<\/div>\n\t\t\t\t\t<\/div>\n\t\t<\/div>\n\t\t\t\t<div class=\"elementor-column elementor-col-50 elementor-top-column elementor-element elementor-element-cc38086\" data-id=\"cc38086\" data-element_type=\"column\">\n\t\t\t<div class=\"elementor-widget-wrap elementor-element-populated\">\n\t\t\t\t\t\t\t\t<div class=\"elementor-element elementor-element-b1054b0 elementor-widget elementor-widget-text-editor\" data-id=\"b1054b0\" data-element_type=\"widget\" data-widget_type=\"text-editor.default\">\n\t\t\t\t<div class=\"elementor-widget-container\">\n\t\t\t\t\t\t\t<p>Tejido de fibra de poli\u00e9ster resistente a la abrasi\u00f3n, con antipelling, protecci\u00f3n UV, gran comodidad y tacto al tacto, dise\u00f1ado para esos d\u00edas intensos de juego.<\/p>\t\t\t\t\t\t<\/div>\n\t\t\t\t<\/div>\n\t\t\t\t\t<\/div>\n\t\t<\/div>\n\t\t\t\t\t\t\t<\/div>\n\t\t<\/section>\n\t\t\t\t<section class=\"elementor-section elementor-top-section elementor-element elementor-element-4bb0caa elementor-section-boxed elementor-section-height-default elementor-section-height-default\" data-id=\"4bb0caa\" data-element_type=\"section\">\n\t\t\t\t\t\t<div class=\"elementor-container elementor-column-gap-default\">\n\t\t\t\t\t<div class=\"elementor-column elementor-col-50 elementor-top-column elementor-element elementor-element-489b38c\" data-id=\"489b38c\" data-element_type=\"column\">\n\t\t\t<div class=\"elementor-widget-wrap elementor-element-populated\">\n\t\t\t\t\t\t\t\t<div class=\"elementor-element elementor-element-7d1ac5e elementor-widget elementor-widget-image\" data-id=\"7d1ac5e\" data-element_type=\"widget\" data-widget_type=\"image.default\">\n\t\t\t\t<div class=\"elementor-widget-container\">\n\t\t\t\t\t\t\t\t\t\t\t\t\t\t\t<img decoding=\"async\" width=\"1024\" height=\"768\" src=\"https:\/\/proonesport.com\/wp-content\/uploads\/2023\/07\/icono-11-1024x768.png\" class=\"attachment-large size-large wp-image-4079\" alt=\"\" loading=\"lazy\" srcset=\"https:\/\/proonesport.com\/wp-content\/uploads\/2023\/07\/icono-11-1024x768.png 1024w, https:\/\/proonesport.com\/wp-content\/uploads\/2023\/07\/icono-11-300x225.png 300w, https:\/\/proonesport.com\/wp-content\/uploads\/2023\/07\/icono-11-600x450.png 600w, https:\/\/proonesport.com\/wp-content\/uploads\/2023\/07\/icono-11-768x576.png 768w, https:\/\/proonesport.com\/wp-content\/uploads\/2023\/07\/icono-11-1536x1152.png 1536w, https:\/\/proonesport.com\/wp-content\/uploads\/2023\/07\/icono-11-2048x1536.png 2048w, https:\/\/proonesport.com\/wp-content\/uploads\/2023\/07\/icono-11-1320x990.png 1320w\" sizes=\"(max-width: 1024px) 100vw, 1024px\" \/>\t\t\t\t\t\t\t\t\t\t\t\t\t\t\t<\/div>\n\t\t\t\t<\/div>\n\t\t\t\t\t<\/div>\n\t\t<\/div>\n\t\t\t\t<div class=\"elementor-column elementor-col-50 elementor-top-column elementor-element elementor-element-61aa9ac\" data-id=\"61aa9ac\" data-element_type=\"column\">\n\t\t\t<div class=\"elementor-widget-wrap elementor-element-populated\">\n\t\t\t\t\t\t\t\t<div class=\"elementor-element elementor-element-9fe5dc8 elementor-widget elementor-widget-text-editor\" data-id=\"9fe5dc8\" data-element_type=\"widget\" data-widget_type=\"text-editor.default\">\n\t\t\t\t<div class=\"elementor-widget-container\">\n\t\t\t\t\t\t\t<p>One Fit es un tejido que destaca por amoldarse a la forma del cuerpo y conseguir un ajuste c\u00f3modo y flexible. Adem\u00e1s tiene una resistencia contrastada en deportes de alta abrasi\u00f3n.<\/p>\t\t\t\t\t\t<\/div>\n\t\t\t\t<\/div>\n\t\t\t\t\t<\/div>\n\t\t<\/div>\n\t\t\t\t\t\t\t<\/div>\n\t\t<\/section>\n\t\t\t\t\t\t\t<\/div>","protected":false},"excerpt":{"rendered":"<p>Nuestros productos con spandex, tienen la propiedad de fijar y estilizar la figura del cuerpo, a partir de sus especiales caracter\u00edsticas de elasticidad, rebote y resistencia. Nuestro tejido es 100% tipo microfibra poli\u00e9ster. Mantiene el cuerpo siempre fresco y seco para maximizar la libertad de movimiento y respiraci\u00f3n, permitiendo que escape la transpiraci\u00f3n. Se trata &hellip;<\/p>\n<p class=\"read-more\"> <a class=\"\" href=\"https:\/\/proonesport.com\/es\/fabricante\/\"> <span class=\"screen-reader-text\">FABRICANTE<\/span> Read More &raquo;<\/a><\/p>","protected":false},"author":2,"featured_media":0,"parent":0,"menu_order":0,"comment_status":"closed","ping_status":"closed","template":"","meta":{"om_disable_all_campaigns":false,"_monsterinsights_skip_tracking":false,"_monsterinsights_sitenote_active":false,"_monsterinsights_sitenote_note":"","_monsterinsights_sitenote_category":0,"site-sidebar-layout":"no-sidebar","site-content-layout":"page-builder","ast-global-header-display":"","ast-main-header-display":"","ast-hfb-above-header-display":"","ast-hfb-below-header-display":"","ast-hfb-mobile-header-display":"","site-post-title":"disabled","ast-breadcrumbs-content":"","ast-featured-img":"disabled","footer-sml-layout":"","theme-transparent-header-meta":"","adv-header-id-meta":"","stick-header-meta":"","header-above-stick-meta":"","header-main-stick-meta":"","header-below-stick-meta":""},"aioseo_notices":[],"_links":{"self":[{"href":"https:\/\/proonesport.com\/es\/wp-json\/wp\/v2\/pages\/7057"}],"collection":[{"href":"https:\/\/proonesport.com\/es\/wp-json\/wp\/v2\/pages"}],"about":[{"href":"https:\/\/proonesport.com\/es\/wp-json\/wp\/v2\/types\/page"}],"author":[{"embeddable":true,"href":"https:\/\/proonesport.com\/es\/wp-json\/wp\/v2\/users\/2"}],"replies":[{"embeddable":true,"href":"https:\/\/proonesport.com\/es\/wp-json\/wp\/v2\/comments?post=7057"}],"version-history":[{"count":4,"href":"https:\/\/proonesport.com\/es\/wp-json\/wp\/v2\/pages\/7057\/revisions"}],"predecessor-version":[{"id":7062,"href":"https:\/\/proonesport.com\/es\/wp-json\/wp\/v2\/pages\/7057\/revisions\/7062"}],"wp:attachment":[{"href":"https:\/\/proonesport.com\/es\/wp-json\/wp\/v2\/media?parent=7057"}],"curies":[{"name":"wp","href":"https:\/\/api.w.org\/{rel}","templated":true}]}}