{"id":7039,"date":"2023-10-25T21:43:36","date_gmt":"2023-10-25T21:43:36","guid":{"rendered":"https:\/\/proonesport.com\/?page_id=7039"},"modified":"2023-10-25T21:57:05","modified_gmt":"2023-10-25T21:57:05","slug":"tecnologia","status":"publish","type":"page","link":"https:\/\/proonesport.com\/es\/tecnologia\/","title":{"rendered":"TECNOLOG\u00cdA"},"content":{"rendered":"<div data-elementor-type=\"wp-page\" data-elementor-id=\"7039\" class=\"elementor elementor-7039\" data-elementor-post-type=\"page\">\n\t\t\t\t\t\t<section class=\"elementor-section elementor-top-section elementor-element elementor-element-87030b1 elementor-section-boxed elementor-section-height-default elementor-section-height-default\" data-id=\"87030b1\" data-element_type=\"section\" data-e-type=\"section\">\n\t\t\t\t\t\t<div class=\"elementor-container elementor-column-gap-default\">\n\t\t\t\t\t<div class=\"elementor-column elementor-col-33 elementor-top-column elementor-element elementor-element-5ce46d2\" data-id=\"5ce46d2\" data-element_type=\"column\" data-e-type=\"column\">\n\t\t\t<div class=\"elementor-widget-wrap elementor-element-populated\">\n\t\t\t\t\t\t<div class=\"elementor-element elementor-element-9faf209 elementor-widget elementor-widget-heading\" data-id=\"9faf209\" data-element_type=\"widget\" data-e-type=\"widget\" data-widget_type=\"heading.default\">\n\t\t\t\t<div class=\"elementor-widget-container\">\n\t\t\t\t\t<h2 class=\"elementor-heading-title elementor-size-default\">BIONIK SUPPORT<\/h2>\t\t\t\t<\/div>\n\t\t\t\t<\/div>\n\t\t\t\t\t<\/div>\n\t\t<\/div>\n\t\t\t\t<div class=\"elementor-column elementor-col-33 elementor-top-column elementor-element elementor-element-c9999c5\" data-id=\"c9999c5\" data-element_type=\"column\" data-e-type=\"column\">\n\t\t\t<div class=\"elementor-widget-wrap elementor-element-populated\">\n\t\t\t\t\t\t<div class=\"elementor-element elementor-element-64ae587 elementor-widget elementor-widget-heading\" data-id=\"64ae587\" data-element_type=\"widget\" data-e-type=\"widget\" data-widget_type=\"heading.default\">\n\t\t\t\t<div class=\"elementor-widget-container\">\n\t\t\t\t\t<h2 class=\"elementor-heading-title elementor-size-default\">FRICTION GUARD<\/h2>\t\t\t\t<\/div>\n\t\t\t\t<\/div>\n\t\t\t\t\t<\/div>\n\t\t<\/div>\n\t\t\t\t<div class=\"elementor-column elementor-col-33 elementor-top-column elementor-element elementor-element-acf6953\" data-id=\"acf6953\" data-element_type=\"column\" data-e-type=\"column\">\n\t\t\t<div class=\"elementor-widget-wrap elementor-element-populated\">\n\t\t\t\t\t\t<div class=\"elementor-element elementor-element-d00dfeb elementor-widget elementor-widget-heading\" data-id=\"d00dfeb\" data-element_type=\"widget\" data-e-type=\"widget\" data-widget_type=\"heading.default\">\n\t\t\t\t<div class=\"elementor-widget-container\">\n\t\t\t\t\t<h2 class=\"elementor-heading-title elementor-size-default\">WRAP THUMB<\/h2>\t\t\t\t<\/div>\n\t\t\t\t<\/div>\n\t\t\t\t\t<\/div>\n\t\t<\/div>\n\t\t\t\t\t<\/div>\n\t\t<\/section>\n\t\t\t\t<section class=\"elementor-section elementor-top-section elementor-element elementor-element-a4731a5 elementor-section-height-min-height elementor-section-items-bottom elementor-section-boxed elementor-section-height-default\" data-id=\"a4731a5\" data-element_type=\"section\" data-e-type=\"section\">\n\t\t\t\t\t\t<div class=\"elementor-container elementor-column-gap-narrow\">\n\t\t\t\t\t<div class=\"elementor-column elementor-col-33 elementor-top-column elementor-element elementor-element-5018424\" data-id=\"5018424\" data-element_type=\"column\" data-e-type=\"column\">\n\t\t\t<div class=\"elementor-widget-wrap elementor-element-populated\">\n\t\t\t\t\t\t<div class=\"elementor-element elementor-element-9083528 elementor-widget__width-initial elementor-widget elementor-widget-button\" data-id=\"9083528\" data-element_type=\"widget\" data-e-type=\"widget\" data-widget_type=\"button.default\">\n\t\t\t\t<div class=\"elementor-widget-container\">\n\t\t\t\t\t\t\t\t\t<div class=\"elementor-button-wrapper\">\n\t\t\t\t\t<a class=\"elementor-button elementor-button-link elementor-size-sm elementor-animation-pulse\" href=\"#BIONIK\">\n\t\t\t\t\t\t<span class=\"elementor-button-content-wrapper\">\n\t\t\t\t\t\t\t\t\t<span class=\"elementor-button-text\">LEER M\u00c1S<\/span>\n\t\t\t\t\t<\/span>\n\t\t\t\t\t<\/a>\n\t\t\t\t<\/div>\n\t\t\t\t\t\t\t\t<\/div>\n\t\t\t\t<\/div>\n\t\t\t\t\t<\/div>\n\t\t<\/div>\n\t\t\t\t<div class=\"elementor-column elementor-col-33 elementor-top-column elementor-element elementor-element-5918955\" data-id=\"5918955\" data-element_type=\"column\" data-e-type=\"column\">\n\t\t\t<div class=\"elementor-widget-wrap elementor-element-populated\">\n\t\t\t\t\t\t<div class=\"elementor-element elementor-element-1905ae7 elementor-widget elementor-widget-button\" data-id=\"1905ae7\" data-element_type=\"widget\" data-e-type=\"widget\" data-widget_type=\"button.default\">\n\t\t\t\t<div class=\"elementor-widget-container\">\n\t\t\t\t\t\t\t\t\t<div class=\"elementor-button-wrapper\">\n\t\t\t\t\t<a class=\"elementor-button elementor-button-link elementor-size-sm elementor-animation-pulse\" href=\"#FRICTION\">\n\t\t\t\t\t\t<span class=\"elementor-button-content-wrapper\">\n\t\t\t\t\t\t\t\t\t<span class=\"elementor-button-text\">LEER M\u00c1S<\/span>\n\t\t\t\t\t<\/span>\n\t\t\t\t\t<\/a>\n\t\t\t\t<\/div>\n\t\t\t\t\t\t\t\t<\/div>\n\t\t\t\t<\/div>\n\t\t\t\t\t<\/div>\n\t\t<\/div>\n\t\t\t\t<div class=\"elementor-column elementor-col-33 elementor-top-column elementor-element elementor-element-c94a468\" data-id=\"c94a468\" data-element_type=\"column\" data-e-type=\"column\">\n\t\t\t<div class=\"elementor-widget-wrap elementor-element-populated\">\n\t\t\t\t\t\t<div class=\"elementor-element elementor-element-2f9f4bc elementor-widget__width-initial elementor-widget elementor-widget-button\" data-id=\"2f9f4bc\" data-element_type=\"widget\" data-e-type=\"widget\" data-widget_type=\"button.default\">\n\t\t\t\t<div class=\"elementor-widget-container\">\n\t\t\t\t\t\t\t\t\t<div class=\"elementor-button-wrapper\">\n\t\t\t\t\t<a class=\"elementor-button elementor-button-link elementor-size-sm elementor-animation-pulse\" href=\"#WRAP\">\n\t\t\t\t\t\t<span class=\"elementor-button-content-wrapper\">\n\t\t\t\t\t\t\t\t\t<span class=\"elementor-button-text\">LEER M\u00c1S<\/span>\n\t\t\t\t\t<\/span>\n\t\t\t\t\t<\/a>\n\t\t\t\t<\/div>\n\t\t\t\t\t\t\t\t<\/div>\n\t\t\t\t<\/div>\n\t\t\t\t\t<\/div>\n\t\t<\/div>\n\t\t\t\t\t<\/div>\n\t\t<\/section>\n\t\t\t\t<section class=\"elementor-section elementor-top-section elementor-element elementor-element-d375ce5 elementor-section-boxed elementor-section-height-default elementor-section-height-default\" data-id=\"d375ce5\" data-element_type=\"section\" data-e-type=\"section\">\n\t\t\t\t\t\t<div class=\"elementor-container elementor-column-gap-default\">\n\t\t\t\t\t<div class=\"elementor-column elementor-col-100 elementor-top-column elementor-element elementor-element-f190b22\" data-id=\"f190b22\" data-element_type=\"column\" data-e-type=\"column\">\n\t\t\t<div class=\"elementor-widget-wrap elementor-element-populated\">\n\t\t\t\t\t\t<div class=\"elementor-element elementor-element-dbcb853 elementor-widget elementor-widget-spacer\" data-id=\"dbcb853\" data-element_type=\"widget\" data-e-type=\"widget\" data-widget_type=\"spacer.default\">\n\t\t\t\t<div class=\"elementor-widget-container\">\n\t\t\t\t\t\t\t<div class=\"elementor-spacer\">\n\t\t\t<div class=\"elementor-spacer-inner\"><\/div>\n\t\t<\/div>\n\t\t\t\t\t\t<\/div>\n\t\t\t\t<\/div>\n\t\t\t\t\t<\/div>\n\t\t<\/div>\n\t\t\t\t\t<\/div>\n\t\t<\/section>\n\t\t\t\t<section class=\"elementor-section elementor-top-section elementor-element elementor-element-8abb551 elementor-section-boxed elementor-section-height-default elementor-section-height-default\" data-id=\"8abb551\" data-element_type=\"section\" data-e-type=\"section\">\n\t\t\t\t\t\t<div class=\"elementor-container elementor-column-gap-default\">\n\t\t\t\t\t<div class=\"elementor-column elementor-col-100 elementor-top-column elementor-element elementor-element-41b97a1\" data-id=\"41b97a1\" data-element_type=\"column\" data-e-type=\"column\">\n\t\t\t<div class=\"elementor-widget-wrap elementor-element-populated\">\n\t\t\t\t\t\t<div class=\"elementor-element elementor-element-59251a8 elementor-widget elementor-widget-image\" data-id=\"59251a8\" data-element_type=\"widget\" data-e-type=\"widget\" data-widget_type=\"image.default\">\n\t\t\t\t<div class=\"elementor-widget-container\">\n\t\t\t\t\t\t\t\t\t\t\t\t\t\t\t<img fetchpriority=\"high\" decoding=\"async\" width=\"1024\" height=\"276\" src=\"https:\/\/proonesport.com\/wp-content\/uploads\/2023\/10\/portade-2-1024x276.png\" class=\"attachment-large size-large wp-image-7049\" alt=\"\" srcset=\"https:\/\/proonesport.com\/wp-content\/uploads\/2023\/10\/portade-2-1024x276.png 1024w, https:\/\/proonesport.com\/wp-content\/uploads\/2023\/10\/portade-2-300x81.png 300w, https:\/\/proonesport.com\/wp-content\/uploads\/2023\/10\/portade-2-768x207.png 768w, https:\/\/proonesport.com\/wp-content\/uploads\/2023\/10\/portade-2-1536x414.png 1536w, https:\/\/proonesport.com\/wp-content\/uploads\/2023\/10\/portade-2-2048x552.png 2048w, https:\/\/proonesport.com\/wp-content\/uploads\/2023\/10\/portade-2-18x5.png 18w, https:\/\/proonesport.com\/wp-content\/uploads\/2023\/10\/portade-2-1320x356.png 1320w, https:\/\/proonesport.com\/wp-content\/uploads\/2023\/10\/portade-2-600x162.png 600w\" sizes=\"(max-width: 1024px) 100vw, 1024px\" \/>\t\t\t\t\t\t\t\t\t\t\t\t\t\t\t<\/div>\n\t\t\t\t<\/div>\n\t\t\t\t\t<\/div>\n\t\t<\/div>\n\t\t\t\t\t<\/div>\n\t\t<\/section>\n\t\t\t\t<section class=\"elementor-section elementor-top-section elementor-element elementor-element-a0dfcea elementor-section-boxed elementor-section-height-default elementor-section-height-default\" data-id=\"a0dfcea\" data-element_type=\"section\" data-e-type=\"section\">\n\t\t\t\t\t\t<div class=\"elementor-container elementor-column-gap-default\">\n\t\t\t\t\t<div class=\"elementor-column elementor-col-100 elementor-top-column elementor-element elementor-element-49eaf4f\" data-id=\"49eaf4f\" data-element_type=\"column\" data-e-type=\"column\">\n\t\t\t<div class=\"elementor-widget-wrap elementor-element-populated\">\n\t\t\t\t\t\t<div class=\"elementor-element elementor-element-a936625 elementor-widget elementor-widget-heading\" data-id=\"a936625\" data-element_type=\"widget\" data-e-type=\"widget\" id=\"BIONIK\" data-widget_type=\"heading.default\">\n\t\t\t\t<div class=\"elementor-widget-container\">\n\t\t\t\t\t<h2 class=\"elementor-heading-title elementor-size-default\">BIONIK SUPPORT<\/h2>\t\t\t\t<\/div>\n\t\t\t\t<\/div>\n\t\t\t\t\t<\/div>\n\t\t<\/div>\n\t\t\t\t\t<\/div>\n\t\t<\/section>\n\t\t\t\t<section class=\"elementor-section elementor-top-section elementor-element elementor-element-e6091b3 elementor-section-boxed elementor-section-height-default elementor-section-height-default\" data-id=\"e6091b3\" data-element_type=\"section\" data-e-type=\"section\">\n\t\t\t\t\t\t<div class=\"elementor-container elementor-column-gap-default\">\n\t\t\t\t\t<div class=\"elementor-column elementor-col-100 elementor-top-column elementor-element elementor-element-6a453ae\" data-id=\"6a453ae\" data-element_type=\"column\" data-e-type=\"column\">\n\t\t\t<div class=\"elementor-widget-wrap elementor-element-populated\">\n\t\t\t\t\t\t<div class=\"elementor-element elementor-element-08c3ff6 elementor-widget elementor-widget-heading\" data-id=\"08c3ff6\" data-element_type=\"widget\" data-e-type=\"widget\" data-widget_type=\"heading.default\">\n\t\t\t\t<div class=\"elementor-widget-container\">\n\t\t\t\t\t<h2 class=\"elementor-heading-title elementor-size-default\">Es el sistema de protecci\u00f3n de dedos con cinco o cuatro VARILLAS de protecci\u00f3n extra\u00edbles, reduciendo el riesgo de lesiones, sin comprometer la comodidad y flexibilidad que el guante necesita.<\/h2>\t\t\t\t<\/div>\n\t\t\t\t<\/div>\n\t\t\t\t\t<\/div>\n\t\t<\/div>\n\t\t\t\t\t<\/div>\n\t\t<\/section>\n\t\t\t\t<section class=\"elementor-section elementor-top-section elementor-element elementor-element-dd19c47 elementor-section-boxed elementor-section-height-default elementor-section-height-default\" data-id=\"dd19c47\" data-element_type=\"section\" data-e-type=\"section\">\n\t\t\t\t\t\t<div class=\"elementor-container elementor-column-gap-default\">\n\t\t\t\t\t<div class=\"elementor-column elementor-col-100 elementor-top-column elementor-element elementor-element-9446d7f\" data-id=\"9446d7f\" data-element_type=\"column\" data-e-type=\"column\">\n\t\t\t<div class=\"elementor-widget-wrap elementor-element-populated\">\n\t\t\t\t\t\t<div class=\"elementor-element elementor-element-102cfbb elementor-widget elementor-widget-image\" data-id=\"102cfbb\" data-element_type=\"widget\" data-e-type=\"widget\" data-widget_type=\"image.default\">\n\t\t\t\t<div class=\"elementor-widget-container\">\n\t\t\t\t\t\t\t\t\t\t\t\t\t\t\t<img decoding=\"async\" width=\"2560\" height=\"1722\" src=\"https:\/\/proonesport.com\/wp-content\/uploads\/2023\/07\/varilla-1-scaled.jpg\" class=\"attachment-full size-full wp-image-3951\" alt=\"\" srcset=\"https:\/\/proonesport.com\/wp-content\/uploads\/2023\/07\/varilla-1-scaled.jpg 2560w, https:\/\/proonesport.com\/wp-content\/uploads\/2023\/07\/varilla-1-300x202.jpg 300w, https:\/\/proonesport.com\/wp-content\/uploads\/2023\/07\/varilla-1-scaled-600x404.jpg 600w, https:\/\/proonesport.com\/wp-content\/uploads\/2023\/07\/varilla-1-1024x689.jpg 1024w, https:\/\/proonesport.com\/wp-content\/uploads\/2023\/07\/varilla-1-768x516.jpg 768w, https:\/\/proonesport.com\/wp-content\/uploads\/2023\/07\/varilla-1-1536x1033.jpg 1536w, https:\/\/proonesport.com\/wp-content\/uploads\/2023\/07\/varilla-1-2048x1377.jpg 2048w, https:\/\/proonesport.com\/wp-content\/uploads\/2023\/07\/varilla-1-1320x888.jpg 1320w\" sizes=\"(max-width: 2560px) 100vw, 2560px\" \/>\t\t\t\t\t\t\t\t\t\t\t\t\t\t\t<\/div>\n\t\t\t\t<\/div>\n\t\t\t\t\t<\/div>\n\t\t<\/div>\n\t\t\t\t\t<\/div>\n\t\t<\/section>\n\t\t\t\t<section class=\"elementor-section elementor-top-section elementor-element elementor-element-5acdacb elementor-section-boxed elementor-section-height-default elementor-section-height-default\" data-id=\"5acdacb\" data-element_type=\"section\" data-e-type=\"section\" id=\"FRICTION\">\n\t\t\t\t\t\t<div class=\"elementor-container elementor-column-gap-default\">\n\t\t\t\t\t<div class=\"elementor-column elementor-col-100 elementor-top-column elementor-element elementor-element-724bc24\" data-id=\"724bc24\" data-element_type=\"column\" data-e-type=\"column\">\n\t\t\t<div class=\"elementor-widget-wrap elementor-element-populated\">\n\t\t\t\t\t\t<div class=\"elementor-element elementor-element-facd993 elementor-widget elementor-widget-heading\" data-id=\"facd993\" data-element_type=\"widget\" data-e-type=\"widget\" data-widget_type=\"heading.default\">\n\t\t\t\t<div class=\"elementor-widget-container\">\n\t\t\t\t\t<h2 class=\"elementor-heading-title elementor-size-default\">FRICTION GUARD<\/h2>\t\t\t\t<\/div>\n\t\t\t\t<\/div>\n\t\t\t\t\t<\/div>\n\t\t<\/div>\n\t\t\t\t\t<\/div>\n\t\t<\/section>\n\t\t\t\t<section class=\"elementor-section elementor-top-section elementor-element elementor-element-50f3b4c elementor-section-boxed elementor-section-height-default elementor-section-height-default\" data-id=\"50f3b4c\" data-element_type=\"section\" data-e-type=\"section\">\n\t\t\t\t\t\t<div class=\"elementor-container elementor-column-gap-default\">\n\t\t\t\t\t<div class=\"elementor-column elementor-col-100 elementor-top-column elementor-element elementor-element-e893881\" data-id=\"e893881\" data-element_type=\"column\" data-e-type=\"column\">\n\t\t\t<div class=\"elementor-widget-wrap elementor-element-populated\">\n\t\t\t\t\t\t<div class=\"elementor-element elementor-element-2b52040 elementor-widget elementor-widget-heading\" data-id=\"2b52040\" data-element_type=\"widget\" data-e-type=\"widget\" data-widget_type=\"heading.default\">\n\t\t\t\t<div class=\"elementor-widget-container\">\n\t\t\t\t\t<h2 class=\"elementor-heading-title elementor-size-default\">Soporte de PVC o l\u00e1tex en la base de la palma para alargar la vida \u00fatil de los guantes.<\/h2>\t\t\t\t<\/div>\n\t\t\t\t<\/div>\n\t\t\t\t\t<\/div>\n\t\t<\/div>\n\t\t\t\t\t<\/div>\n\t\t<\/section>\n\t\t\t\t<section class=\"elementor-section elementor-top-section elementor-element elementor-element-36df06e elementor-section-boxed elementor-section-height-default elementor-section-height-default\" data-id=\"36df06e\" data-element_type=\"section\" data-e-type=\"section\">\n\t\t\t\t\t\t<div class=\"elementor-container elementor-column-gap-default\">\n\t\t\t\t\t<div class=\"elementor-column elementor-col-100 elementor-top-column elementor-element elementor-element-f0373bc\" data-id=\"f0373bc\" data-element_type=\"column\" data-e-type=\"column\">\n\t\t\t<div class=\"elementor-widget-wrap elementor-element-populated\">\n\t\t\t\t\t\t<div class=\"elementor-element elementor-element-6592a68 elementor-widget elementor-widget-image\" data-id=\"6592a68\" data-element_type=\"widget\" data-e-type=\"widget\" data-widget_type=\"image.default\">\n\t\t\t\t<div class=\"elementor-widget-container\">\n\t\t\t\t\t\t\t\t\t\t\t\t\t\t\t<img decoding=\"async\" width=\"2560\" height=\"1722\" src=\"https:\/\/proonesport.com\/wp-content\/uploads\/2023\/07\/tecnology-friction-2-scaled.jpg\" class=\"attachment-full size-full wp-image-4038\" alt=\"\" srcset=\"https:\/\/proonesport.com\/wp-content\/uploads\/2023\/07\/tecnology-friction-2-scaled.jpg 2560w, https:\/\/proonesport.com\/wp-content\/uploads\/2023\/07\/tecnology-friction-2-300x202.jpg 300w, https:\/\/proonesport.com\/wp-content\/uploads\/2023\/07\/tecnology-friction-2-scaled-600x404.jpg 600w, https:\/\/proonesport.com\/wp-content\/uploads\/2023\/07\/tecnology-friction-2-1024x689.jpg 1024w, https:\/\/proonesport.com\/wp-content\/uploads\/2023\/07\/tecnology-friction-2-768x516.jpg 768w, https:\/\/proonesport.com\/wp-content\/uploads\/2023\/07\/tecnology-friction-2-1536x1033.jpg 1536w, https:\/\/proonesport.com\/wp-content\/uploads\/2023\/07\/tecnology-friction-2-2048x1377.jpg 2048w, https:\/\/proonesport.com\/wp-content\/uploads\/2023\/07\/tecnology-friction-2-1320x888.jpg 1320w\" sizes=\"(max-width: 2560px) 100vw, 2560px\" \/>\t\t\t\t\t\t\t\t\t\t\t\t\t\t\t<\/div>\n\t\t\t\t<\/div>\n\t\t\t\t\t<\/div>\n\t\t<\/div>\n\t\t\t\t\t<\/div>\n\t\t<\/section>\n\t\t\t\t<section class=\"elementor-section elementor-top-section elementor-element elementor-element-77b3b0f elementor-section-boxed elementor-section-height-default elementor-section-height-default\" data-id=\"77b3b0f\" data-element_type=\"section\" data-e-type=\"section\" id=\"WRAP\">\n\t\t\t\t\t\t<div class=\"elementor-container elementor-column-gap-default\">\n\t\t\t\t\t<div class=\"elementor-column elementor-col-100 elementor-top-column elementor-element elementor-element-d34d65f\" data-id=\"d34d65f\" data-element_type=\"column\" data-e-type=\"column\">\n\t\t\t<div class=\"elementor-widget-wrap elementor-element-populated\">\n\t\t\t\t\t\t<div class=\"elementor-element elementor-element-dae4a24 elementor-widget elementor-widget-heading\" data-id=\"dae4a24\" data-element_type=\"widget\" data-e-type=\"widget\" id=\"WRAP\" data-widget_type=\"heading.default\">\n\t\t\t\t<div class=\"elementor-widget-container\">\n\t\t\t\t\t<h2 class=\"elementor-heading-title elementor-size-default\">WRAP THUMB<\/h2>\t\t\t\t<\/div>\n\t\t\t\t<\/div>\n\t\t\t\t\t<\/div>\n\t\t<\/div>\n\t\t\t\t\t<\/div>\n\t\t<\/section>\n\t\t\t\t<section class=\"elementor-section elementor-top-section elementor-element elementor-element-829124d elementor-section-boxed elementor-section-height-default elementor-section-height-default\" data-id=\"829124d\" data-element_type=\"section\" data-e-type=\"section\">\n\t\t\t\t\t\t<div class=\"elementor-container elementor-column-gap-default\">\n\t\t\t\t\t<div class=\"elementor-column elementor-col-100 elementor-top-column elementor-element elementor-element-84eaf6b\" data-id=\"84eaf6b\" data-element_type=\"column\" data-e-type=\"column\">\n\t\t\t<div class=\"elementor-widget-wrap elementor-element-populated\">\n\t\t\t\t\t\t<div class=\"elementor-element elementor-element-12d97e7 elementor-widget elementor-widget-heading\" data-id=\"12d97e7\" data-element_type=\"widget\" data-e-type=\"widget\" data-widget_type=\"heading.default\">\n\t\t\t\t<div class=\"elementor-widget-container\">\n\t\t\t\t\t<h2 class=\"elementor-heading-title elementor-size-default\">El l\u00e1tex de la palma se extiende alrededor del interior del pulgar casi hasta la parte posterior.<\/h2>\t\t\t\t<\/div>\n\t\t\t\t<\/div>\n\t\t\t\t\t<\/div>\n\t\t<\/div>\n\t\t\t\t\t<\/div>\n\t\t<\/section>\n\t\t\t\t<section class=\"elementor-section elementor-top-section elementor-element elementor-element-8b2064b elementor-section-boxed elementor-section-height-default elementor-section-height-default\" data-id=\"8b2064b\" data-element_type=\"section\" data-e-type=\"section\" id=\"wa-rm\">\n\t\t\t\t\t\t<div class=\"elementor-container elementor-column-gap-default\">\n\t\t\t\t\t<div class=\"elementor-column elementor-col-100 elementor-top-column elementor-element elementor-element-6086514\" data-id=\"6086514\" data-element_type=\"column\" data-e-type=\"column\">\n\t\t\t<div class=\"elementor-widget-wrap elementor-element-populated\">\n\t\t\t\t\t\t<div class=\"elementor-element elementor-element-c0d0811 elementor-widget elementor-widget-image\" data-id=\"c0d0811\" data-element_type=\"widget\" data-e-type=\"widget\" data-widget_type=\"image.default\">\n\t\t\t\t<div class=\"elementor-widget-container\">\n\t\t\t\t\t\t\t\t\t\t\t\t\t\t\t<img loading=\"lazy\" decoding=\"async\" width=\"2560\" height=\"1722\" src=\"https:\/\/proonesport.com\/wp-content\/uploads\/2023\/07\/tecnology-wrap-2-scaled.jpg\" class=\"attachment-full size-full wp-image-3953\" alt=\"\" srcset=\"https:\/\/proonesport.com\/wp-content\/uploads\/2023\/07\/tecnology-wrap-2-scaled.jpg 2560w, https:\/\/proonesport.com\/wp-content\/uploads\/2023\/07\/tecnology-wrap-2-300x202.jpg 300w, https:\/\/proonesport.com\/wp-content\/uploads\/2023\/07\/tecnology-wrap-2-scaled-600x404.jpg 600w, https:\/\/proonesport.com\/wp-content\/uploads\/2023\/07\/tecnology-wrap-2-1024x689.jpg 1024w, https:\/\/proonesport.com\/wp-content\/uploads\/2023\/07\/tecnology-wrap-2-768x516.jpg 768w, https:\/\/proonesport.com\/wp-content\/uploads\/2023\/07\/tecnology-wrap-2-1536x1033.jpg 1536w, https:\/\/proonesport.com\/wp-content\/uploads\/2023\/07\/tecnology-wrap-2-2048x1377.jpg 2048w, https:\/\/proonesport.com\/wp-content\/uploads\/2023\/07\/tecnology-wrap-2-1320x888.jpg 1320w\" sizes=\"(max-width: 2560px) 100vw, 2560px\" \/>\t\t\t\t\t\t\t\t\t\t\t\t\t\t\t<\/div>\n\t\t\t\t<\/div>\n\t\t\t\t\t<\/div>\n\t\t<\/div>\n\t\t\t\t\t<\/div>\n\t\t<\/section>\n\t\t\t\t<\/div>","protected":false},"excerpt":{"rendered":"<p>BIONIK SUPPORT FRICTION GUARD WRAP THUMB LEER M\u00c1S LEER M\u00c1S LEER M\u00c1S BIONIK SUPPORT Es el sistema de protecci\u00f3n de dedos con cinco o cuatro VARILLAS de protecci\u00f3n extra\u00edbles, reduciendo el riesgo de lesiones, sin comprometer la comodidad y flexibilidad que el guante necesita. FRICTION GUARD Soporte de PVC o l\u00e1tex en la base de &hellip;<\/p>\n<p class=\"read-more\"> <a class=\"\" href=\"https:\/\/proonesport.com\/es\/tecnologia\/\"> <span class=\"screen-reader-text\">TECNOLOG\u00cdA<\/span> Read More &raquo;<\/a><\/p>","protected":false},"author":2,"featured_media":0,"parent":0,"menu_order":0,"comment_status":"closed","ping_status":"closed","template":"","meta":{"om_disable_all_campaigns":false,"_monsterinsights_skip_tracking":false,"_monsterinsights_sitenote_active":false,"_monsterinsights_sitenote_note":"","_monsterinsights_sitenote_category":0,"site-sidebar-layout":"no-sidebar","site-content-layout":"page-builder","ast-global-header-display":"","ast-main-header-display":"","ast-hfb-above-header-display":"","ast-hfb-below-header-display":"","ast-hfb-mobile-header-display":"","site-post-title":"disabled","ast-breadcrumbs-content":"","ast-featured-img":"disabled","footer-sml-layout":"","theme-transparent-header-meta":"","adv-header-id-meta":"","stick-header-meta":"","header-above-stick-meta":"","header-main-stick-meta":"","header-below-stick-meta":"","footnotes":""},"class_list":["post-7039","page","type-page","status-publish","hentry"],"aioseo_notices":[],"jetpack_sharing_enabled":true,"_links":{"self":[{"href":"https:\/\/proonesport.com\/es\/wp-json\/wp\/v2\/pages\/7039","targetHints":{"allow":["GET"]}}],"collection":[{"href":"https:\/\/proonesport.com\/es\/wp-json\/wp\/v2\/pages"}],"about":[{"href":"https:\/\/proonesport.com\/es\/wp-json\/wp\/v2\/types\/page"}],"author":[{"embeddable":true,"href":"https:\/\/proonesport.com\/es\/wp-json\/wp\/v2\/users\/2"}],"replies":[{"embeddable":true,"href":"https:\/\/proonesport.com\/es\/wp-json\/wp\/v2\/comments?post=7039"}],"version-history":[{"count":7,"href":"https:\/\/proonesport.com\/es\/wp-json\/wp\/v2\/pages\/7039\/revisions"}],"predecessor-version":[{"id":7052,"href":"https:\/\/proonesport.com\/es\/wp-json\/wp\/v2\/pages\/7039\/revisions\/7052"}],"wp:attachment":[{"href":"https:\/\/proonesport.com\/es\/wp-json\/wp\/v2\/media?parent=7039"}],"curies":[{"name":"wp","href":"https:\/\/api.w.org\/{rel}","templated":true}]}}