{"id":7032,"date":"2023-10-25T21:30:07","date_gmt":"2023-10-25T21:30:07","guid":{"rendered":"https:\/\/proonesport.com\/?page_id=7032"},"modified":"2023-10-25T21:34:04","modified_gmt":"2023-10-25T21:34:04","slug":"palma","status":"publish","type":"page","link":"https:\/\/proonesport.com\/es\/palma\/","title":{"rendered":"PALMA"},"content":{"rendered":"<div data-elementor-type=\"wp-page\" data-elementor-id=\"7032\" class=\"elementor elementor-7032\">\n\t\t\t\t\t\t\t\t\t<section class=\"elementor-section elementor-top-section elementor-element elementor-element-0328c79 elementor-section-boxed elementor-section-height-default elementor-section-height-default\" data-id=\"0328c79\" data-element_type=\"section\">\n\t\t\t\t\t\t<div class=\"elementor-container elementor-column-gap-default\">\n\t\t\t\t\t<div class=\"elementor-column elementor-col-33 elementor-top-column elementor-element elementor-element-9367442\" data-id=\"9367442\" data-element_type=\"column\">\n\t\t\t<div class=\"elementor-widget-wrap elementor-element-populated\">\n\t\t\t\t\t\t\t\t<div class=\"elementor-element elementor-element-a4cd466 elementor-widget__width-initial elementor-widget elementor-widget-image\" data-id=\"a4cd466\" data-element_type=\"widget\" data-widget_type=\"image.default\">\n\t\t\t\t<div class=\"elementor-widget-container\">\n\t\t\t<style>\/*! elementor - v3.13.2 - 11-05-2023 *\/\n.elementor-widget-image{text-align:center}.elementor-widget-image a{display:inline-block}.elementor-widget-image a img[src$=\".svg\"]{width:48px}.elementor-widget-image img{vertical-align:middle;display:inline-block}<\/style>\t\t\t\t\t\t\t\t\t\t\t\t<img decoding=\"async\" width=\"1966\" height=\"987\" src=\"https:\/\/proonesport.com\/wp-content\/uploads\/2023\/07\/CONTACT-GRIP-1_d_.png\" class=\"attachment-full size-full wp-image-3879\" alt=\"\" loading=\"lazy\" srcset=\"https:\/\/proonesport.com\/wp-content\/uploads\/2023\/07\/CONTACT-GRIP-1_d_.png 1966w, https:\/\/proonesport.com\/wp-content\/uploads\/2023\/07\/CONTACT-GRIP-1_d_-300x151.png 300w, https:\/\/proonesport.com\/wp-content\/uploads\/2023\/07\/CONTACT-GRIP-1_d_-600x301.png 600w, https:\/\/proonesport.com\/wp-content\/uploads\/2023\/07\/CONTACT-GRIP-1_d_-1024x514.png 1024w, https:\/\/proonesport.com\/wp-content\/uploads\/2023\/07\/CONTACT-GRIP-1_d_-768x386.png 768w, https:\/\/proonesport.com\/wp-content\/uploads\/2023\/07\/CONTACT-GRIP-1_d_-1536x771.png 1536w, https:\/\/proonesport.com\/wp-content\/uploads\/2023\/07\/CONTACT-GRIP-1_d_-1320x663.png 1320w\" sizes=\"(max-width: 1966px) 100vw, 1966px\" \/>\t\t\t\t\t\t\t\t\t\t\t\t\t\t\t<\/div>\n\t\t\t\t<\/div>\n\t\t\t\t\t<\/div>\n\t\t<\/div>\n\t\t\t\t<div class=\"elementor-column elementor-col-33 elementor-top-column elementor-element elementor-element-0b24187\" data-id=\"0b24187\" data-element_type=\"column\">\n\t\t\t<div class=\"elementor-widget-wrap elementor-element-populated\">\n\t\t\t\t\t\t\t\t<div class=\"elementor-element elementor-element-1f94ff6 elementor-widget__width-initial elementor-widget elementor-widget-image\" data-id=\"1f94ff6\" data-element_type=\"widget\" data-widget_type=\"image.default\">\n\t\t\t\t<div class=\"elementor-widget-container\">\n\t\t\t\t\t\t\t\t\t\t\t\t\t\t\t<img decoding=\"async\" width=\"1966\" height=\"987\" src=\"https:\/\/proonesport.com\/wp-content\/uploads\/2023\/07\/XTOR-GRIP-2__.png\" class=\"attachment-full size-full wp-image-3882\" alt=\"\" loading=\"lazy\" srcset=\"https:\/\/proonesport.com\/wp-content\/uploads\/2023\/07\/XTOR-GRIP-2__.png 1966w, https:\/\/proonesport.com\/wp-content\/uploads\/2023\/07\/XTOR-GRIP-2__-300x151.png 300w, https:\/\/proonesport.com\/wp-content\/uploads\/2023\/07\/XTOR-GRIP-2__-600x301.png 600w, https:\/\/proonesport.com\/wp-content\/uploads\/2023\/07\/XTOR-GRIP-2__-1024x514.png 1024w, https:\/\/proonesport.com\/wp-content\/uploads\/2023\/07\/XTOR-GRIP-2__-768x386.png 768w, https:\/\/proonesport.com\/wp-content\/uploads\/2023\/07\/XTOR-GRIP-2__-1536x771.png 1536w, https:\/\/proonesport.com\/wp-content\/uploads\/2023\/07\/XTOR-GRIP-2__-1320x663.png 1320w\" sizes=\"(max-width: 1966px) 100vw, 1966px\" \/>\t\t\t\t\t\t\t\t\t\t\t\t\t\t\t<\/div>\n\t\t\t\t<\/div>\n\t\t\t\t\t<\/div>\n\t\t<\/div>\n\t\t\t\t<div class=\"elementor-column elementor-col-33 elementor-top-column elementor-element elementor-element-2a8e947\" data-id=\"2a8e947\" data-element_type=\"column\">\n\t\t\t<div class=\"elementor-widget-wrap elementor-element-populated\">\n\t\t\t\t\t\t\t\t<div class=\"elementor-element elementor-element-028e8a6 elementor-widget__width-initial elementor-widget elementor-widget-image\" data-id=\"028e8a6\" data-element_type=\"widget\" data-widget_type=\"image.default\">\n\t\t\t\t<div class=\"elementor-widget-container\">\n\t\t\t\t\t\t\t\t\t\t\t\t\t\t\t<img decoding=\"async\" width=\"1966\" height=\"987\" src=\"https:\/\/proonesport.com\/wp-content\/uploads\/2023\/07\/SILI-GRIP-3__.png\" class=\"attachment-full size-full wp-image-3881\" alt=\"\" loading=\"lazy\" srcset=\"https:\/\/proonesport.com\/wp-content\/uploads\/2023\/07\/SILI-GRIP-3__.png 1966w, https:\/\/proonesport.com\/wp-content\/uploads\/2023\/07\/SILI-GRIP-3__-300x151.png 300w, https:\/\/proonesport.com\/wp-content\/uploads\/2023\/07\/SILI-GRIP-3__-600x301.png 600w, https:\/\/proonesport.com\/wp-content\/uploads\/2023\/07\/SILI-GRIP-3__-1024x514.png 1024w, https:\/\/proonesport.com\/wp-content\/uploads\/2023\/07\/SILI-GRIP-3__-768x386.png 768w, https:\/\/proonesport.com\/wp-content\/uploads\/2023\/07\/SILI-GRIP-3__-1536x771.png 1536w, https:\/\/proonesport.com\/wp-content\/uploads\/2023\/07\/SILI-GRIP-3__-1320x663.png 1320w\" sizes=\"(max-width: 1966px) 100vw, 1966px\" \/>\t\t\t\t\t\t\t\t\t\t\t\t\t\t\t<\/div>\n\t\t\t\t<\/div>\n\t\t\t\t\t<\/div>\n\t\t<\/div>\n\t\t\t\t\t\t\t<\/div>\n\t\t<\/section>\n\t\t\t\t<section class=\"elementor-section elementor-top-section elementor-element elementor-element-b235200 elementor-section-boxed elementor-section-height-default elementor-section-height-default\" data-id=\"b235200\" data-element_type=\"section\">\n\t\t\t\t\t\t<div class=\"elementor-container elementor-column-gap-default\">\n\t\t\t\t\t<div class=\"elementor-column elementor-col-33 elementor-top-column elementor-element elementor-element-771439c\" data-id=\"771439c\" data-element_type=\"column\">\n\t\t\t<div class=\"elementor-widget-wrap elementor-element-populated\">\n\t\t\t\t\t\t\t\t<div class=\"elementor-element elementor-element-6ccd555 elementor-widget__width-initial elementor-widget elementor-widget-text-editor\" data-id=\"6ccd555\" data-element_type=\"widget\" data-widget_type=\"text-editor.default\">\n\t\t\t\t<div class=\"elementor-widget-container\">\n\t\t\t<style>\/*! elementor - v3.13.2 - 11-05-2023 *\/\n.elementor-widget-text-editor.elementor-drop-cap-view-stacked .elementor-drop-cap{background-color:#69727d;color:#fff}.elementor-widget-text-editor.elementor-drop-cap-view-framed .elementor-drop-cap{color:#69727d;border:3px solid;background-color:transparent}.elementor-widget-text-editor:not(.elementor-drop-cap-view-default) .elementor-drop-cap{margin-top:8px}.elementor-widget-text-editor:not(.elementor-drop-cap-view-default) .elementor-drop-cap-letter{width:1em;height:1em}.elementor-widget-text-editor .elementor-drop-cap{float:left;text-align:center;line-height:1;font-size:50px}.elementor-widget-text-editor .elementor-drop-cap-letter{display:inline-block}<\/style>\t\t\t\t<p>L\u00e1tex Alem\u00e1n, asegura ampliamente la calidad del agarre, elaborado con una capa de l\u00e1tex de 4 mm brindando al portero mucha seguridad y confianza al momento de atrapar el bal\u00f3n, mejorando la absorci\u00f3n de impactos. Este l\u00e1tex es de primera calidad, suave y d\u00f3cil, con excelentes propiedades para uso en diferentes tipos de superficies y climas.<\/p>\t\t\t\t\t\t<\/div>\n\t\t\t\t<\/div>\n\t\t\t\t\t<\/div>\n\t\t<\/div>\n\t\t\t\t<div class=\"elementor-column elementor-col-33 elementor-top-column elementor-element elementor-element-2315b67\" data-id=\"2315b67\" data-element_type=\"column\">\n\t\t\t<div class=\"elementor-widget-wrap elementor-element-populated\">\n\t\t\t\t\t\t\t\t<div class=\"elementor-element elementor-element-172f3ab elementor-widget__width-initial e-transform elementor-widget elementor-widget-text-editor\" data-id=\"172f3ab\" data-element_type=\"widget\" data-settings=\"{&quot;_transform_translateX_effect&quot;:{&quot;unit&quot;:&quot;px&quot;,&quot;size&quot;:44,&quot;sizes&quot;:[]},&quot;_transform_translateX_effect_widescreen&quot;:{&quot;unit&quot;:&quot;px&quot;,&quot;size&quot;:&quot;&quot;,&quot;sizes&quot;:[]},&quot;_transform_translateX_effect_laptop&quot;:{&quot;unit&quot;:&quot;px&quot;,&quot;size&quot;:&quot;&quot;,&quot;sizes&quot;:[]},&quot;_transform_translateX_effect_tablet_extra&quot;:{&quot;unit&quot;:&quot;px&quot;,&quot;size&quot;:&quot;&quot;,&quot;sizes&quot;:[]},&quot;_transform_translateX_effect_tablet&quot;:{&quot;unit&quot;:&quot;px&quot;,&quot;size&quot;:&quot;&quot;,&quot;sizes&quot;:[]},&quot;_transform_translateX_effect_mobile_extra&quot;:{&quot;unit&quot;:&quot;px&quot;,&quot;size&quot;:&quot;&quot;,&quot;sizes&quot;:[]},&quot;_transform_translateX_effect_mobile&quot;:{&quot;unit&quot;:&quot;px&quot;,&quot;size&quot;:&quot;&quot;,&quot;sizes&quot;:[]},&quot;_transform_translateY_effect&quot;:{&quot;unit&quot;:&quot;px&quot;,&quot;size&quot;:&quot;&quot;,&quot;sizes&quot;:[]},&quot;_transform_translateY_effect_widescreen&quot;:{&quot;unit&quot;:&quot;px&quot;,&quot;size&quot;:&quot;&quot;,&quot;sizes&quot;:[]},&quot;_transform_translateY_effect_laptop&quot;:{&quot;unit&quot;:&quot;px&quot;,&quot;size&quot;:&quot;&quot;,&quot;sizes&quot;:[]},&quot;_transform_translateY_effect_tablet_extra&quot;:{&quot;unit&quot;:&quot;px&quot;,&quot;size&quot;:&quot;&quot;,&quot;sizes&quot;:[]},&quot;_transform_translateY_effect_tablet&quot;:{&quot;unit&quot;:&quot;px&quot;,&quot;size&quot;:&quot;&quot;,&quot;sizes&quot;:[]},&quot;_transform_translateY_effect_mobile_extra&quot;:{&quot;unit&quot;:&quot;px&quot;,&quot;size&quot;:&quot;&quot;,&quot;sizes&quot;:[]},&quot;_transform_translateY_effect_mobile&quot;:{&quot;unit&quot;:&quot;px&quot;,&quot;size&quot;:&quot;&quot;,&quot;sizes&quot;:[]}}\" data-widget_type=\"text-editor.default\">\n\t\t\t\t<div class=\"elementor-widget-container\">\n\t\t\t\t\t\t\t<p>El l\u00e1tex alem\u00e1n ofrece un agarre de alto rendimiento y una excelente absorci\u00f3n de impactos. Altamente elegido por los porteros profesionales.<\/p>\t\t\t\t\t\t<\/div>\n\t\t\t\t<\/div>\n\t\t\t\t\t<\/div>\n\t\t<\/div>\n\t\t\t\t<div class=\"elementor-column elementor-col-33 elementor-top-column elementor-element elementor-element-5d586ed\" data-id=\"5d586ed\" data-element_type=\"column\">\n\t\t\t<div class=\"elementor-widget-wrap elementor-element-populated\">\n\t\t\t\t\t\t\t\t<div class=\"elementor-element elementor-element-c6b2691 elementor-widget__width-initial elementor-widget elementor-widget-text-editor\" data-id=\"c6b2691\" data-element_type=\"widget\" data-widget_type=\"text-editor.default\">\n\t\t\t\t<div class=\"elementor-widget-container\">\n\t\t\t\t\t\t\t<p>L\u00e1tex Alem\u00e1n, con un nuevo desarrollo y el cambio m\u00e1s revolucionario en la tecnolog\u00eda del l\u00e1tex de los \u00faltimos a\u00f1os, que ofrece un 20% m\u00e1s que SuperSoft, m\u00e1s absorci\u00f3n de impactos que el l\u00e1tex de menor densidad, aumentando adem\u00e1s su durabilidad en todo tipo de clima.<\/p>\t\t\t\t\t\t<\/div>\n\t\t\t\t<\/div>\n\t\t\t\t\t<\/div>\n\t\t<\/div>\n\t\t\t\t\t\t\t<\/div>\n\t\t<\/section>\n\t\t\t\t<section class=\"elementor-section elementor-top-section elementor-element elementor-element-47fab12 elementor-section-boxed elementor-section-height-default elementor-section-height-default\" data-id=\"47fab12\" data-element_type=\"section\">\n\t\t\t\t\t\t<div class=\"elementor-container elementor-column-gap-default\">\n\t\t\t\t\t<div class=\"elementor-column elementor-col-33 elementor-top-column elementor-element elementor-element-c23e64d\" data-id=\"c23e64d\" data-element_type=\"column\">\n\t\t\t<div class=\"elementor-widget-wrap elementor-element-populated\">\n\t\t\t\t\t\t\t\t<div class=\"elementor-element elementor-element-10d0dd2 elementor-widget__width-initial elementor-widget elementor-widget-image\" data-id=\"10d0dd2\" data-element_type=\"widget\" data-widget_type=\"image.default\">\n\t\t\t\t<div class=\"elementor-widget-container\">\n\t\t\t\t\t\t\t\t\t\t\t\t\t\t\t<img decoding=\"async\" width=\"1966\" height=\"987\" src=\"https:\/\/proonesport.com\/wp-content\/uploads\/2023\/07\/TERRAIN-GRIP-4_-1.png\" class=\"attachment-full size-full wp-image-4054\" alt=\"\" loading=\"lazy\" srcset=\"https:\/\/proonesport.com\/wp-content\/uploads\/2023\/07\/TERRAIN-GRIP-4_-1.png 1966w, https:\/\/proonesport.com\/wp-content\/uploads\/2023\/07\/TERRAIN-GRIP-4_-1-300x151.png 300w, https:\/\/proonesport.com\/wp-content\/uploads\/2023\/07\/TERRAIN-GRIP-4_-1-600x301.png 600w, https:\/\/proonesport.com\/wp-content\/uploads\/2023\/07\/TERRAIN-GRIP-4_-1-1024x514.png 1024w, https:\/\/proonesport.com\/wp-content\/uploads\/2023\/07\/TERRAIN-GRIP-4_-1-768x386.png 768w, https:\/\/proonesport.com\/wp-content\/uploads\/2023\/07\/TERRAIN-GRIP-4_-1-1536x771.png 1536w, https:\/\/proonesport.com\/wp-content\/uploads\/2023\/07\/TERRAIN-GRIP-4_-1-1320x663.png 1320w\" sizes=\"(max-width: 1966px) 100vw, 1966px\" \/>\t\t\t\t\t\t\t\t\t\t\t\t\t\t\t<\/div>\n\t\t\t\t<\/div>\n\t\t\t\t\t<\/div>\n\t\t<\/div>\n\t\t\t\t<div class=\"elementor-column elementor-col-33 elementor-top-column elementor-element elementor-element-dc61e81\" data-id=\"dc61e81\" data-element_type=\"column\">\n\t\t\t<div class=\"elementor-widget-wrap elementor-element-populated\">\n\t\t\t\t\t\t\t\t<div class=\"elementor-element elementor-element-bc2a8ae elementor-widget__width-initial elementor-widget elementor-widget-image\" data-id=\"bc2a8ae\" data-element_type=\"widget\" data-widget_type=\"image.default\">\n\t\t\t\t<div class=\"elementor-widget-container\">\n\t\t\t\t\t\t\t\t\t\t\t\t\t\t\t<img decoding=\"async\" width=\"1966\" height=\"987\" src=\"https:\/\/proonesport.com\/wp-content\/uploads\/2023\/07\/TERRAIN-GRIP-4____.png\" class=\"attachment-full size-full wp-image-4053\" alt=\"\" loading=\"lazy\" srcset=\"https:\/\/proonesport.com\/wp-content\/uploads\/2023\/07\/TERRAIN-GRIP-4____.png 1966w, https:\/\/proonesport.com\/wp-content\/uploads\/2023\/07\/TERRAIN-GRIP-4____-300x151.png 300w, https:\/\/proonesport.com\/wp-content\/uploads\/2023\/07\/TERRAIN-GRIP-4____-600x301.png 600w, https:\/\/proonesport.com\/wp-content\/uploads\/2023\/07\/TERRAIN-GRIP-4____-1024x514.png 1024w, https:\/\/proonesport.com\/wp-content\/uploads\/2023\/07\/TERRAIN-GRIP-4____-768x386.png 768w, https:\/\/proonesport.com\/wp-content\/uploads\/2023\/07\/TERRAIN-GRIP-4____-1536x771.png 1536w, https:\/\/proonesport.com\/wp-content\/uploads\/2023\/07\/TERRAIN-GRIP-4____-1320x663.png 1320w\" sizes=\"(max-width: 1966px) 100vw, 1966px\" \/>\t\t\t\t\t\t\t\t\t\t\t\t\t\t\t<\/div>\n\t\t\t\t<\/div>\n\t\t\t\t\t<\/div>\n\t\t<\/div>\n\t\t\t\t<div class=\"elementor-column elementor-col-33 elementor-top-column elementor-element elementor-element-08fa40b\" data-id=\"08fa40b\" data-element_type=\"column\">\n\t\t\t<div class=\"elementor-widget-wrap elementor-element-populated\">\n\t\t\t\t\t\t\t\t<div class=\"elementor-element elementor-element-b986221 elementor-widget elementor-widget-image\" data-id=\"b986221\" data-element_type=\"widget\" data-widget_type=\"image.default\">\n\t\t\t\t<div class=\"elementor-widget-container\">\n\t\t\t\t\t\t\t\t\t\t\t\t\t\t\t<img decoding=\"async\" width=\"325\" height=\"320\" src=\"https:\/\/proonesport.com\/wp-content\/uploads\/2023\/07\/7e54b557940837.59e95cc5408d5.png\" class=\"attachment-full size-full wp-image-3824\" alt=\"\" loading=\"lazy\" srcset=\"https:\/\/proonesport.com\/wp-content\/uploads\/2023\/07\/7e54b557940837.59e95cc5408d5.png 325w, https:\/\/proonesport.com\/wp-content\/uploads\/2023\/07\/7e54b557940837.59e95cc5408d5-300x295.png 300w, https:\/\/proonesport.com\/wp-content\/uploads\/2023\/07\/7e54b557940837.59e95cc5408d5-50x50.png 50w\" sizes=\"(max-width: 325px) 100vw, 325px\" \/>\t\t\t\t\t\t\t\t\t\t\t\t\t\t\t<\/div>\n\t\t\t\t<\/div>\n\t\t\t\t\t<\/div>\n\t\t<\/div>\n\t\t\t\t\t\t\t<\/div>\n\t\t<\/section>\n\t\t\t\t<section class=\"elementor-section elementor-top-section elementor-element elementor-element-7d2a116 elementor-section-boxed elementor-section-height-default elementor-section-height-default\" data-id=\"7d2a116\" data-element_type=\"section\">\n\t\t\t\t\t\t<div class=\"elementor-container elementor-column-gap-default\">\n\t\t\t\t\t<div class=\"elementor-column elementor-col-33 elementor-top-column elementor-element elementor-element-13651dd\" data-id=\"13651dd\" data-element_type=\"column\">\n\t\t\t<div class=\"elementor-widget-wrap elementor-element-populated\">\n\t\t\t\t\t\t\t\t<div class=\"elementor-element elementor-element-8ef887c elementor-widget__width-initial elementor-widget elementor-widget-text-editor\" data-id=\"8ef887c\" data-element_type=\"widget\" data-widget_type=\"text-editor.default\">\n\t\t\t\t<div class=\"elementor-widget-container\">\n\t\t\t\t\t\t\t<p>Esta formulaci\u00f3n est\u00e1 dise\u00f1ada para c\u00e9sped de campo, la palma ha sido especialmente comprimida para ofrecer mayor resistencia a la abrasi\u00f3n, siendo este su punto fuerte. La rugosidad de su dise\u00f1o lo hace ideal para su uso en campos de c\u00e9sped artificial o tierra, donde las part\u00edculas quedan entre estos &#8220;huecos&#8221;, permitiendo as\u00ed que no afecten tanto al contacto con la pelota.<\/p>\t\t\t\t\t\t<\/div>\n\t\t\t\t<\/div>\n\t\t\t\t\t<\/div>\n\t\t<\/div>\n\t\t\t\t<div class=\"elementor-column elementor-col-33 elementor-top-column elementor-element elementor-element-c80226a\" data-id=\"c80226a\" data-element_type=\"column\">\n\t\t\t<div class=\"elementor-widget-wrap elementor-element-populated\">\n\t\t\t\t\t\t\t\t<div class=\"elementor-element elementor-element-9fef81b elementor-widget elementor-widget-text-editor\" data-id=\"9fef81b\" data-element_type=\"widget\" data-widget_type=\"text-editor.default\">\n\t\t\t\t<div class=\"elementor-widget-container\">\n\t\t\t\t\t\t\t<p>Esta palma es un desarrollo de materiales sint\u00e9ticos donde prima una alt\u00edsima resistencia a la abrasi\u00f3n, con agarre limitado, pero dise\u00f1ada para arqueros que se inician, o que juegan en superficies de alta abrasi\u00f3n.<\/p>\t\t\t\t\t\t<\/div>\n\t\t\t\t<\/div>\n\t\t\t\t\t<\/div>\n\t\t<\/div>\n\t\t\t\t<div class=\"elementor-column elementor-col-33 elementor-top-column elementor-element elementor-element-cffaff3\" data-id=\"cffaff3\" data-element_type=\"column\">\n\t\t\t<div class=\"elementor-widget-wrap\">\n\t\t\t\t\t\t\t\t\t<\/div>\n\t\t<\/div>\n\t\t\t\t\t\t\t<\/div>\n\t\t<\/section>\n\t\t\t\t\t\t\t<\/div>","protected":false},"excerpt":{"rendered":"<p>L\u00e1tex Alem\u00e1n, asegura ampliamente la calidad del agarre, elaborado con una capa de l\u00e1tex de 4 mm brindando al portero mucha seguridad y confianza al momento de atrapar el bal\u00f3n, mejorando la absorci\u00f3n de impactos. Este l\u00e1tex es de primera calidad, suave y d\u00f3cil, con excelentes propiedades para uso en diferentes tipos de superficies y &hellip;<\/p>\n<p class=\"read-more\"> <a class=\"\" href=\"https:\/\/proonesport.com\/es\/palma\/\"> <span class=\"screen-reader-text\">PALMA<\/span> Read More &raquo;<\/a><\/p>","protected":false},"author":2,"featured_media":0,"parent":0,"menu_order":0,"comment_status":"closed","ping_status":"closed","template":"","meta":{"om_disable_all_campaigns":false,"_monsterinsights_skip_tracking":false,"_monsterinsights_sitenote_active":false,"_monsterinsights_sitenote_note":"","_monsterinsights_sitenote_category":0,"site-sidebar-layout":"no-sidebar","site-content-layout":"page-builder","ast-global-header-display":"","ast-main-header-display":"","ast-hfb-above-header-display":"","ast-hfb-below-header-display":"","ast-hfb-mobile-header-display":"","site-post-title":"disabled","ast-breadcrumbs-content":"","ast-featured-img":"disabled","footer-sml-layout":"","theme-transparent-header-meta":"","adv-header-id-meta":"","stick-header-meta":"","header-above-stick-meta":"","header-main-stick-meta":"","header-below-stick-meta":""},"aioseo_notices":[],"_links":{"self":[{"href":"https:\/\/proonesport.com\/es\/wp-json\/wp\/v2\/pages\/7032"}],"collection":[{"href":"https:\/\/proonesport.com\/es\/wp-json\/wp\/v2\/pages"}],"about":[{"href":"https:\/\/proonesport.com\/es\/wp-json\/wp\/v2\/types\/page"}],"author":[{"embeddable":true,"href":"https:\/\/proonesport.com\/es\/wp-json\/wp\/v2\/users\/2"}],"replies":[{"embeddable":true,"href":"https:\/\/proonesport.com\/es\/wp-json\/wp\/v2\/comments?post=7032"}],"version-history":[{"count":4,"href":"https:\/\/proonesport.com\/es\/wp-json\/wp\/v2\/pages\/7032\/revisions"}],"predecessor-version":[{"id":7037,"href":"https:\/\/proonesport.com\/es\/wp-json\/wp\/v2\/pages\/7032\/revisions\/7037"}],"wp:attachment":[{"href":"https:\/\/proonesport.com\/es\/wp-json\/wp\/v2\/media?parent=7032"}],"curies":[{"name":"wp","href":"https:\/\/api.w.org\/{rel}","templated":true}]}}